{"id":12,"date":"2026-02-10T10:45:59","date_gmt":"2026-02-10T10:45:59","guid":{"rendered":"https:\/\/gmevents.es\/?page_id=12"},"modified":"2026-03-04T12:41:51","modified_gmt":"2026-03-04T12:41:51","slug":"quienes-somos","status":"publish","type":"page","link":"https:\/\/gmevents.es\/en\/quienes-somos\/","title":{"rendered":"About us"},"content":{"rendered":"<p>[et_pb_section fb_built=\u00bb1&#8243; _builder_version=\u00bb4.27.5&#8243; _module_preset=\u00bbdefault\u00bb custom_margin=\u00bb35px||||false|false\u00bb custom_padding=\u00bb3px||44px||false|false\u00bb global_colors_info=\u00bb{}\u00bb][et_pb_row _builder_version=\u00bb4.27.5&#8243; _module_preset=\u00bbdefault\u00bb global_colors_info=\u00bb{}\u00bb][et_pb_column type=\u00bb4_4&#8243; _builder_version=\u00bb4.27.5&#8243; _module_preset=\u00bbdefault\u00bb global_colors_info=\u00bb{}\u00bb][et_pb_text _builder_version=\u00bb4.27.5&#8243; _module_preset=\u00bbdefault\u00bb text_text_color=\u00bb#5e5e5e\u00bb text_font_size=\u00bb16px\u00bb text_line_height=\u00bb1.8em\u00bb custom_margin=\u00bb||10px|||\u00bb global_colors_info=\u00bb{}\u00bb]<\/p>\n<p>GM Events &amp; Sports Experiences<\/p>\n<p>[\/et_pb_text][et_pb_divider color=\u00bb#5e5e5e\u00bb divider_weight=\u00bb4px\u00bb _builder_version=\u00bb4.27.5&#8243; _module_preset=\u00bbdefault\u00bb width=\u00bb60px\u00bb custom_margin=\u00bb||0px||false|false\u00bb global_colors_info=\u00bb{}\u00bb][\/et_pb_divider][et_pb_text module_class=\u00bbgradientblue\u00bb _builder_version=\u00bb4.27.5&#8243; _module_preset=\u00bb1da4c4f2-8e53-4788-a9f5-4d073216150a\u00bb header_font=\u00bb|700|||||||\u00bb header_text_color=\u00bb#298bb6&#8243; header_font_size=\u00bb55px\u00bb header_2_font=\u00bbRozha One||||||||\u00bb header_2_text_color=\u00bb#FFFFFF\u00bb header_2_font_size=\u00bb62px\u00bb header_2_line_height=\u00bb1.1em\u00bb custom_margin=\u00bb0px||40px||false|false\u00bb custom_padding=\u00bb0px||||false|false\u00bb header_2_font_size_tablet=\u00bb34px\u00bb header_2_font_size_phone=\u00bb24px\u00bb header_2_font_size_last_edited=\u00bbon|phone\u00bb locked=\u00bboff\u00bb global_colors_info=\u00bb{}\u00bb]<\/p>\n<h1>Qui\u00e9nes somos<\/h1>\n<p>[\/et_pb_text][\/et_pb_column][\/et_pb_row][\/et_pb_section][et_pb_section fb_built=\u00bb1&#8243; _builder_version=\u00bb4.27.5&#8243; _module_preset=\u00bbdefault\u00bb background_image=\u00bbhttps:\/\/gmevents.es\/wp-content\/uploads\/2026\/02\/circulos-grises2.png\u00bb background_size=\u00bbcustom\u00bb background_position=\u00bbtop_right\u00bb background_horizontal_offset=\u00bb-40%\u00bb background_vertical_offset=\u00bb10%\u00bb custom_margin=\u00bb0px||||false|false\u00bb custom_padding=\u00bb0px||||false|false\u00bb global_colors_info=\u00bb{}\u00bb][et_pb_row column_structure=\u00bb3_5,2_5&#8243; custom_padding_last_edited=\u00bbon|phone\u00bb _builder_version=\u00bb4.27.5&#8243; _module_preset=\u00bbdefault\u00bb background_color=\u00bb#00638e\u00bb overflow-x=\u00bbvisible\u00bb overflow-y=\u00bbvisible\u00bb custom_margin=\u00bb-80px|auto||auto|false|false\u00bb custom_padding=\u00bb0px|60px|0px|60px|false|true\u00bb custom_padding_tablet=\u00bb30px|30px|30px|30px|false|true\u00bb custom_padding_phone=\u00bb20px|20px|20px|20px|true|true\u00bb border_radii=\u00bboff|10px|50px|50px|50px\u00bb locked=\u00bboff\u00bb global_colors_info=\u00bb{}\u00bb][et_pb_column type=\u00bb3_5&#8243; _builder_version=\u00bb4.27.5&#8243; _module_preset=\u00bbdefault\u00bb custom_padding=\u00bb70px||||false|false\u00bb custom_padding_tablet=\u00bb0px||||false|false\u00bb custom_padding_phone=\u00bb0px||||false|false\u00bb custom_padding_last_edited=\u00bbon|tablet\u00bb global_colors_info=\u00bb{}\u00bb][et_pb_text _builder_version=\u00bb4.27.5&#8243; _module_preset=\u00bbdefault\u00bb text_text_color=\u00bb#FFFFFF\u00bb text_font_size=\u00bb16px\u00bb text_line_height=\u00bb1.8em\u00bb global_colors_info=\u00bb{}\u00bb]<\/p>\n<p><strong>GM Events &amp; Sports Experiences<\/strong> nace con una idea clara: crear experiencias que aporten valor real y trasciendan m\u00e1s all\u00e1 del propio evento. No somos una agencia al uso, sino un equipo especializado en la producci\u00f3n y gesti\u00f3n de eventos corporativos, deportivos e institucionales.<\/p>\n<p>Trabajamos desde la cercan\u00eda, la planificaci\u00f3n y el rigor, entendiendo cada proyecto como \u00fanico y adapt\u00e1ndolo a los objetivos, el contexto y el p\u00fablico de cada cliente.<\/p>\n<p>[\/et_pb_text][et_pb_button button_url=\u00bbhttps:\/\/gmevents.es\/wp-content\/uploads\/2026\/03\/GM%20SPORTS%20&#038;%20EXPERIENCES.pdf\u00bb url_new_window=\u00bbon\u00bb button_text=\u00bbDescarga nuestro dossier \u00bb _builder_version=\u00bb4.27.5&#8243; _module_preset=\u00bbdefault\u00bb custom_button=\u00bbon\u00bb button_text_size=\u00bb18px\u00bb button_text_color=\u00bb#FFFFFF\u00bb button_bg_color=\u00bb#000000&#8243; button_border_color=\u00bbRGBA(255,255,255,0)\u00bb button_icon=\u00bb&#xe0fe;||divi||400&#8243; button_icon_color=\u00bb#FFFFFF\u00bb button_on_hover=\u00bboff\u00bb custom_margin=\u00bb||30px||false|false\u00bb custom_padding=\u00bb|45px||25px|false|false\u00bb global_colors_info=\u00bb{}\u00bb][\/et_pb_button][\/et_pb_column][et_pb_column type=\u00bb2_5&#8243; _builder_version=\u00bb4.16&#8243; _module_preset=\u00bbdefault\u00bb global_colors_info=\u00bb{}\u00bb][et_pb_image src=\u00bbhttps:\/\/gmevents.es\/wp-content\/uploads\/2026\/02\/cabecera-quienes-somos.jpg\u00bb alt=\u00bbCiclistas\u00bb title_text=\u00bbcabecera-quienes-somos\u00bb align=\u00bbcenter\u00bb _builder_version=\u00bb4.27.5&#8243; _module_preset=\u00bbdefault\u00bb background_enable_color=\u00bboff\u00bb max_height=\u00bb440px\u00bb custom_margin=\u00bb-60px||10px||false|false\u00bb custom_margin_tablet=\u00bb0px||||false|false\u00bb custom_margin_phone=\u00bb\u00bb custom_margin_last_edited=\u00bbon|tablet\u00bb border_radii=\u00bbon|300px|300px|300px|300px\u00bb border_width_all=\u00bb33px\u00bb border_color_all=\u00bb#e2e2e2&#8243; border_width_all_tablet=\u00bb33px\u00bb border_width_all_phone=\u00bb20px\u00bb border_width_all_last_edited=\u00bbon|phone\u00bb global_colors_info=\u00bb{}\u00bb][\/et_pb_image][\/et_pb_column][\/et_pb_row][et_pb_row admin_label=\u00bbrow\u00bb _builder_version=\u00bb4.27.5&#8243; background_enable_image=\u00bboff\u00bb background_size=\u00bbinitial\u00bb background_position=\u00bbbottom_left\u00bb background_repeat=\u00bbrepeat\u00bb custom_margin=\u00bb30px||||false|false\u00bb custom_padding=\u00bb30px|||||\u00bb locked=\u00bboff\u00bb global_colors_info=\u00bb{}\u00bb][et_pb_column type=\u00bb4_4&#8243; _builder_version=\u00bb4.16&#8243; custom_padding=\u00bb|||\u00bb global_colors_info=\u00bb{}\u00bb custom_padding__hover=\u00bb|||\u00bb][et_pb_text admin_label=\u00bbText\u00bb _builder_version=\u00bb4.27.5&#8243; header_text_align=\u00bbcenter\u00bb header_text_color=\u00bb#000000&#8243; header_font_size=\u00bb37px\u00bb header_line_height=\u00bb1.2em\u00bb header_2_font=\u00bb|800|||||||\u00bb header_2_text_align=\u00bbcenter\u00bb header_2_font_size=\u00bb40px\u00bb background_size=\u00bbinitial\u00bb background_position=\u00bbtop_left\u00bb background_repeat=\u00bbrepeat\u00bb width=\u00bb550px\u00bb width_tablet=\u00bb100%\u00bb width_phone=\u00bb\u00bb width_last_edited=\u00bbon|phone\u00bb module_alignment=\u00bbcenter\u00bb header_2_font_size_tablet=\u00bb40px\u00bb header_2_font_size_phone=\u00bb28px\u00bb header_2_font_size_last_edited=\u00bbon|phone\u00bb global_colors_info=\u00bb{}\u00bb]<\/p>\n<h2>Una forma de entender los eventos<\/h2>\n<p>[\/et_pb_text][et_pb_text _builder_version=\u00bb4.27.5&#8243; _module_preset=\u00bbdefault\u00bb text_font=\u00bb|600|||||||\u00bb text_font_size=\u00bb16px\u00bb text_orientation=\u00bbcenter\u00bb width=\u00bb60%\u00bb width_tablet=\u00bb100%\u00bb width_phone=\u00bb100%\u00bb width_last_edited=\u00bbon|tablet\u00bb module_alignment=\u00bbcenter\u00bb global_colors_info=\u00bb{}\u00bb]<\/p>\n<p>Creemos que un evento bien dise\u00f1ado no solo se ve, se vive. Por eso abordamos cada proyecto desde una visi\u00f3n global, donde la creatividad, la log\u00edstica y la ejecuci\u00f3n t\u00e9cnica avanzan de forma coordinada.<\/p>\n<p>Nuestro trabajo comienza mucho antes del d\u00eda del evento y no termina hasta que todo ha funcionado como estaba previsto. Ese es nuestro compromiso con cada cliente.<\/p>\n<p>[\/et_pb_text][et_pb_image src=\u00bbhttps:\/\/gmevents.es\/wp-content\/uploads\/2026\/02\/circulos-azules.png\u00bb alt=\u00bb5 c\u00edrculos azules\u00bb title_text=\u00bbcirculos-azules\u00bb align=\u00bbcenter\u00bb _builder_version=\u00bb4.27.5&#8243; _module_preset=\u00bbdefault\u00bb global_colors_info=\u00bb{}\u00bb][\/et_pb_image][\/et_pb_column][\/et_pb_row][et_pb_row _builder_version=\u00bb4.27.5&#8243; _module_preset=\u00bbdefault\u00bb global_colors_info=\u00bb{}\u00bb][et_pb_column type=\u00bb4_4&#8243; _builder_version=\u00bb4.27.5&#8243; _module_preset=\u00bbdefault\u00bb global_colors_info=\u00bb{}\u00bb][et_pb_blurb title=\u00bbExperiencia, innovaci\u00f3n y compromiso\u00bb image=\u00bbhttps:\/\/gmevents.es\/wp-content\/uploads\/2026\/03\/Produccion-gran-formato.jpg\u00bb alt=\u00bbHombre corriendo en una carrera\u00bb content_max_width=\u00bb100%\u00bb module_class=\u00bbmoduloH2&#8243; _builder_version=\u00bb4.27.5&#8243; _module_preset=\u00bbdefault\u00bb header_level=\u00bbh2&#8243; header_font=\u00bb|800|||||||\u00bb header_font_size=\u00bb35px\u00bb body_text_align=\u00bbleft\u00bb background_enable_color=\u00bboff\u00bb module_alignment=\u00bbcenter\u00bb custom_margin=\u00bb||30px||false|false\u00bb custom_margin_tablet=\u00bb||30px||false|false\u00bb custom_margin_phone=\u00bb|0%|30px||false|false\u00bb custom_margin_last_edited=\u00bbon|desktop\u00bb custom_padding=\u00bb10px||10px|12px|false|false\u00bb custom_padding_tablet=\u00bb10px||10px|12px|false|false\u00bb custom_padding_phone=\u00bb|10px||10px|true|true\u00bb custom_padding_last_edited=\u00bbon|phone\u00bb hover_enabled=\u00bb0&#8243; header_font_size_tablet=\u00bb22px\u00bb header_font_size_phone=\u00bb18px\u00bb header_font_size_last_edited=\u00bbon|phone\u00bb border_radii=\u00bboff|270px|||270px\u00bb border_width_left=\u00bb14px\u00bb border_color_left=\u00bb#7a7a7a\u00bb border_radii_tablet=\u00bboff|270px|||270px\u00bb border_radii_phone=\u00bboff|150px|150px||0px\u00bb border_radii_last_edited=\u00bbon|phone\u00bb border_width_left_tablet=\u00bb0px\u00bb border_width_left_phone=\u00bb0px\u00bb border_width_left_last_edited=\u00bbon|phone\u00bb border_color_left_tablet=\u00bb#7a7a7a\u00bb border_color_left_phone=\u00bb#e8e8e8&#8243; border_color_left_last_edited=\u00bbon|phone\u00bb locked=\u00bboff\u00bb global_colors_info=\u00bb{}\u00bb title_text=\u00bbProduccion-gran-formato\u00bb sticky_enabled=\u00bb0&#8243;]<\/p>\n<p>Nuestro equipo combina la energ\u00eda de perfiles j\u00f3venes con la solidez de una amplia trayectoria en el sector. Esta combinaci\u00f3n nos permite aportar ideas frescas sin perder de vista la experiencia, la seguridad y la eficiencia que exige la producci\u00f3n de eventos de alto nivel.<\/p>\n<p>La innovaci\u00f3n forma parte de nuestro d\u00eda a d\u00eda, pero siempre al servicio de soluciones pr\u00e1cticas, viables y alineadas con los objetivos de cada proyecto.<\/p>\n<p>[\/et_pb_blurb][\/et_pb_column][\/et_pb_row][et_pb_row _builder_version=\u00bb4.27.5&#8243; _module_preset=\u00bbdefault\u00bb global_colors_info=\u00bb{}\u00bb][et_pb_column type=\u00bb4_4&#8243; _builder_version=\u00bb4.27.5&#8243; _module_preset=\u00bbdefault\u00bb global_colors_info=\u00bb{}\u00bb][et_pb_blurb title=\u00bbEventos pensados para conectar\u00bb image=\u00bbhttps:\/\/gmevents.es\/wp-content\/uploads\/2026\/02\/eventos-institucionales-moduloH2-3.jpg\u00bb alt=\u00bbVarias personas en un podio\u00bb content_max_width=\u00bb100%\u00bb module_class=\u00bbmoduloH2 contrario\u00bb _builder_version=\u00bb4.27.5&#8243; _module_preset=\u00bbdefault\u00bb header_level=\u00bbh2&#8243; header_font=\u00bb|700|||||||\u00bb header_font_size=\u00bb22px\u00bb body_text_align=\u00bbleft\u00bb custom_margin=\u00bb||30px||false|false\u00bb hover_enabled=\u00bb0&#8243; header_font_size_tablet=\u00bb22px\u00bb header_font_size_phone=\u00bb18px\u00bb header_font_size_last_edited=\u00bbon|phone\u00bb border_radii=\u00bboff||270px|270px|\u00bb border_width_right=\u00bb14px\u00bb border_color_right=\u00bb#7a7a7a\u00bb border_radii_tablet=\u00bboff||270px|270px|\u00bb border_radii_phone=\u00bboff|150px|150px|0px|\u00bb border_radii_last_edited=\u00bbon|phone\u00bb border_width_right_tablet=\u00bb0px\u00bb border_width_right_phone=\u00bb0px\u00bb border_width_right_last_edited=\u00bbon|phone\u00bb border_color_right_tablet=\u00bb#7a7a7a\u00bb border_color_right_phone=\u00bb#e8e8e8&#8243; border_color_right_last_edited=\u00bbon|phone\u00bb locked=\u00bboff\u00bb global_colors_info=\u00bb{}\u00bb title_text=\u00bbeventos-institucionales-moduloH2-3&#8243; sticky_enabled=\u00bb0&#8243;]<\/p>\n<p>Dise\u00f1amos eventos que buscan generar impacto, inspirar y reforzar v\u00ednculos. Ya sea en un entorno corporativo, deportivo o institucional, trabajamos para que cada asistente viva una experiencia coherente, cuidada y memorable.<\/p>\n<p>Nos implicamos en cada detalle, desde la conceptualizaci\u00f3n hasta la ejecuci\u00f3n final, para que el resultado refleje fielmente la identidad y los valores de nuestros clientes.<\/p>\n<p>[\/et_pb_blurb][\/et_pb_column][\/et_pb_row][et_pb_row _builder_version=\u00bb4.27.5&#8243; _module_preset=\u00bbdefault\u00bb global_colors_info=\u00bb{}\u00bb][et_pb_column type=\u00bb4_4&#8243; _builder_version=\u00bb4.27.5&#8243; _module_preset=\u00bbdefault\u00bb global_colors_info=\u00bb{}\u00bb][et_pb_blurb title=\u00bbUn partner estrat\u00e9gico para tus eventos\u00bb image=\u00bbhttps:\/\/gmevents.es\/wp-content\/uploads\/2026\/02\/quienes-somos-moduloH2-3.jpg\u00bb alt=\u00bbPrimer plano de un ciclista\u00bb content_max_width=\u00bb100%\u00bb module_class=\u00bbmoduloH2&#8243; _builder_version=\u00bb4.27.5&#8243; _module_preset=\u00bbdefault\u00bb header_level=\u00bbh2&#8243; header_font=\u00bb|800|||||||\u00bb header_font_size=\u00bb35px\u00bb body_text_align=\u00bbleft\u00bb background_enable_color=\u00bboff\u00bb module_alignment=\u00bbcenter\u00bb custom_margin=\u00bb||30px||false|false\u00bb custom_margin_tablet=\u00bb||30px||false|false\u00bb custom_margin_phone=\u00bb|0%|30px||false|false\u00bb custom_margin_last_edited=\u00bbon|desktop\u00bb custom_padding=\u00bb10px||10px|12px|false|false\u00bb custom_padding_tablet=\u00bb10px||10px|12px|false|false\u00bb custom_padding_phone=\u00bb|10px||10px|true|true\u00bb custom_padding_last_edited=\u00bbon|phone\u00bb header_font_size_tablet=\u00bb22px\u00bb header_font_size_phone=\u00bb18px\u00bb header_font_size_last_edited=\u00bbon|phone\u00bb border_radii=\u00bboff|270px|||270px\u00bb border_width_left=\u00bb14px\u00bb border_color_left=\u00bb#7a7a7a\u00bb border_radii_tablet=\u00bboff|270px|||270px\u00bb border_radii_phone=\u00bboff|150px|150px||0px\u00bb border_radii_last_edited=\u00bbon|phone\u00bb border_width_left_tablet=\u00bb0px\u00bb border_width_left_phone=\u00bb0px\u00bb border_width_left_last_edited=\u00bbon|phone\u00bb border_color_left_tablet=\u00bb#7a7a7a\u00bb border_color_left_phone=\u00bb#e8e8e8&#8243; border_color_left_last_edited=\u00bbon|phone\u00bb locked=\u00bboff\u00bb global_colors_info=\u00bb{}\u00bb]<\/p>\n<p>Entendemos nuestro papel como el de un partner estrat\u00e9gico. Nos integramos en los equipos de nuestros clientes, aportando soluciones creativas, t\u00e9cnicas y log\u00edsticas que facilitan la toma de decisiones y garantizan el buen desarrollo del evento.<\/p>\n<p>Ofrecemos un servicio integral o parcial, adapt\u00e1ndonos a las necesidades concretas de cada proyecto y sumando valor all\u00ed donde m\u00e1s se necesita.<\/p>\n<p>[\/et_pb_blurb][\/et_pb_column][\/et_pb_row][et_pb_row _builder_version=\u00bb4.27.5&#8243; _module_preset=\u00bbdefault\u00bb global_colors_info=\u00bb{}\u00bb][et_pb_column type=\u00bb4_4&#8243; _builder_version=\u00bb4.27.5&#8243; _module_preset=\u00bbdefault\u00bb global_colors_info=\u00bb{}\u00bb][et_pb_blurb title=\u00bbNuestros valores\u00bb image=\u00bbhttps:\/\/gmevents.es\/wp-content\/uploads\/2026\/03\/stand3.jpg\u00bb alt=\u00bbCiclistas bajando un puerto\u00bb content_max_width=\u00bb100%\u00bb module_class=\u00bbmoduloH2 contrario\u00bb _builder_version=\u00bb4.27.5&#8243; _module_preset=\u00bbdefault\u00bb header_level=\u00bbh2&#8243; header_font=\u00bb|700|||||||\u00bb header_font_size=\u00bb22px\u00bb body_text_align=\u00bbleft\u00bb custom_margin=\u00bb||30px||false|false\u00bb hover_enabled=\u00bb0&#8243; header_font_size_tablet=\u00bb22px\u00bb header_font_size_phone=\u00bb18px\u00bb header_font_size_last_edited=\u00bbon|phone\u00bb border_radii=\u00bboff||270px|270px|\u00bb border_width_right=\u00bb14px\u00bb border_color_right=\u00bb#7a7a7a\u00bb border_radii_tablet=\u00bboff||270px|270px|\u00bb border_radii_phone=\u00bboff|150px|150px|0px|\u00bb border_radii_last_edited=\u00bbon|phone\u00bb border_width_right_tablet=\u00bb0px\u00bb border_width_right_phone=\u00bb0px\u00bb border_width_right_last_edited=\u00bbon|phone\u00bb border_color_right_tablet=\u00bb#7a7a7a\u00bb border_color_right_phone=\u00bb#e8e8e8&#8243; border_color_right_last_edited=\u00bbon|phone\u00bb locked=\u00bboff\u00bb global_colors_info=\u00bb{}\u00bb title_text=\u00bbstand3&#8243; sticky_enabled=\u00bb0&#8243;]<\/p>\n<p>La integridad, la calidad y la orientaci\u00f3n al cliente son la base de nuestra forma de trabajar. Apostamos por relaciones duraderas, construidas sobre la confianza, la transparencia y los resultados.<\/p>\n<p>Cada evento es una oportunidad para demostrar nuestro compromiso con la excelencia y con las personas que conf\u00edan en nosotros.<\/p>\n<p>[\/et_pb_blurb][\/et_pb_column][\/et_pb_row][et_pb_row _builder_version=\u00bb4.27.5&#8243; _module_preset=\u00bbdefault\u00bb global_colors_info=\u00bb{}\u00bb][et_pb_column type=\u00bb4_4&#8243; _builder_version=\u00bb4.27.5&#8243; _module_preset=\u00bbdefault\u00bb global_colors_info=\u00bb{}\u00bb][et_pb_blurb title=\u00bbSigamos construyendo experiencias\u00bb image=\u00bbhttps:\/\/gmevents.es\/wp-content\/uploads\/2026\/02\/quienes-somos-moduloH2-5.jpg\u00bb alt=\u00bbCartel indicativo de una carrera\u00bb content_max_width=\u00bb100%\u00bb module_class=\u00bbmoduloH2&#8243; _builder_version=\u00bb4.27.5&#8243; _module_preset=\u00bbdefault\u00bb header_level=\u00bbh2&#8243; header_font=\u00bb|800|||||||\u00bb header_font_size=\u00bb35px\u00bb body_text_align=\u00bbleft\u00bb background_enable_color=\u00bboff\u00bb module_alignment=\u00bbcenter\u00bb custom_margin=\u00bb||30px||false|false\u00bb custom_margin_tablet=\u00bb||30px||false|false\u00bb custom_margin_phone=\u00bb|0%|30px||false|false\u00bb custom_margin_last_edited=\u00bbon|desktop\u00bb custom_padding=\u00bb10px||10px|12px|false|false\u00bb custom_padding_tablet=\u00bb10px||10px|12px|false|false\u00bb custom_padding_phone=\u00bb|10px||10px|true|true\u00bb custom_padding_last_edited=\u00bbon|phone\u00bb header_font_size_tablet=\u00bb22px\u00bb header_font_size_phone=\u00bb18px\u00bb header_font_size_last_edited=\u00bbon|phone\u00bb border_radii=\u00bboff|270px|||270px\u00bb border_width_left=\u00bb14px\u00bb border_color_left=\u00bb#7a7a7a\u00bb border_radii_tablet=\u00bboff|270px|||270px\u00bb border_radii_phone=\u00bboff|150px|150px||0px\u00bb border_radii_last_edited=\u00bbon|phone\u00bb border_width_left_tablet=\u00bb0px\u00bb border_width_left_phone=\u00bb0px\u00bb border_width_left_last_edited=\u00bbon|phone\u00bb border_color_left_tablet=\u00bb#7a7a7a\u00bb border_color_left_phone=\u00bb#e8e8e8&#8243; border_color_left_last_edited=\u00bbon|phone\u00bb locked=\u00bboff\u00bb global_colors_info=\u00bb{}\u00bb]<\/p>\n<p>Si buscas un equipo que entienda tus objetivos, cuide los detalles y aporte soluciones reales, estaremos encantados de formar parte de tu pr\u00f3ximo proyecto.<\/p>\n<p>[\/et_pb_blurb][\/et_pb_column][\/et_pb_row][\/et_pb_section]<\/p>\n","protected":false},"excerpt":{"rendered":"<p>GM Events &amp; Sports ExperiencesQui\u00e9nes somosGM Events &amp; Sports Experiences nace con una idea clara: crear experiencias que aporten valor real y trasciendan m\u00e1s all\u00e1 del propio evento. No somos una agencia al uso, sino un equipo especializado en la producci\u00f3n y gesti\u00f3n de eventos corporativos, deportivos e institucionales. Trabajamos desde la cercan\u00eda, la planificaci\u00f3n [&hellip;]<\/p>\n","protected":false},"author":1,"featured_media":0,"parent":0,"menu_order":0,"comment_status":"closed","ping_status":"closed","template":"","meta":{"_et_pb_use_builder":"on","_et_pb_old_content":"","_et_gb_content_width":"","footnotes":""},"class_list":["post-12","page","type-page","status-publish","hentry"],"yoast_head":"<!-- This site is optimized with the Yoast SEO plugin v27.2 - https:\/\/yoast.com\/product\/yoast-seo-wordpress\/ -->\n<title>Qui\u00e9nes somos | Producci\u00f3n de eventos corporativos y deportivos<\/title>\n<meta name=\"description\" content=\"Conoce GM Events &amp; Sports Experiences, una empresa especializada en la producci\u00f3n y gesti\u00f3n de eventos corporativos, deportivos e institucionales, con un enfoque estrat\u00e9gico y personalizado.\" \/>\n<meta name=\"robots\" content=\"index, follow, max-snippet:-1, max-image-preview:large, max-video-preview:-1\" \/>\n<link rel=\"canonical\" href=\"https:\/\/gmevents.es\/en\/quienes-somos\/\" \/>\n<meta property=\"og:locale\" content=\"en_GB\" \/>\n<meta property=\"og:type\" content=\"article\" \/>\n<meta property=\"og:title\" content=\"Qui\u00e9nes somos | Producci\u00f3n de eventos corporativos y deportivos\" \/>\n<meta property=\"og:description\" content=\"Conoce GM Events &amp; Sports Experiences, una empresa especializada en la producci\u00f3n y gesti\u00f3n de eventos corporativos, deportivos e institucionales, con un enfoque estrat\u00e9gico y personalizado.\" \/>\n<meta property=\"og:url\" content=\"https:\/\/gmevents.es\/en\/quienes-somos\/\" \/>\n<meta property=\"og:site_name\" content=\"GM Events Sports Experiences\" \/>\n<meta property=\"article:modified_time\" content=\"2026-03-04T12:41:51+00:00\" \/>\n<meta name=\"twitter:card\" content=\"summary_large_image\" \/>\n<script type=\"application\/ld+json\" class=\"yoast-schema-graph\">{\"@context\":\"https:\/\/schema.org\",\"@graph\":[{\"@type\":\"WebPage\",\"@id\":\"https:\/\/gmevents.es\/quienes-somos\/\",\"url\":\"https:\/\/gmevents.es\/quienes-somos\/\",\"name\":\"Qui\u00e9nes somos | Producci\u00f3n de eventos corporativos y deportivos\",\"isPartOf\":{\"@id\":\"https:\/\/gmevents.es\/#website\"},\"datePublished\":\"2026-02-10T10:45:59+00:00\",\"dateModified\":\"2026-03-04T12:41:51+00:00\",\"description\":\"Conoce GM Events & Sports Experiences, una empresa especializada en la producci\u00f3n y gesti\u00f3n de eventos corporativos, deportivos e institucionales, con un enfoque estrat\u00e9gico y personalizado.\",\"breadcrumb\":{\"@id\":\"https:\/\/gmevents.es\/quienes-somos\/#breadcrumb\"},\"inLanguage\":\"en-GB\",\"potentialAction\":[{\"@type\":\"ReadAction\",\"target\":[\"https:\/\/gmevents.es\/quienes-somos\/\"]}]},{\"@type\":\"BreadcrumbList\",\"@id\":\"https:\/\/gmevents.es\/quienes-somos\/#breadcrumb\",\"itemListElement\":[{\"@type\":\"ListItem\",\"position\":1,\"name\":\"Portada\",\"item\":\"https:\/\/gmevents.es\/\"},{\"@type\":\"ListItem\",\"position\":2,\"name\":\"Qui\u00e9nes somos\"}]},{\"@type\":\"WebSite\",\"@id\":\"https:\/\/gmevents.es\/#website\",\"url\":\"https:\/\/gmevents.es\/\",\"name\":\"GM Events Sports Experiences\",\"description\":\"\",\"potentialAction\":[{\"@type\":\"SearchAction\",\"target\":{\"@type\":\"EntryPoint\",\"urlTemplate\":\"https:\/\/gmevents.es\/?s={search_term_string}\"},\"query-input\":{\"@type\":\"PropertyValueSpecification\",\"valueRequired\":true,\"valueName\":\"search_term_string\"}}],\"inLanguage\":\"en-GB\"}]}<\/script>\n<!-- \/ Yoast SEO plugin. -->","yoast_head_json":{"title":"Qui\u00e9nes somos | Producci\u00f3n de eventos corporativos y deportivos","description":"Conoce GM Events & Sports Experiences, una empresa especializada en la producci\u00f3n y gesti\u00f3n de eventos corporativos, deportivos e institucionales, con un enfoque estrat\u00e9gico y personalizado.","robots":{"index":"index","follow":"follow","max-snippet":"max-snippet:-1","max-image-preview":"max-image-preview:large","max-video-preview":"max-video-preview:-1"},"canonical":"https:\/\/gmevents.es\/en\/quienes-somos\/","og_locale":"en_GB","og_type":"article","og_title":"Qui\u00e9nes somos | Producci\u00f3n de eventos corporativos y deportivos","og_description":"Conoce GM Events & Sports Experiences, una empresa especializada en la producci\u00f3n y gesti\u00f3n de eventos corporativos, deportivos e institucionales, con un enfoque estrat\u00e9gico y personalizado.","og_url":"https:\/\/gmevents.es\/en\/quienes-somos\/","og_site_name":"GM Events Sports Experiences","article_modified_time":"2026-03-04T12:41:51+00:00","twitter_card":"summary_large_image","schema":{"@context":"https:\/\/schema.org","@graph":[{"@type":"WebPage","@id":"https:\/\/gmevents.es\/quienes-somos\/","url":"https:\/\/gmevents.es\/quienes-somos\/","name":"Qui\u00e9nes somos | Producci\u00f3n de eventos corporativos y deportivos","isPartOf":{"@id":"https:\/\/gmevents.es\/#website"},"datePublished":"2026-02-10T10:45:59+00:00","dateModified":"2026-03-04T12:41:51+00:00","description":"Conoce GM Events & Sports Experiences, una empresa especializada en la producci\u00f3n y gesti\u00f3n de eventos corporativos, deportivos e institucionales, con un enfoque estrat\u00e9gico y personalizado.","breadcrumb":{"@id":"https:\/\/gmevents.es\/quienes-somos\/#breadcrumb"},"inLanguage":"en-GB","potentialAction":[{"@type":"ReadAction","target":["https:\/\/gmevents.es\/quienes-somos\/"]}]},{"@type":"BreadcrumbList","@id":"https:\/\/gmevents.es\/quienes-somos\/#breadcrumb","itemListElement":[{"@type":"ListItem","position":1,"name":"Portada","item":"https:\/\/gmevents.es\/"},{"@type":"ListItem","position":2,"name":"Qui\u00e9nes somos"}]},{"@type":"WebSite","@id":"https:\/\/gmevents.es\/#website","url":"https:\/\/gmevents.es\/","name":"GM Events Sports Experiences","description":"","potentialAction":[{"@type":"SearchAction","target":{"@type":"EntryPoint","urlTemplate":"https:\/\/gmevents.es\/?s={search_term_string}"},"query-input":{"@type":"PropertyValueSpecification","valueRequired":true,"valueName":"search_term_string"}}],"inLanguage":"en-GB"}]}},"_links":{"self":[{"href":"https:\/\/gmevents.es\/en\/wp-json\/wp\/v2\/pages\/12","targetHints":{"allow":["GET"]}}],"collection":[{"href":"https:\/\/gmevents.es\/en\/wp-json\/wp\/v2\/pages"}],"about":[{"href":"https:\/\/gmevents.es\/en\/wp-json\/wp\/v2\/types\/page"}],"author":[{"embeddable":true,"href":"https:\/\/gmevents.es\/en\/wp-json\/wp\/v2\/users\/1"}],"replies":[{"embeddable":true,"href":"https:\/\/gmevents.es\/en\/wp-json\/wp\/v2\/comments?post=12"}],"version-history":[{"count":95,"href":"https:\/\/gmevents.es\/en\/wp-json\/wp\/v2\/pages\/12\/revisions"}],"predecessor-version":[{"id":855,"href":"https:\/\/gmevents.es\/en\/wp-json\/wp\/v2\/pages\/12\/revisions\/855"}],"wp:attachment":[{"href":"https:\/\/gmevents.es\/en\/wp-json\/wp\/v2\/media?parent=12"}],"curies":[{"name":"wp","href":"https:\/\/api.w.org\/{rel}","templated":true}]}}