{"id":17,"date":"2026-02-10T10:47:48","date_gmt":"2026-02-10T10:47:48","guid":{"rendered":"https:\/\/gmevents.es\/?page_id=17"},"modified":"2026-02-25T10:55:34","modified_gmt":"2026-02-25T10:55:34","slug":"clientes","status":"publish","type":"page","link":"https:\/\/gmevents.es\/en\/clientes\/","title":{"rendered":"Clients"},"content":{"rendered":"<p>[et_pb_section fb_built=\u00bb1&#8243; _builder_version=\u00bb4.27.5&#8243; _module_preset=\u00bbdefault\u00bb custom_margin=\u00bb35px||||false|false\u00bb custom_padding=\u00bb3px||44px||false|false\u00bb locked=\u00bboff\u00bb global_colors_info=\u00bb{}\u00bb][et_pb_row _builder_version=\u00bb4.27.5&#8243; _module_preset=\u00bbdefault\u00bb global_colors_info=\u00bb{}\u00bb][et_pb_column type=\u00bb4_4&#8243; _builder_version=\u00bb4.27.5&#8243; _module_preset=\u00bbdefault\u00bb global_colors_info=\u00bb{}\u00bb][et_pb_text _builder_version=\u00bb4.27.5&#8243; _module_preset=\u00bbdefault\u00bb text_text_color=\u00bb#5e5e5e\u00bb text_font_size=\u00bb16px\u00bb text_line_height=\u00bb1.8em\u00bb custom_margin=\u00bb||10px|||\u00bb global_colors_info=\u00bb{}\u00bb]<\/p>\n<p>GM Events &amp; Sports Experiences<\/p>\n<p>[\/et_pb_text][et_pb_divider color=\u00bb#5e5e5e\u00bb divider_weight=\u00bb4px\u00bb _builder_version=\u00bb4.27.5&#8243; _module_preset=\u00bbdefault\u00bb width=\u00bb60px\u00bb custom_margin=\u00bb||0px||false|false\u00bb global_colors_info=\u00bb{}\u00bb][\/et_pb_divider][et_pb_text module_class=\u00bbgradientblue\u00bb _builder_version=\u00bb4.27.5&#8243; _module_preset=\u00bb1da4c4f2-8e53-4788-a9f5-4d073216150a\u00bb header_font=\u00bb|700|||||||\u00bb header_text_color=\u00bb#298bb6&#8243; header_font_size=\u00bb55px\u00bb header_2_font=\u00bbRozha One||||||||\u00bb header_2_text_color=\u00bb#FFFFFF\u00bb header_2_font_size=\u00bb62px\u00bb header_2_line_height=\u00bb1.1em\u00bb custom_margin=\u00bb0px||40px||false|false\u00bb custom_padding=\u00bb0px||||false|false\u00bb header_2_font_size_tablet=\u00bb34px\u00bb header_2_font_size_phone=\u00bb24px\u00bb header_2_font_size_last_edited=\u00bbon|phone\u00bb locked=\u00bboff\u00bb global_colors_info=\u00bb{}\u00bb]<\/p>\n<h1>Clientes<\/h1>\n<p>[\/et_pb_text][\/et_pb_column][\/et_pb_row][\/et_pb_section][et_pb_section fb_built=\u00bb1&#8243; _builder_version=\u00bb4.27.5&#8243; _module_preset=\u00bbdefault\u00bb background_image=\u00bbhttps:\/\/gmevents.es\/wp-content\/uploads\/2026\/02\/circulos-grises2.png\u00bb background_size=\u00bbcustom\u00bb background_position=\u00bbtop_right\u00bb background_horizontal_offset=\u00bb-40%\u00bb background_vertical_offset=\u00bb10%\u00bb custom_margin=\u00bb0px||||false|false\u00bb custom_padding=\u00bb0px||||false|false\u00bb locked=\u00bboff\u00bb global_colors_info=\u00bb{}\u00bb][et_pb_row column_structure=\u00bb3_5,2_5&#8243; custom_padding_last_edited=\u00bbon|phone\u00bb _builder_version=\u00bb4.27.5&#8243; _module_preset=\u00bbdefault\u00bb background_color=\u00bb#00638e\u00bb overflow-x=\u00bbvisible\u00bb overflow-y=\u00bbvisible\u00bb custom_margin=\u00bb-80px|auto||auto|false|false\u00bb custom_padding=\u00bb0px|60px|0px|60px|false|true\u00bb custom_padding_tablet=\u00bb30px|30px|30px|30px|false|true\u00bb custom_padding_phone=\u00bb20px|20px|20px|20px|true|true\u00bb border_radii=\u00bboff|10px|50px|50px|50px\u00bb locked=\u00bboff\u00bb global_colors_info=\u00bb{}\u00bb][et_pb_column type=\u00bb3_5&#8243; _builder_version=\u00bb4.27.5&#8243; _module_preset=\u00bbdefault\u00bb custom_padding=\u00bb70px||||false|false\u00bb custom_padding_tablet=\u00bb0px||||false|false\u00bb custom_padding_phone=\u00bb0px||||false|false\u00bb custom_padding_last_edited=\u00bbon|tablet\u00bb global_colors_info=\u00bb{}\u00bb][et_pb_text _builder_version=\u00bb4.27.5&#8243; _module_preset=\u00bbdefault\u00bb text_text_color=\u00bb#FFFFFF\u00bb text_font_size=\u00bb16px\u00bb text_line_height=\u00bb1.8em\u00bb global_colors_info=\u00bb{}\u00bb]A lo largo de nuestra trayectoria hemos colaborado con empresas, entidades p\u00fablicas, federaciones e instituciones que comparten nuestra forma de entender los eventos: planificaci\u00f3n, rigor y ejecuci\u00f3n profesional.<\/p>\n<p>Cada proyecto es distinto, pero todos tienen algo en com\u00fan: la confianza depositada en nuestro equipo para llevar a cabo eventos exigentes y bien estructurados.[\/et_pb_text][\/et_pb_column][et_pb_column type=\u00bb2_5&#8243; _builder_version=\u00bb4.16&#8243; _module_preset=\u00bbdefault\u00bb global_colors_info=\u00bb{}\u00bb][et_pb_image src=\u00bbhttps:\/\/gmevents.es\/wp-content\/uploads\/2026\/02\/cabecera-clientes.jpg\u00bb alt=\u00bbCarrera ciclista\u00bb title_text=\u00bbcabecera-clientes\u00bb align=\u00bbcenter\u00bb _builder_version=\u00bb4.27.5&#8243; _module_preset=\u00bbdefault\u00bb background_enable_color=\u00bboff\u00bb max_height=\u00bb440px\u00bb custom_margin=\u00bb-60px||10px||false|false\u00bb custom_margin_tablet=\u00bb0px||||false|false\u00bb custom_margin_phone=\u00bb\u00bb custom_margin_last_edited=\u00bbon|tablet\u00bb border_radii=\u00bbon|300px|300px|300px|300px\u00bb border_width_all=\u00bb33px\u00bb border_color_all=\u00bb#e2e2e2&#8243; border_width_all_tablet=\u00bb33px\u00bb border_width_all_phone=\u00bb20px\u00bb border_width_all_last_edited=\u00bbon|phone\u00bb global_colors_info=\u00bb{}\u00bb][\/et_pb_image][\/et_pb_column][\/et_pb_row][et_pb_row admin_label=\u00bbrow\u00bb _builder_version=\u00bb4.27.5&#8243; background_enable_image=\u00bboff\u00bb background_size=\u00bbinitial\u00bb background_position=\u00bbbottom_left\u00bb background_repeat=\u00bbrepeat\u00bb custom_margin=\u00bb30px||||false|false\u00bb custom_padding=\u00bb30px|||||\u00bb locked=\u00bboff\u00bb global_colors_info=\u00bb{}\u00bb][et_pb_column type=\u00bb4_4&#8243; _builder_version=\u00bb4.16&#8243; custom_padding=\u00bb|||\u00bb global_colors_info=\u00bb{}\u00bb custom_padding__hover=\u00bb|||\u00bb][et_pb_text admin_label=\u00bbText\u00bb _builder_version=\u00bb4.27.5&#8243; header_text_align=\u00bbcenter\u00bb header_text_color=\u00bb#000000&#8243; header_font_size=\u00bb37px\u00bb header_line_height=\u00bb1.2em\u00bb header_2_font=\u00bb|800|||||||\u00bb header_2_text_align=\u00bbcenter\u00bb header_2_font_size=\u00bb40px\u00bb background_size=\u00bbinitial\u00bb background_position=\u00bbtop_left\u00bb background_repeat=\u00bbrepeat\u00bb width=\u00bb550px\u00bb width_tablet=\u00bb100%\u00bb width_phone=\u00bb\u00bb width_last_edited=\u00bbon|phone\u00bb module_alignment=\u00bbcenter\u00bb header_2_font_size_tablet=\u00bb40px\u00bb header_2_font_size_phone=\u00bb28px\u00bb header_2_font_size_last_edited=\u00bbon|phone\u00bb global_colors_info=\u00bb{}\u00bb]<\/p>\n<h2>Colaboraciones basadas en la confianza<\/h2>\n<p>[\/et_pb_text][et_pb_text _builder_version=\u00bb4.27.5&#8243; _module_preset=\u00bbdefault\u00bb text_font=\u00bb|600|||||||\u00bb text_font_size=\u00bb16px\u00bb text_orientation=\u00bbcenter\u00bb width=\u00bb60%\u00bb width_tablet=\u00bb100%\u00bb width_phone=\u00bb100%\u00bb width_last_edited=\u00bbon|tablet\u00bb module_alignment=\u00bbcenter\u00bb global_colors_info=\u00bb{}\u00bb]<\/p>\n<p>Nuestro trabajo se apoya en relaciones profesionales construidas a largo plazo. Colaboramos con clientes que valoran la implicaci\u00f3n, la capacidad de adaptaci\u00f3n y la atenci\u00f3n al detalle en cada fase del evento.<\/p>\n<p>La confianza mutua es la base para desarrollar proyectos s\u00f3lidos y bien ejecutados.<\/p>\n<p>[\/et_pb_text][et_pb_image src=\u00bbhttps:\/\/gmevents.es\/wp-content\/uploads\/2026\/02\/circulos-azules.png\u00bb alt=\u00bb5 c\u00edrculos azules\u00bb title_text=\u00bbcirculos-azules\u00bb align=\u00bbcenter\u00bb _builder_version=\u00bb4.27.5&#8243; _module_preset=\u00bbdefault\u00bb global_colors_info=\u00bb{}\u00bb][\/et_pb_image][\/et_pb_column][\/et_pb_row][et_pb_row _builder_version=\u00bb4.27.5&#8243; _module_preset=\u00bbdefault\u00bb locked=\u00bboff\u00bb global_colors_info=\u00bb{}\u00bb][et_pb_column type=\u00bb4_4&#8243; _builder_version=\u00bb4.27.5&#8243; _module_preset=\u00bbdefault\u00bb global_colors_info=\u00bb{}\u00bb][wdcl_image_carousel slide_count=\u00bb5&#8243; arrow_color=\u00bb#FFFFFF\u00bb arrow_bg=\u00bb#257da2&#8243; arrow_pos_x=\u00bb-50px\u00bb slide_count_tablet=\u00bb3&#8243; slide_count_phone=\u00bb1&#8243; slide_count_last_edited=\u00bbon|phone\u00bb arrow_pos_x_tablet=\u00bb-50px\u00bb arrow_pos_x_phone=\u00bb-30px\u00bb arrow_pos_x_last_edited=\u00bbon|phone\u00bb _builder_version=\u00bb4.27.5&#8243; _module_preset=\u00bbdefault\u00bb global_colors_info=\u00bb{}\u00bb][wdcl_image_carousel_child admin_title=\u00bbPelda\u00f1o\u00bb photo=\u00bbhttps:\/\/gmevents.es\/wp-content\/uploads\/2026\/02\/cliente-peldano.jpg\u00bb _builder_version=\u00bb4.27.5&#8243; _module_preset=\u00bbdefault\u00bb global_colors_info=\u00bb{}\u00bb][\/wdcl_image_carousel_child][wdcl_image_carousel_child admin_title=\u00bbUnidad Editorial\u00bb photo=\u00bbhttps:\/\/gmevents.es\/wp-content\/uploads\/2026\/02\/logo-Unidad-Editorial.jpg\u00bb _builder_version=\u00bb4.27.5&#8243; _module_preset=\u00bbdefault\u00bb global_colors_info=\u00bb{}\u00bb][\/wdcl_image_carousel_child][wdcl_image_carousel_child admin_title=\u00bbAyuntamiento de San Lorenzo de El Escorial\u00bb photo=\u00bbhttps:\/\/gmevents.es\/wp-content\/uploads\/2026\/02\/cliente-ayuntamiento-san-lorenzo-de-El-Escorial.jpg\u00bb _builder_version=\u00bb4.27.5&#8243; _module_preset=\u00bbdefault\u00bb global_colors_info=\u00bb{}\u00bb][\/wdcl_image_carousel_child][wdcl_image_carousel_child admin_title=\u00bbAyuntamiento de Torrelodones\u00bb photo=\u00bbhttps:\/\/gmevents.es\/wp-content\/uploads\/2026\/02\/cliente-ayuntamiento-torrelodones.jpg\u00bb _builder_version=\u00bb4.27.5&#8243; _module_preset=\u00bbdefault\u00bb global_colors_info=\u00bb{}\u00bb][\/wdcl_image_carousel_child][wdcl_image_carousel_child admin_title=\u00bbBGCO EVENTOS\u00bb photo=\u00bbhttps:\/\/gmevents.es\/wp-content\/uploads\/2026\/02\/cliente-BGCO-eventos.jpg\u00bb _builder_version=\u00bb4.27.5&#8243; _module_preset=\u00bbdefault\u00bb global_colors_info=\u00bb{}\u00bb][\/wdcl_image_carousel_child][wdcl_image_carousel_child admin_title=\u00bbAyuntamiento de Galapagar\u00bb photo=\u00bbhttps:\/\/gmevents.es\/wp-content\/uploads\/2026\/02\/cliente-ayuntamiento-galapagar.jpg\u00bb _builder_version=\u00bb4.27.5&#8243; _module_preset=\u00bbdefault\u00bb global_colors_info=\u00bb{}\u00bb][\/wdcl_image_carousel_child][wdcl_image_carousel_child admin_title=\u00bbReal Federaci\u00f3n Espa\u00f1ola de Ciclismo\u00bb photo=\u00bbhttps:\/\/gmevents.es\/wp-content\/uploads\/2026\/02\/cliente-real-federacion-espanola-ciclismo.jpg\u00bb _builder_version=\u00bb4.27.5&#8243; _module_preset=\u00bbdefault\u00bb global_colors_info=\u00bb{}\u00bb][\/wdcl_image_carousel_child][wdcl_image_carousel_child admin_title=\u00bbFederaci\u00f3n Madrile\u00f1a de Ciclismo\u00bb photo=\u00bbhttps:\/\/gmevents.es\/wp-content\/uploads\/2026\/02\/cliente-fmc.jpg\u00bb _builder_version=\u00bb4.27.5&#8243; _module_preset=\u00bbdefault\u00bb global_colors_info=\u00bb{}\u00bb][\/wdcl_image_carousel_child][wdcl_image_carousel_child admin_title=\u00bbla vuelta\u00bb photo=\u00bbhttps:\/\/gmevents.es\/wp-content\/uploads\/2026\/02\/cliente-la-vuelta.jpg\u00bb _builder_version=\u00bb4.27.5&#8243; _module_preset=\u00bbdefault\u00bb global_colors_info=\u00bb{}\u00bb][\/wdcl_image_carousel_child][\/wdcl_image_carousel][\/et_pb_column][\/et_pb_row][et_pb_row _builder_version=\u00bb4.27.5&#8243; _module_preset=\u00bbdefault\u00bb global_colors_info=\u00bb{}\u00bb][et_pb_column type=\u00bb4_4&#8243; _builder_version=\u00bb4.27.5&#8243; _module_preset=\u00bbdefault\u00bb global_colors_info=\u00bb{}\u00bb][et_pb_blurb title=\u00bbEmpresas e instituciones con las que hemos trabajado\u00bb image=\u00bbhttps:\/\/gmevents.es\/wp-content\/uploads\/2026\/02\/quienes-somos-moduloH2-2.jpg\u00bb alt=\u00bbVarias personas en un podio\u00bb content_max_width=\u00bb100%\u00bb module_class=\u00bbmoduloH2&#8243; _builder_version=\u00bb4.27.5&#8243; _module_preset=\u00bbdefault\u00bb header_level=\u00bbh2&#8243; header_font=\u00bb|800|||||||\u00bb header_font_size=\u00bb35px\u00bb body_text_align=\u00bbleft\u00bb background_enable_color=\u00bboff\u00bb module_alignment=\u00bbcenter\u00bb custom_margin=\u00bb||30px||false|false\u00bb custom_margin_tablet=\u00bb||30px||false|false\u00bb custom_margin_phone=\u00bb|0%|30px||false|false\u00bb custom_margin_last_edited=\u00bbon|desktop\u00bb custom_padding=\u00bb10px||10px|12px|false|false\u00bb custom_padding_tablet=\u00bb10px||10px|12px|false|false\u00bb custom_padding_phone=\u00bb|10px||10px|true|true\u00bb custom_padding_last_edited=\u00bbon|phone\u00bb hover_enabled=\u00bb0&#8243; header_font_size_tablet=\u00bb22px\u00bb header_font_size_phone=\u00bb18px\u00bb header_font_size_last_edited=\u00bbon|phone\u00bb border_radii=\u00bboff|270px|||270px\u00bb border_width_left=\u00bb14px\u00bb border_color_left=\u00bb#7a7a7a\u00bb border_radii_tablet=\u00bboff|270px|||270px\u00bb border_radii_phone=\u00bboff|150px|150px||0px\u00bb border_radii_last_edited=\u00bbon|phone\u00bb border_width_left_tablet=\u00bb0px\u00bb border_width_left_phone=\u00bb0px\u00bb border_width_left_last_edited=\u00bbon|phone\u00bb border_color_left_tablet=\u00bb#7a7a7a\u00bb border_color_left_phone=\u00bb#e8e8e8&#8243; border_color_left_last_edited=\u00bbon|phone\u00bb locked=\u00bboff\u00bb global_colors_info=\u00bb{}\u00bb title_text=\u00bbquienes-somos-moduloH2-2&#8243; sticky_enabled=\u00bb0&#8243;]<\/p>\n<p>Hemos participado en proyectos para organizaciones de distintos \u00e1mbitos, entre las que se encuentran:<\/p>\n<ul>\n<li>PeldanoMedia Group<\/li>\n<li>BGCO Eventos<\/li>\n<li>Real Federaci\u00f3n Espa\u00f1ola de Ciclismo<\/li>\n<li>Federaci\u00f3n Madrile\u00f1a de Ciclismo<\/li>\n<li>Excmo. Ayuntamiento de San Lorenzo de El Escorial<\/li>\n<li>Ayuntamiento de Torrelodones<\/li>\n<li>Ayuntamiento de Galapagar<\/li>\n<li>Campeonatos de Espa\u00f1a de Ciclismo Profesional<\/li>\n<li>Unidad Editorial<\/li>\n<\/ul>\n<p>[\/et_pb_blurb][et_pb_text _builder_version=\u00bb4.27.5&#8243; _module_preset=\u00bbdefault\u00bb hover_enabled=\u00bb0&#8243; sticky_enabled=\u00bb0&#8243;]<\/p>\n<p style=\"text-align: center;\">Estas colaboraciones reflejan nuestra capacidad para adaptarnos a diferentes formatos, p\u00fablicos y niveles de exigencia.<\/p>\n<p>[\/et_pb_text][\/et_pb_column][\/et_pb_row][et_pb_row _builder_version=\u00bb4.27.5&#8243; _module_preset=\u00bbdefault\u00bb global_colors_info=\u00bb{}\u00bb][et_pb_column type=\u00bb4_4&#8243; _builder_version=\u00bb4.27.5&#8243; _module_preset=\u00bbdefault\u00bb global_colors_info=\u00bb{}\u00bb][et_pb_blurb title=\u00bbEventos corporativos, deportivos e institucionales\u00bb image=\u00bbhttps:\/\/gmevents.es\/wp-content\/uploads\/2026\/02\/produccion-eventos-deportivos.jpg\u00bb alt=\u00bbVarias personas en un podio\u00bb content_max_width=\u00bb100%\u00bb module_class=\u00bbmoduloH2 contrario\u00bb _builder_version=\u00bb4.27.5&#8243; _module_preset=\u00bbdefault\u00bb header_level=\u00bbh2&#8243; header_font=\u00bb|700|||||||\u00bb header_font_size=\u00bb22px\u00bb body_text_align=\u00bbleft\u00bb custom_margin=\u00bb||30px||false|false\u00bb hover_enabled=\u00bb0&#8243; header_font_size_tablet=\u00bb22px\u00bb header_font_size_phone=\u00bb18px\u00bb header_font_size_last_edited=\u00bbon|phone\u00bb border_radii=\u00bboff||270px|270px|\u00bb border_width_right=\u00bb14px\u00bb border_color_right=\u00bb#7a7a7a\u00bb border_radii_tablet=\u00bboff||270px|270px|\u00bb border_radii_phone=\u00bboff|150px|150px|0px|\u00bb border_radii_last_edited=\u00bbon|phone\u00bb border_width_right_tablet=\u00bb0px\u00bb border_width_right_phone=\u00bb0px\u00bb border_width_right_last_edited=\u00bbon|phone\u00bb border_color_right_tablet=\u00bb#7a7a7a\u00bb border_color_right_phone=\u00bb#e8e8e8&#8243; border_color_right_last_edited=\u00bbon|phone\u00bb locked=\u00bboff\u00bb global_colors_info=\u00bb{}\u00bb title_text=\u00bbproduccion-eventos-deportivos\u00bb sticky_enabled=\u00bb0&#8243;]Nuestros clientes conf\u00edan en nosotros para la producci\u00f3n de eventos corporativos, deportivos e institucionales, tanto en proyectos completos como en servicios espec\u00edficos de producci\u00f3n, log\u00edstica o soporte t\u00e9cnico.<\/p>\n<p>Cada colaboraci\u00f3n refuerza nuestra experiencia y nos permite seguir creciendo como partner de referencia en el sector de los eventos.[\/et_pb_blurb][\/et_pb_column][\/et_pb_row][et_pb_row _builder_version=\u00bb4.27.5&#8243; _module_preset=\u00bbdefault\u00bb global_colors_info=\u00bb{}\u00bb][et_pb_column type=\u00bb4_4&#8243; _builder_version=\u00bb4.27.5&#8243; _module_preset=\u00bbdefault\u00bb global_colors_info=\u00bb{}\u00bb][et_pb_blurb title=\u00bbCompromiso con cada proyecto\u00bb image=\u00bbhttps:\/\/gmevents.es\/wp-content\/uploads\/2026\/02\/medalla.jpg\u00bb alt=\u00bbPrimer plano de un ciclista\u00bb content_max_width=\u00bb100%\u00bb module_class=\u00bbmoduloH2&#8243; _builder_version=\u00bb4.27.5&#8243; _module_preset=\u00bbdefault\u00bb header_level=\u00bbh2&#8243; header_font=\u00bb|800|||||||\u00bb header_font_size=\u00bb35px\u00bb body_text_align=\u00bbleft\u00bb background_enable_color=\u00bboff\u00bb module_alignment=\u00bbcenter\u00bb custom_margin=\u00bb||30px||false|false\u00bb custom_margin_tablet=\u00bb||30px||false|false\u00bb custom_margin_phone=\u00bb|0%|30px||false|false\u00bb custom_margin_last_edited=\u00bbon|desktop\u00bb custom_padding=\u00bb10px||10px|12px|false|false\u00bb custom_padding_tablet=\u00bb10px||10px|12px|false|false\u00bb custom_padding_phone=\u00bb|10px||10px|true|true\u00bb custom_padding_last_edited=\u00bbon|phone\u00bb hover_enabled=\u00bb0&#8243; header_font_size_tablet=\u00bb22px\u00bb header_font_size_phone=\u00bb18px\u00bb header_font_size_last_edited=\u00bbon|phone\u00bb border_radii=\u00bboff|270px|||270px\u00bb border_width_left=\u00bb14px\u00bb border_color_left=\u00bb#7a7a7a\u00bb border_radii_tablet=\u00bboff|270px|||270px\u00bb border_radii_phone=\u00bboff|150px|150px||0px\u00bb border_radii_last_edited=\u00bbon|phone\u00bb border_width_left_tablet=\u00bb0px\u00bb border_width_left_phone=\u00bb0px\u00bb border_width_left_last_edited=\u00bbon|phone\u00bb border_color_left_tablet=\u00bb#7a7a7a\u00bb border_color_left_phone=\u00bb#e8e8e8&#8243; border_color_left_last_edited=\u00bbon|phone\u00bb locked=\u00bboff\u00bb global_colors_info=\u00bb{}\u00bb title_text=\u00bbmedalla\u00bb sticky_enabled=\u00bb0&#8243;]Independientemente del tama\u00f1o o la complejidad del evento, abordamos cada proyecto con el mismo nivel de compromiso y profesionalidad.<\/p>\n<p>Nuestro objetivo es ofrecer soluciones eficaces que aporten tranquilidad al cliente y garanticen un desarrollo fluido del evento.[\/et_pb_blurb][\/et_pb_column][\/et_pb_row][et_pb_row _builder_version=\u00bb4.27.5&#8243; _module_preset=\u00bbdefault\u00bb global_colors_info=\u00bb{}\u00bb][et_pb_column type=\u00bb4_4&#8243; _builder_version=\u00bb4.27.5&#8243; _module_preset=\u00bbdefault\u00bb global_colors_info=\u00bb{}\u00bb][et_pb_blurb title=\u00bbSeguimos construyendo relaciones profesionales\u00bb image=\u00bbhttps:\/\/gmevents.es\/wp-content\/uploads\/2026\/02\/quienes-somos-moduloH2-4.jpg\u00bb alt=\u00bbCiclistas bajando un puerto\u00bb content_max_width=\u00bb100%\u00bb module_class=\u00bbmoduloH2 contrario\u00bb _builder_version=\u00bb4.27.5&#8243; _module_preset=\u00bbdefault\u00bb header_level=\u00bbh2&#8243; header_font=\u00bb|700|||||||\u00bb header_font_size=\u00bb22px\u00bb body_text_align=\u00bbleft\u00bb custom_margin=\u00bb||30px||false|false\u00bb header_font_size_tablet=\u00bb22px\u00bb header_font_size_phone=\u00bb18px\u00bb header_font_size_last_edited=\u00bbon|phone\u00bb border_radii=\u00bboff||270px|270px|\u00bb border_width_right=\u00bb14px\u00bb border_color_right=\u00bb#7a7a7a\u00bb border_radii_tablet=\u00bboff||270px|270px|\u00bb border_radii_phone=\u00bboff|150px|150px|0px|\u00bb border_radii_last_edited=\u00bbon|phone\u00bb border_width_right_tablet=\u00bb0px\u00bb border_width_right_phone=\u00bb0px\u00bb border_width_right_last_edited=\u00bbon|phone\u00bb border_color_right_tablet=\u00bb#7a7a7a\u00bb border_color_right_phone=\u00bb#e8e8e8&#8243; border_color_right_last_edited=\u00bbon|phone\u00bb locked=\u00bboff\u00bb global_colors_info=\u00bb{}\u00bb]Continuamos trabajando junto a empresas e instituciones que buscan un partner fiable para sus eventos. Cada nuevo proyecto es una oportunidad para demostrar nuestra forma de trabajar y nuestra implicaci\u00f3n.[\/et_pb_blurb][\/et_pb_column][\/et_pb_row][\/et_pb_section]<\/p>\n","protected":false},"excerpt":{"rendered":"<p>GM Events &amp; Sports ExperiencesClientesA lo largo de nuestra trayectoria hemos colaborado con empresas, entidades p\u00fablicas, federaciones e instituciones que comparten nuestra forma de entender los eventos: planificaci\u00f3n, rigor y ejecuci\u00f3n profesional. Cada proyecto es distinto, pero todos tienen algo en com\u00fan: la confianza depositada en nuestro equipo para llevar a cabo eventos exigentes y [&hellip;]<\/p>\n","protected":false},"author":1,"featured_media":0,"parent":0,"menu_order":0,"comment_status":"closed","ping_status":"closed","template":"","meta":{"_et_pb_use_builder":"on","_et_pb_old_content":"","_et_gb_content_width":"","footnotes":""},"class_list":["post-17","page","type-page","status-publish","hentry"],"yoast_head":"<!-- This site is optimized with the Yoast SEO plugin v27.2 - https:\/\/yoast.com\/product\/yoast-seo-wordpress\/ -->\n<title>Clientes | Empresas e instituciones que conf\u00edan en nosotros<\/title>\n<meta name=\"description\" content=\"Empresas, federaciones e instituciones que han confiado en GM Events &amp; Sports Experiences para la producci\u00f3n y organizaci\u00f3n de eventos corporativos y deportivos.\" \/>\n<meta name=\"robots\" content=\"index, follow, max-snippet:-1, max-image-preview:large, max-video-preview:-1\" \/>\n<link rel=\"canonical\" href=\"https:\/\/gmevents.es\/en\/clientes\/\" \/>\n<meta property=\"og:locale\" content=\"en_GB\" \/>\n<meta property=\"og:type\" content=\"article\" \/>\n<meta property=\"og:title\" content=\"Clientes | Empresas e instituciones que conf\u00edan en nosotros\" \/>\n<meta property=\"og:description\" content=\"Empresas, federaciones e instituciones que han confiado en GM Events &amp; Sports Experiences para la producci\u00f3n y organizaci\u00f3n de eventos corporativos y deportivos.\" \/>\n<meta property=\"og:url\" content=\"https:\/\/gmevents.es\/en\/clientes\/\" \/>\n<meta property=\"og:site_name\" content=\"GM Events Sports Experiences\" \/>\n<meta property=\"article:modified_time\" content=\"2026-02-25T10:55:34+00:00\" \/>\n<meta name=\"twitter:card\" content=\"summary_large_image\" \/>\n<script type=\"application\/ld+json\" class=\"yoast-schema-graph\">{\"@context\":\"https:\/\/schema.org\",\"@graph\":[{\"@type\":\"WebPage\",\"@id\":\"https:\/\/gmevents.es\/clientes\/\",\"url\":\"https:\/\/gmevents.es\/clientes\/\",\"name\":\"Clientes | Empresas e instituciones que conf\u00edan en nosotros\",\"isPartOf\":{\"@id\":\"https:\/\/gmevents.es\/#website\"},\"datePublished\":\"2026-02-10T10:47:48+00:00\",\"dateModified\":\"2026-02-25T10:55:34+00:00\",\"description\":\"Empresas, federaciones e instituciones que han confiado en GM Events & Sports Experiences para la producci\u00f3n y organizaci\u00f3n de eventos corporativos y deportivos.\",\"breadcrumb\":{\"@id\":\"https:\/\/gmevents.es\/clientes\/#breadcrumb\"},\"inLanguage\":\"en-GB\",\"potentialAction\":[{\"@type\":\"ReadAction\",\"target\":[\"https:\/\/gmevents.es\/clientes\/\"]}]},{\"@type\":\"BreadcrumbList\",\"@id\":\"https:\/\/gmevents.es\/clientes\/#breadcrumb\",\"itemListElement\":[{\"@type\":\"ListItem\",\"position\":1,\"name\":\"Portada\",\"item\":\"https:\/\/gmevents.es\/\"},{\"@type\":\"ListItem\",\"position\":2,\"name\":\"Clientes\"}]},{\"@type\":\"WebSite\",\"@id\":\"https:\/\/gmevents.es\/#website\",\"url\":\"https:\/\/gmevents.es\/\",\"name\":\"GM Events Sports Experiences\",\"description\":\"\",\"potentialAction\":[{\"@type\":\"SearchAction\",\"target\":{\"@type\":\"EntryPoint\",\"urlTemplate\":\"https:\/\/gmevents.es\/?s={search_term_string}\"},\"query-input\":{\"@type\":\"PropertyValueSpecification\",\"valueRequired\":true,\"valueName\":\"search_term_string\"}}],\"inLanguage\":\"en-GB\"}]}<\/script>\n<!-- \/ Yoast SEO plugin. -->","yoast_head_json":{"title":"Clientes | Empresas e instituciones que conf\u00edan en nosotros","description":"Empresas, federaciones e instituciones que han confiado en GM Events & Sports Experiences para la producci\u00f3n y organizaci\u00f3n de eventos corporativos y deportivos.","robots":{"index":"index","follow":"follow","max-snippet":"max-snippet:-1","max-image-preview":"max-image-preview:large","max-video-preview":"max-video-preview:-1"},"canonical":"https:\/\/gmevents.es\/en\/clientes\/","og_locale":"en_GB","og_type":"article","og_title":"Clientes | Empresas e instituciones que conf\u00edan en nosotros","og_description":"Empresas, federaciones e instituciones que han confiado en GM Events & Sports Experiences para la producci\u00f3n y organizaci\u00f3n de eventos corporativos y deportivos.","og_url":"https:\/\/gmevents.es\/en\/clientes\/","og_site_name":"GM Events Sports Experiences","article_modified_time":"2026-02-25T10:55:34+00:00","twitter_card":"summary_large_image","schema":{"@context":"https:\/\/schema.org","@graph":[{"@type":"WebPage","@id":"https:\/\/gmevents.es\/clientes\/","url":"https:\/\/gmevents.es\/clientes\/","name":"Clientes | Empresas e instituciones que conf\u00edan en nosotros","isPartOf":{"@id":"https:\/\/gmevents.es\/#website"},"datePublished":"2026-02-10T10:47:48+00:00","dateModified":"2026-02-25T10:55:34+00:00","description":"Empresas, federaciones e instituciones que han confiado en GM Events & Sports Experiences para la producci\u00f3n y organizaci\u00f3n de eventos corporativos y deportivos.","breadcrumb":{"@id":"https:\/\/gmevents.es\/clientes\/#breadcrumb"},"inLanguage":"en-GB","potentialAction":[{"@type":"ReadAction","target":["https:\/\/gmevents.es\/clientes\/"]}]},{"@type":"BreadcrumbList","@id":"https:\/\/gmevents.es\/clientes\/#breadcrumb","itemListElement":[{"@type":"ListItem","position":1,"name":"Portada","item":"https:\/\/gmevents.es\/"},{"@type":"ListItem","position":2,"name":"Clientes"}]},{"@type":"WebSite","@id":"https:\/\/gmevents.es\/#website","url":"https:\/\/gmevents.es\/","name":"GM Events Sports Experiences","description":"","potentialAction":[{"@type":"SearchAction","target":{"@type":"EntryPoint","urlTemplate":"https:\/\/gmevents.es\/?s={search_term_string}"},"query-input":{"@type":"PropertyValueSpecification","valueRequired":true,"valueName":"search_term_string"}}],"inLanguage":"en-GB"}]}},"_links":{"self":[{"href":"https:\/\/gmevents.es\/en\/wp-json\/wp\/v2\/pages\/17","targetHints":{"allow":["GET"]}}],"collection":[{"href":"https:\/\/gmevents.es\/en\/wp-json\/wp\/v2\/pages"}],"about":[{"href":"https:\/\/gmevents.es\/en\/wp-json\/wp\/v2\/types\/page"}],"author":[{"embeddable":true,"href":"https:\/\/gmevents.es\/en\/wp-json\/wp\/v2\/users\/1"}],"replies":[{"embeddable":true,"href":"https:\/\/gmevents.es\/en\/wp-json\/wp\/v2\/comments?post=17"}],"version-history":[{"count":14,"href":"https:\/\/gmevents.es\/en\/wp-json\/wp\/v2\/pages\/17\/revisions"}],"predecessor-version":[{"id":721,"href":"https:\/\/gmevents.es\/en\/wp-json\/wp\/v2\/pages\/17\/revisions\/721"}],"wp:attachment":[{"href":"https:\/\/gmevents.es\/en\/wp-json\/wp\/v2\/media?parent=17"}],"curies":[{"name":"wp","href":"https:\/\/api.w.org\/{rel}","templated":true}]}}