{"id":2,"date":"2026-02-02T19:20:34","date_gmt":"2026-02-02T19:20:34","guid":{"rendered":"https:\/\/gmevents.es\/?page_id=2"},"modified":"2026-03-02T18:21:23","modified_gmt":"2026-03-02T18:21:23","slug":"inicio","status":"publish","type":"page","link":"https:\/\/gmevents.es\/en\/","title":{"rendered":"Home"},"content":{"rendered":"<p>[et_pb_section fb_built=\u00bb1&#8243; admin_label=\u00bbsection\u00bb _builder_version=\u00bb4.16&#8243; custom_padding=\u00bb||39px|||\u00bb global_colors_info=\u00bb{}\u00bb][et_pb_row admin_label=\u00bbrow\u00bb _builder_version=\u00bb4.16&#8243; background_size=\u00bbinitial\u00bb background_position=\u00bbtop_left\u00bb background_repeat=\u00bbrepeat\u00bb global_colors_info=\u00bb{}\u00bb][et_pb_column type=\u00bb4_4&#8243; _builder_version=\u00bb4.16&#8243; custom_padding=\u00bb|||\u00bb global_colors_info=\u00bb{}\u00bb custom_padding__hover=\u00bb|||\u00bb][et_pb_text admin_label=\u00bbText\u00bb _builder_version=\u00bb4.27.5&#8243; header_font=\u00bb|800|||||||\u00bb header_text_align=\u00bbcenter\u00bb header_text_color=\u00bb#000000&#8243; header_font_size=\u00bb37px\u00bb header_line_height=\u00bb1.2em\u00bb background_size=\u00bbinitial\u00bb background_position=\u00bbtop_left\u00bb background_repeat=\u00bbrepeat\u00bb width=\u00bb550px\u00bb width_tablet=\u00bb100%\u00bb width_phone=\u00bb\u00bb width_last_edited=\u00bbon|phone\u00bb module_alignment=\u00bbcenter\u00bb header_font_size_tablet=\u00bb37px\u00bb header_font_size_phone=\u00bb28px\u00bb header_font_size_last_edited=\u00bbon|phone\u00bb global_colors_info=\u00bb{}\u00bb]<\/p>\n<h1>Producci\u00f3n de eventos corporativos y deportivos que dejan huella<\/h1>\n<p>[\/et_pb_text][et_pb_text _builder_version=\u00bb4.27.5&#8243; _module_preset=\u00bbdefault\u00bb text_orientation=\u00bbcenter\u00bb width=\u00bb60%\u00bb width_tablet=\u00bb100%\u00bb width_phone=\u00bb100%\u00bb width_last_edited=\u00bbon|phone\u00bb module_alignment=\u00bbcenter\u00bb global_colors_info=\u00bb{}\u00bb]<\/p>\n<p>En GM Events &amp; Sports Experiences concebimos y producimos eventos pensados para generar impacto real. Trabajamos junto a marcas, instituciones y organizaciones que buscan algo m\u00e1s que un evento: una experiencia bien dise\u00f1ada, bien ejecutada y recordada en el tiempo.<\/p>\n<p>[\/et_pb_text][\/et_pb_column][\/et_pb_row][\/et_pb_section][et_pb_section fb_built=\u00bb1&#8243; _builder_version=\u00bb4.27.5&#8243; _module_preset=\u00bbdefault\u00bb custom_padding=\u00bb0px||0px||true|false\u00bb global_colors_info=\u00bb{}\u00bb][et_pb_row column_structure=\u00bb1_3,1_3,1_3&#8243; use_custom_gutter=\u00bbon\u00bb gutter_width=\u00bb1&#8243; module_class=\u00bbburbujasHome\u00bb _builder_version=\u00bb4.27.5&#8243; _module_preset=\u00bbdefault\u00bb global_colors_info=\u00bb{}\u00bb][et_pb_column type=\u00bb1_3&#8243; _builder_version=\u00bb4.27.5&#8243; _module_preset=\u00bbdefault\u00bb global_colors_info=\u00bb{}\u00bb][et_pb_blurb title=\u00bbSomos arquitectos de experiencias a medida\u00bb image=\u00bbhttps:\/\/gmevents.es\/wp-content\/uploads\/2026\/02\/moduloHome-1.jpg\u00bb alt=\u00bbCarrera ciclista\u00bb module_class=\u00bbmoduloHome primero\u00bb _builder_version=\u00bb4.27.5&#8243; _module_preset=\u00bbdefault\u00bb header_level=\u00bbh2&#8243; header_font=\u00bb|700|||||||\u00bb header_font_size=\u00bb22px\u00bb body_text_align=\u00bbcenter\u00bb custom_margin=\u00bb||30px||false|false\u00bb link_option_url=\u00bb\/eventos-deportivos\/\u00bb header_font_size_tablet=\u00bb22px\u00bb header_font_size_phone=\u00bb18px\u00bb header_font_size_last_edited=\u00bbon|phone\u00bb global_colors_info=\u00bb{}\u00bb][\/et_pb_blurb][et_pb_text _builder_version=\u00bb4.27.5&#8243; _module_preset=\u00bbdefault\u00bb text_orientation=\u00bbcenter\u00bb custom_padding=\u00bb|30px||30px|false|true\u00bb global_colors_info=\u00bb{}\u00bb]<\/p>\n<p>No entendemos los eventos como soluciones est\u00e1ndar. Cada proyecto nace del an\u00e1lisis, el di\u00e1logo y la comprensi\u00f3n profunda de lo que el cliente necesita comunicar, transmitir o celebrar.<\/p>\n<p>[\/et_pb_text][\/et_pb_column][et_pb_column type=\u00bb1_3&#8243; _builder_version=\u00bb4.27.5&#8243; _module_preset=\u00bbdefault\u00bb global_colors_info=\u00bb{}\u00bb][et_pb_blurb title=\u00bbEventos corporativos, deportivos e institucionales\u00bb image=\u00bbhttps:\/\/gmevents.es\/wp-content\/uploads\/2026\/02\/eventos-corporativos.jpg\u00bb alt=\u00bbPersona cortando una cinta de la Vuelta ciclista\u00bb module_class=\u00bbmoduloHome segundo\u00bb _builder_version=\u00bb4.27.5&#8243; _module_preset=\u00bbdefault\u00bb header_level=\u00bbh2&#8243; header_font=\u00bb|700|||||||\u00bb header_font_size=\u00bb22px\u00bb body_text_align=\u00bbcenter\u00bb custom_margin=\u00bb||30px||false|false\u00bb link_option_url=\u00bb\/eventos-corporativos\/\u00bb header_font_size_tablet=\u00bb22px\u00bb header_font_size_phone=\u00bb18px\u00bb header_font_size_last_edited=\u00bbon|phone\u00bb global_colors_info=\u00bb{}\u00bb][\/et_pb_blurb][et_pb_text _builder_version=\u00bb4.27.5&#8243; _module_preset=\u00bbdefault\u00bb text_orientation=\u00bbcenter\u00bb custom_padding=\u00bb|30px||30px|false|true\u00bb global_colors_info=\u00bb{}\u00bb]Desarrollamos experiencias en distintos \u00e1mbitos, siempre adaptadas al contexto, al p\u00fablico y a los objetivos de cada organizaci\u00f3n.[\/et_pb_text][\/et_pb_column][et_pb_column type=\u00bb1_3&#8243; _builder_version=\u00bb4.27.5&#8243; _module_preset=\u00bbdefault\u00bb global_colors_info=\u00bb{}\u00bb][et_pb_blurb title=\u00bbProducci\u00f3n de eventos con un enfoque integral\u00bb image=\u00bbhttps:\/\/gmevents.es\/wp-content\/uploads\/2026\/02\/moduloHome-3.jpg\u00bb alt=\u00bbPersonas en un evento festivo\u00bb module_class=\u00bbmoduloHome tercero\u00bb _builder_version=\u00bb4.27.5&#8243; _module_preset=\u00bbdefault\u00bb header_level=\u00bbh2&#8243; header_font=\u00bb|700|||||||\u00bb header_font_size=\u00bb22px\u00bb body_text_align=\u00bbcenter\u00bb custom_margin=\u00bb||30px||false|false\u00bb link_option_url=\u00bb\/produccion-de-eventos-360o\/\u00bb header_font_size_tablet=\u00bb22px\u00bb header_font_size_phone=\u00bb18px\u00bb header_font_size_last_edited=\u00bbon|phone\u00bb global_colors_info=\u00bb{}\u00bb][\/et_pb_blurb][et_pb_text _builder_version=\u00bb4.27.5&#8243; _module_preset=\u00bbdefault\u00bb text_orientation=\u00bbcenter\u00bb custom_padding=\u00bb|30px||30px|false|true\u00bb global_colors_info=\u00bb{}\u00bb]<\/p>\n<p>Dise\u00f1amos y producimos eventos corporativos que refuerzan la imagen de marca, fomentan relaciones profesionales y generan valor real para las empresas.<\/p>\n<p>[\/et_pb_text][\/et_pb_column][\/et_pb_row][et_pb_row column_structure=\u00bb1_2,1_2&#8243; use_custom_gutter=\u00bbon\u00bb gutter_width=\u00bb1&#8243; module_class=\u00bbburbujasHome\u00bb _builder_version=\u00bb4.27.5&#8243; _module_preset=\u00bbdefault\u00bb global_colors_info=\u00bb{}\u00bb][et_pb_column type=\u00bb1_2&#8243; _builder_version=\u00bb4.27.5&#8243; _module_preset=\u00bbdefault\u00bb global_colors_info=\u00bb{}\u00bb][et_pb_blurb title=\u00bbLog\u00edstica personalizada y gesti\u00f3n t\u00e9cnica\u00bb image=\u00bbhttps:\/\/gmevents.es\/wp-content\/uploads\/2026\/02\/moduloHome-4.jpg\u00bb alt=\u00bbPREMIOS GACETA DENTAL FOTO BOLSAS\u00bb module_class=\u00bbmoduloHome cuarto\u00bb _builder_version=\u00bb4.27.5&#8243; _module_preset=\u00bbdefault\u00bb header_level=\u00bbh2&#8243; header_font=\u00bb|700|||||||\u00bb header_font_size=\u00bb22px\u00bb body_text_align=\u00bbcenter\u00bb custom_margin=\u00bb||30px||false|false\u00bb link_option_url=\u00bb\/logistica-y-montaje\/\u00bb header_font_size_tablet=\u00bb22px\u00bb header_font_size_phone=\u00bb18px\u00bb header_font_size_last_edited=\u00bbon|phone\u00bb global_colors_info=\u00bb{}\u00bb][\/et_pb_blurb][et_pb_text _builder_version=\u00bb4.27.5&#8243; _module_preset=\u00bbdefault\u00bb text_orientation=\u00bbcenter\u00bb custom_padding=\u00bb|30px||30px|false|true\u00bb global_colors_info=\u00bb{}\u00bb]La log\u00edstica es una parte clave del \u00e9xito de cualquier evento. Dise\u00f1amos soluciones log\u00edsticas personalizadas, ajustadas a cada espacio, formato y n\u00famero de asistentes.[\/et_pb_text][\/et_pb_column][et_pb_column type=\u00bb1_2&#8243; _builder_version=\u00bb4.27.5&#8243; _module_preset=\u00bbdefault\u00bb global_colors_info=\u00bb{}\u00bb][et_pb_blurb title=\u00bbCami\u00f3n escenario y soluciones de tarima\u00bb image=\u00bbhttps:\/\/gmevents.es\/wp-content\/uploads\/2026\/03\/CamionUso.jpg\u00bb alt=\u00bbCami\u00f3n escenario\u00bb module_class=\u00bbmoduloHome quinto\u00bb _builder_version=\u00bb4.27.5&#8243; _module_preset=\u00bbdefault\u00bb header_level=\u00bbh2&#8243; header_font=\u00bb|700|||||||\u00bb header_font_size=\u00bb22px\u00bb body_text_align=\u00bbcenter\u00bb custom_margin=\u00bb||30px||false|false\u00bb link_option_url=\u00bb\/camion-escenario\/\u00bb hover_enabled=\u00bb0&#8243; header_font_size_tablet=\u00bb22px\u00bb header_font_size_phone=\u00bb18px\u00bb header_font_size_last_edited=\u00bbon|phone\u00bb global_colors_info=\u00bb{}\u00bb title_text=\u00bbCamionUso\u00bb sticky_enabled=\u00bb0&#8243;][\/et_pb_blurb][et_pb_text _builder_version=\u00bb4.27.5&#8243; _module_preset=\u00bbdefault\u00bb text_orientation=\u00bbcenter\u00bb custom_padding=\u00bb|30px||30px|false|true\u00bb global_colors_info=\u00bb{}\u00bb]Ponemos a disposici\u00f3n de nuestros clientes un cami\u00f3n escenario vers\u00e1til y funcional, ideal para eventos deportivos, institucionales y promocionales.[\/et_pb_text][\/et_pb_column][\/et_pb_row][et_pb_row admin_label=\u00bbrow\u00bb _builder_version=\u00bb4.16&#8243; background_size=\u00bbinitial\u00bb background_position=\u00bbtop_left\u00bb background_repeat=\u00bbrepeat\u00bb global_colors_info=\u00bb{}\u00bb][et_pb_column type=\u00bb4_4&#8243; _builder_version=\u00bb4.16&#8243; custom_padding=\u00bb|||\u00bb global_colors_info=\u00bb{}\u00bb custom_padding__hover=\u00bb|||\u00bb][et_pb_image src=\u00bbhttps:\/\/gmevents.es\/wp-content\/uploads\/2026\/02\/circulos-azules.png\u00bb alt=\u00bb5 c\u00edrculos azules\u00bb title_text=\u00bbcirculos-azules\u00bb align=\u00bbcenter\u00bb _builder_version=\u00bb4.27.5&#8243; _module_preset=\u00bbdefault\u00bb animation_style=\u00bbzoom\u00bb global_colors_info=\u00bb{}\u00bb][\/et_pb_image][et_pb_text admin_label=\u00bbText\u00bb _builder_version=\u00bb4.27.5&#8243; header_text_align=\u00bbcenter\u00bb header_text_color=\u00bb#000000&#8243; header_font_size=\u00bb37px\u00bb header_line_height=\u00bb1.2em\u00bb header_2_font=\u00bb|800|||||||\u00bb header_2_text_align=\u00bbcenter\u00bb header_2_font_size=\u00bb37px\u00bb background_size=\u00bbinitial\u00bb background_position=\u00bbtop_left\u00bb background_repeat=\u00bbrepeat\u00bb width=\u00bb550px\u00bb width_tablet=\u00bb100%\u00bb width_phone=\u00bb\u00bb width_last_edited=\u00bbon|phone\u00bb module_alignment=\u00bbcenter\u00bb global_colors_info=\u00bb{}\u00bb]<\/p>\n<h2>Clientes que conf\u00edan en nuestro trabajo<\/h2>\n<p>[\/et_pb_text][et_pb_text _builder_version=\u00bb4.27.5&#8243; _module_preset=\u00bbdefault\u00bb text_orientation=\u00bbcenter\u00bb width=\u00bb60%\u00bb width_tablet=\u00bb100%\u00bb width_phone=\u00bb100%\u00bb width_last_edited=\u00bbon|tablet\u00bb module_alignment=\u00bbcenter\u00bb global_colors_info=\u00bb{}\u00bb]<\/p>\n<p>A lo largo de nuestra trayectoria hemos colaborado con empresas, federaciones e instituciones que valoran la profesionalidad, la implicaci\u00f3n y la capacidad de respuesta. Cada proyecto es una nueva oportunidad para construir relaciones basadas en la confianza y los resultados.<\/p>\n<p>[\/et_pb_text][\/et_pb_column][\/et_pb_row][et_pb_row _builder_version=\u00bb4.27.5&#8243; _module_preset=\u00bbdefault\u00bb global_colors_info=\u00bb{}\u00bb][et_pb_column type=\u00bb4_4&#8243; _builder_version=\u00bb4.27.5&#8243; _module_preset=\u00bbdefault\u00bb global_colors_info=\u00bb{}\u00bb][wdcl_image_carousel slide_count=\u00bb5&#8243; arrow_color=\u00bb#FFFFFF\u00bb arrow_bg=\u00bb#257da2&#8243; arrow_pos_x=\u00bb-50px\u00bb slide_count_tablet=\u00bb3&#8243; slide_count_phone=\u00bb1&#8243; slide_count_last_edited=\u00bbon|phone\u00bb arrow_pos_x_tablet=\u00bb-50px\u00bb arrow_pos_x_phone=\u00bb-30px\u00bb arrow_pos_x_last_edited=\u00bbon|phone\u00bb _builder_version=\u00bb4.27.5&#8243; _module_preset=\u00bbdefault\u00bb global_colors_info=\u00bb{}\u00bb][wdcl_image_carousel_child admin_title=\u00bbPelda\u00f1o\u00bb photo=\u00bbhttps:\/\/gmevents.es\/wp-content\/uploads\/2026\/02\/cliente-peldano.jpg\u00bb _builder_version=\u00bb4.27.5&#8243; _module_preset=\u00bbdefault\u00bb global_colors_info=\u00bb{}\u00bb][\/wdcl_image_carousel_child][wdcl_image_carousel_child admin_title=\u00bbUnidad Editorial\u00bb photo=\u00bbhttps:\/\/gmevents.es\/wp-content\/uploads\/2026\/02\/logo-Unidad-Editorial.jpg\u00bb _builder_version=\u00bb4.27.5&#8243; _module_preset=\u00bbdefault\u00bb global_colors_info=\u00bb{}\u00bb][\/wdcl_image_carousel_child][wdcl_image_carousel_child admin_title=\u00bbAyuntamiento de San Lorenzo de El Escorial\u00bb photo=\u00bbhttps:\/\/gmevents.es\/wp-content\/uploads\/2026\/02\/cliente-ayuntamiento-san-lorenzo-de-El-Escorial.jpg\u00bb _builder_version=\u00bb4.27.5&#8243; _module_preset=\u00bbdefault\u00bb global_colors_info=\u00bb{}\u00bb][\/wdcl_image_carousel_child][wdcl_image_carousel_child admin_title=\u00bbAyuntamiento de Torrelodones\u00bb photo=\u00bbhttps:\/\/gmevents.es\/wp-content\/uploads\/2026\/02\/cliente-ayuntamiento-torrelodones.jpg\u00bb _builder_version=\u00bb4.27.5&#8243; _module_preset=\u00bbdefault\u00bb global_colors_info=\u00bb{}\u00bb][\/wdcl_image_carousel_child][wdcl_image_carousel_child admin_title=\u00bbBGCO EVENTOS\u00bb photo=\u00bbhttps:\/\/gmevents.es\/wp-content\/uploads\/2026\/02\/cliente-BGCO-eventos.jpg\u00bb _builder_version=\u00bb4.27.5&#8243; _module_preset=\u00bbdefault\u00bb global_colors_info=\u00bb{}\u00bb][\/wdcl_image_carousel_child][wdcl_image_carousel_child admin_title=\u00bbAyuntamiento de Galapagar\u00bb photo=\u00bbhttps:\/\/gmevents.es\/wp-content\/uploads\/2026\/02\/cliente-ayuntamiento-galapagar.jpg\u00bb _builder_version=\u00bb4.27.5&#8243; _module_preset=\u00bbdefault\u00bb global_colors_info=\u00bb{}\u00bb][\/wdcl_image_carousel_child][wdcl_image_carousel_child admin_title=\u00bbReal Federaci\u00f3n Espa\u00f1ola de Ciclismo\u00bb photo=\u00bbhttps:\/\/gmevents.es\/wp-content\/uploads\/2026\/02\/cliente-real-federacion-espanola-ciclismo.jpg\u00bb _builder_version=\u00bb4.27.5&#8243; _module_preset=\u00bbdefault\u00bb global_colors_info=\u00bb{}\u00bb][\/wdcl_image_carousel_child][wdcl_image_carousel_child admin_title=\u00bbFederaci\u00f3n Madrile\u00f1a de Ciclismo\u00bb photo=\u00bbhttps:\/\/gmevents.es\/wp-content\/uploads\/2026\/02\/cliente-fmc.jpg\u00bb _builder_version=\u00bb4.27.5&#8243; _module_preset=\u00bbdefault\u00bb global_colors_info=\u00bb{}\u00bb][\/wdcl_image_carousel_child][wdcl_image_carousel_child admin_title=\u00bbla vuelta\u00bb photo=\u00bbhttps:\/\/gmevents.es\/wp-content\/uploads\/2026\/02\/cliente-la-vuelta.jpg\u00bb _builder_version=\u00bb4.27.5&#8243; _module_preset=\u00bbdefault\u00bb global_colors_info=\u00bb{}\u00bb][\/wdcl_image_carousel_child][\/wdcl_image_carousel][\/et_pb_column][\/et_pb_row][\/et_pb_section]<\/p>\n","protected":false},"excerpt":{"rendered":"<p>Producci\u00f3n de eventos corporativos y deportivos que dejan huellaEn GM Events &amp; Sports Experiences concebimos y producimos eventos pensados para generar impacto real. Trabajamos junto a marcas, instituciones y organizaciones que buscan algo m\u00e1s que un evento: una experiencia bien dise\u00f1ada, bien ejecutada y recordada en el tiempo.No entendemos los eventos como soluciones est\u00e1ndar. Cada [&hellip;]<\/p>\n","protected":false},"author":1,"featured_media":0,"parent":0,"menu_order":0,"comment_status":"closed","ping_status":"open","template":"","meta":{"_et_pb_use_builder":"on","_et_pb_old_content":"<!-- wp:paragraph -->\n<p>This is an example page. It's different from a blog post because it will stay in one place and will show up in your site navigation (in most themes). Most people start with an About page that introduces them to potential site visitors. It might say something like this:<\/p>\n<!-- \/wp:paragraph -->\n\n<!-- wp:quote -->\n<blockquote class=\"wp-block-quote\">\n<!-- wp:paragraph -->\n<p>Hi there! I'm a bike messenger by day, aspiring actor by night, and this is my website. I live in Los Angeles, have a great dog named Jack, and I like pi&#241;a coladas. (And gettin' caught in the rain.)<\/p>\n<!-- \/wp:paragraph -->\n<\/blockquote>\n<!-- \/wp:quote -->\n\n<!-- wp:paragraph -->\n<p>...or something like this:<\/p>\n<!-- \/wp:paragraph -->\n\n<!-- wp:quote -->\n<blockquote class=\"wp-block-quote\">\n<!-- wp:paragraph -->\n<p>The XYZ Doohickey Company was founded in 1971, and has been providing quality doohickeys to the public ever since. Located in Gotham City, XYZ employs over 2,000 people and does all kinds of awesome things for the Gotham community.<\/p>\n<!-- \/wp:paragraph -->\n<\/blockquote>\n<!-- \/wp:quote -->\n\n<!-- wp:paragraph -->\n<p>As a new WordPress user, you should go to <a href=\"https:\/\/gmevents.es\/wp-admin\/\">your dashboard<\/a> to delete this page and create new pages for your content. Have fun!<\/p>\n<!-- \/wp:paragraph -->","_et_gb_content_width":"","footnotes":""},"class_list":["post-2","page","type-page","status-publish","hentry"],"yoast_head":"<!-- This site is optimized with the Yoast SEO plugin v27.2 - https:\/\/yoast.com\/product\/yoast-seo-wordpress\/ -->\n<title>Producci\u00f3n de eventos corporativos y deportivos | GM Events &amp; Sports Experiences<\/title>\n<meta name=\"description\" content=\"Empresa especializada en la producci\u00f3n y gesti\u00f3n de eventos corporativos, deportivos e institucionales. Dise\u00f1amos experiencias a medida con un enfoque estrat\u00e9gico, creativo y log\u00edstico.\" \/>\n<meta name=\"robots\" content=\"index, follow, max-snippet:-1, max-image-preview:large, max-video-preview:-1\" \/>\n<link rel=\"canonical\" href=\"https:\/\/gmevents.es\/en\/\" \/>\n<meta property=\"og:locale\" content=\"en_GB\" \/>\n<meta property=\"og:type\" content=\"article\" \/>\n<meta property=\"og:title\" content=\"Producci\u00f3n de eventos corporativos y deportivos | GM Events &amp; Sports Experiences\" \/>\n<meta property=\"og:description\" content=\"Empresa especializada en la producci\u00f3n y gesti\u00f3n de eventos corporativos, deportivos e institucionales. Dise\u00f1amos experiencias a medida con un enfoque estrat\u00e9gico, creativo y log\u00edstico.\" \/>\n<meta property=\"og:url\" content=\"https:\/\/gmevents.es\/en\/\" \/>\n<meta property=\"og:site_name\" content=\"GM Events Sports Experiences\" \/>\n<meta property=\"article:modified_time\" content=\"2026-03-02T18:21:23+00:00\" \/>\n<meta name=\"twitter:card\" content=\"summary_large_image\" \/>\n<meta name=\"twitter:label1\" content=\"Estimated reading time\" \/>\n\t<meta name=\"twitter:data1\" content=\"1 minute\" \/>\n<script type=\"application\/ld+json\" class=\"yoast-schema-graph\">{\"@context\":\"https:\/\/schema.org\",\"@graph\":[{\"@type\":\"WebPage\",\"@id\":\"https:\/\/gmevents.es\/\",\"url\":\"https:\/\/gmevents.es\/\",\"name\":\"Producci\u00f3n de eventos corporativos y deportivos | GM Events & Sports Experiences\",\"isPartOf\":{\"@id\":\"https:\/\/gmevents.es\/#website\"},\"datePublished\":\"2026-02-02T19:20:34+00:00\",\"dateModified\":\"2026-03-02T18:21:23+00:00\",\"description\":\"Empresa especializada en la producci\u00f3n y gesti\u00f3n de eventos corporativos, deportivos e institucionales. Dise\u00f1amos experiencias a medida con un enfoque estrat\u00e9gico, creativo y log\u00edstico.\",\"breadcrumb\":{\"@id\":\"https:\/\/gmevents.es\/#breadcrumb\"},\"inLanguage\":\"en-GB\",\"potentialAction\":[{\"@type\":\"ReadAction\",\"target\":[\"https:\/\/gmevents.es\/\"]}]},{\"@type\":\"BreadcrumbList\",\"@id\":\"https:\/\/gmevents.es\/#breadcrumb\",\"itemListElement\":[{\"@type\":\"ListItem\",\"position\":1,\"name\":\"Portada\",\"item\":\"https:\/\/gmevents.es\/\"},{\"@type\":\"ListItem\",\"position\":2,\"name\":\"Inicio\"}]},{\"@type\":\"WebSite\",\"@id\":\"https:\/\/gmevents.es\/#website\",\"url\":\"https:\/\/gmevents.es\/\",\"name\":\"GM Events Sports Experiences\",\"description\":\"\",\"potentialAction\":[{\"@type\":\"SearchAction\",\"target\":{\"@type\":\"EntryPoint\",\"urlTemplate\":\"https:\/\/gmevents.es\/?s={search_term_string}\"},\"query-input\":{\"@type\":\"PropertyValueSpecification\",\"valueRequired\":true,\"valueName\":\"search_term_string\"}}],\"inLanguage\":\"en-GB\"}]}<\/script>\n<!-- \/ Yoast SEO plugin. -->","yoast_head_json":{"title":"Producci\u00f3n de eventos corporativos y deportivos | GM Events & Sports Experiences","description":"Empresa especializada en la producci\u00f3n y gesti\u00f3n de eventos corporativos, deportivos e institucionales. Dise\u00f1amos experiencias a medida con un enfoque estrat\u00e9gico, creativo y log\u00edstico.","robots":{"index":"index","follow":"follow","max-snippet":"max-snippet:-1","max-image-preview":"max-image-preview:large","max-video-preview":"max-video-preview:-1"},"canonical":"https:\/\/gmevents.es\/en\/","og_locale":"en_GB","og_type":"article","og_title":"Producci\u00f3n de eventos corporativos y deportivos | GM Events & Sports Experiences","og_description":"Empresa especializada en la producci\u00f3n y gesti\u00f3n de eventos corporativos, deportivos e institucionales. Dise\u00f1amos experiencias a medida con un enfoque estrat\u00e9gico, creativo y log\u00edstico.","og_url":"https:\/\/gmevents.es\/en\/","og_site_name":"GM Events Sports Experiences","article_modified_time":"2026-03-02T18:21:23+00:00","twitter_card":"summary_large_image","twitter_misc":{"Estimated reading time":"1 minute"},"schema":{"@context":"https:\/\/schema.org","@graph":[{"@type":"WebPage","@id":"https:\/\/gmevents.es\/","url":"https:\/\/gmevents.es\/","name":"Producci\u00f3n de eventos corporativos y deportivos | GM Events & Sports Experiences","isPartOf":{"@id":"https:\/\/gmevents.es\/#website"},"datePublished":"2026-02-02T19:20:34+00:00","dateModified":"2026-03-02T18:21:23+00:00","description":"Empresa especializada en la producci\u00f3n y gesti\u00f3n de eventos corporativos, deportivos e institucionales. Dise\u00f1amos experiencias a medida con un enfoque estrat\u00e9gico, creativo y log\u00edstico.","breadcrumb":{"@id":"https:\/\/gmevents.es\/#breadcrumb"},"inLanguage":"en-GB","potentialAction":[{"@type":"ReadAction","target":["https:\/\/gmevents.es\/"]}]},{"@type":"BreadcrumbList","@id":"https:\/\/gmevents.es\/#breadcrumb","itemListElement":[{"@type":"ListItem","position":1,"name":"Portada","item":"https:\/\/gmevents.es\/"},{"@type":"ListItem","position":2,"name":"Inicio"}]},{"@type":"WebSite","@id":"https:\/\/gmevents.es\/#website","url":"https:\/\/gmevents.es\/","name":"GM Events Sports Experiences","description":"","potentialAction":[{"@type":"SearchAction","target":{"@type":"EntryPoint","urlTemplate":"https:\/\/gmevents.es\/?s={search_term_string}"},"query-input":{"@type":"PropertyValueSpecification","valueRequired":true,"valueName":"search_term_string"}}],"inLanguage":"en-GB"}]}},"_links":{"self":[{"href":"https:\/\/gmevents.es\/en\/wp-json\/wp\/v2\/pages\/2","targetHints":{"allow":["GET"]}}],"collection":[{"href":"https:\/\/gmevents.es\/en\/wp-json\/wp\/v2\/pages"}],"about":[{"href":"https:\/\/gmevents.es\/en\/wp-json\/wp\/v2\/types\/page"}],"author":[{"embeddable":true,"href":"https:\/\/gmevents.es\/en\/wp-json\/wp\/v2\/users\/1"}],"replies":[{"embeddable":true,"href":"https:\/\/gmevents.es\/en\/wp-json\/wp\/v2\/comments?post=2"}],"version-history":[{"count":67,"href":"https:\/\/gmevents.es\/en\/wp-json\/wp\/v2\/pages\/2\/revisions"}],"predecessor-version":[{"id":875,"href":"https:\/\/gmevents.es\/en\/wp-json\/wp\/v2\/pages\/2\/revisions\/875"}],"wp:attachment":[{"href":"https:\/\/gmevents.es\/en\/wp-json\/wp\/v2\/media?parent=2"}],"curies":[{"name":"wp","href":"https:\/\/api.w.org\/{rel}","templated":true}]}}