{"id":21,"date":"2026-02-10T10:48:38","date_gmt":"2026-02-10T10:48:38","guid":{"rendered":"https:\/\/gmevents.es\/?page_id=21"},"modified":"2026-03-17T11:22:28","modified_gmt":"2026-03-17T11:22:28","slug":"aviso-legal","status":"publish","type":"page","link":"https:\/\/gmevents.es\/en\/aviso-legal\/","title":{"rendered":"Legal notice"},"content":{"rendered":"<p>In compliance with current regulations, users of this website are informed of the following identifying information of the owner.<\/p>\n\n\n\n<h2 class=\"wp-block-heading\">Owner details<\/h2>\n\n\n\n<p><strong>Owner<\/strong>: GM Events &amp; Sports Experiences<br><strong>Email<\/strong>: <a href=\"mailto:info@gmsports.es\"><u>info@gmsports.es<\/u><br><\/a> <strong>Contact phone<\/strong>: +34 684 725 326<\/p>\n\n\n\n<p>The purpose of this website is to offer information about the production, organization and management services for corporate, sporting and institutional events.<\/p>\n\n\n\n<h2 class=\"wp-block-heading\">Terms of use<\/h2>\n\n\n\n<p>Access to and use of this website confers the status of user and implies full acceptance of these conditions from the moment of access.<\/p>\n\n\n\n<p>The user agrees to make proper use of the content and services offered, in accordance with the law, good faith, public order and these conditions.<\/p>\n\n\n\n<h2 class=\"wp-block-heading\">Intellectual and industrial property<\/h2>\n\n\n\n<p>All content on this website, including text, images, designs, logos and any other element, is owned by the site owner or by third parties who have authorized its use.<\/p>\n\n\n\n<p>Reproduction, distribution or modification of the contents in whole or in part is prohibited without the express authorization of the owner.<\/p>\n\n\n\n<h2 class=\"wp-block-heading\">Responsibility<\/h2>\n\n\n\n<p>The website owner is not responsible for any misuse of the information contained on this site by users.<\/p>\n\n\n\n<p>Furthermore, the absence of errors in the content and the permanent availability of the website are not guaranteed, although the necessary measures will be taken to ensure its proper functioning.<\/p>\n\n\n\n<h2 class=\"wp-block-heading\">Links to third parties<\/h2>\n\n\n\n<p>This website may contain links to third-party websites. The owner assumes no responsibility for the content, policies, or practices of these external sites.<\/p>\n\n\n\n<h2 class=\"wp-block-heading\">Applicable legislation<\/h2>\n\n\n\n<p>These terms and conditions are governed by Spanish law. Any dispute arising from access to or use of this website shall be subject to the jurisdiction of the competent courts and tribunals in accordance with applicable law.<\/p>\n\n\n\n<p><\/p>","protected":false},"excerpt":{"rendered":"<p>En cumplimiento con lo dispuesto en la normativa vigente, se informa a los usuarios de este sitio web de los siguientes datos identificativos del titular. Datos del titular Titular: GM Events &amp; Sports ExperiencesCorreo electr\u00f3nico: info@gmsports.es Tel\u00e9fono de contacto: +34 684 725 326 El presente sitio web tiene como finalidad ofrecer informaci\u00f3n sobre los servicios [&hellip;]<\/p>\n","protected":false},"author":1,"featured_media":0,"parent":0,"menu_order":0,"comment_status":"closed","ping_status":"closed","template":"","meta":{"_et_pb_use_builder":"off","_et_pb_old_content":"","_et_gb_content_width":"1080","footnotes":""},"class_list":["post-21","page","type-page","status-publish","hentry"],"yoast_head":"<!-- This site is optimized with the Yoast SEO plugin v27.2 - https:\/\/yoast.com\/product\/yoast-seo-wordpress\/ -->\n<title>Aviso legal | GM Events &amp; Sports Experiences<\/title>\n<meta name=\"description\" content=\"Aviso legal de GM Events &amp; Sports Experiences. Informaci\u00f3n sobre titularidad del sitio web, condiciones de uso y responsabilidad conforme a la normativa vigente.\" \/>\n<meta name=\"robots\" content=\"index, follow, max-snippet:-1, max-image-preview:large, max-video-preview:-1\" \/>\n<link rel=\"canonical\" href=\"https:\/\/gmevents.es\/en\/aviso-legal\/\" \/>\n<meta property=\"og:locale\" content=\"en_GB\" \/>\n<meta property=\"og:type\" content=\"article\" \/>\n<meta property=\"og:title\" content=\"Aviso legal | GM Events &amp; Sports Experiences\" \/>\n<meta property=\"og:description\" content=\"Aviso legal de GM Events &amp; Sports Experiences. Informaci\u00f3n sobre titularidad del sitio web, condiciones de uso y responsabilidad conforme a la normativa vigente.\" \/>\n<meta property=\"og:url\" content=\"https:\/\/gmevents.es\/en\/aviso-legal\/\" \/>\n<meta property=\"og:site_name\" content=\"GM Events Sports Experiences\" \/>\n<meta property=\"article:modified_time\" content=\"2026-03-17T11:22:28+00:00\" \/>\n<meta name=\"twitter:card\" content=\"summary_large_image\" \/>\n<meta name=\"twitter:label1\" content=\"Estimated reading time\" \/>\n\t<meta name=\"twitter:data1\" content=\"2 minutes\" \/>\n<script type=\"application\/ld+json\" class=\"yoast-schema-graph\">{\"@context\":\"https:\/\/schema.org\",\"@graph\":[{\"@type\":\"WebPage\",\"@id\":\"https:\/\/gmevents.es\/aviso-legal\/\",\"url\":\"https:\/\/gmevents.es\/aviso-legal\/\",\"name\":\"Aviso legal | GM Events & Sports Experiences\",\"isPartOf\":{\"@id\":\"https:\/\/gmevents.es\/#website\"},\"datePublished\":\"2026-02-10T10:48:38+00:00\",\"dateModified\":\"2026-03-17T11:22:28+00:00\",\"description\":\"Aviso legal de GM Events & Sports Experiences. Informaci\u00f3n sobre titularidad del sitio web, condiciones de uso y responsabilidad conforme a la normativa vigente.\",\"breadcrumb\":{\"@id\":\"https:\/\/gmevents.es\/aviso-legal\/#breadcrumb\"},\"inLanguage\":\"en-GB\",\"potentialAction\":[{\"@type\":\"ReadAction\",\"target\":[\"https:\/\/gmevents.es\/aviso-legal\/\"]}]},{\"@type\":\"BreadcrumbList\",\"@id\":\"https:\/\/gmevents.es\/aviso-legal\/#breadcrumb\",\"itemListElement\":[{\"@type\":\"ListItem\",\"position\":1,\"name\":\"Portada\",\"item\":\"https:\/\/gmevents.es\/\"},{\"@type\":\"ListItem\",\"position\":2,\"name\":\"Aviso legal\"}]},{\"@type\":\"WebSite\",\"@id\":\"https:\/\/gmevents.es\/#website\",\"url\":\"https:\/\/gmevents.es\/\",\"name\":\"GM Events Sports Experiences\",\"description\":\"\",\"potentialAction\":[{\"@type\":\"SearchAction\",\"target\":{\"@type\":\"EntryPoint\",\"urlTemplate\":\"https:\/\/gmevents.es\/?s={search_term_string}\"},\"query-input\":{\"@type\":\"PropertyValueSpecification\",\"valueRequired\":true,\"valueName\":\"search_term_string\"}}],\"inLanguage\":\"en-GB\"}]}<\/script>\n<!-- \/ Yoast SEO plugin. -->","yoast_head_json":{"title":"Aviso legal | GM Events & Sports Experiences","description":"Aviso legal de GM Events & Sports Experiences. Informaci\u00f3n sobre titularidad del sitio web, condiciones de uso y responsabilidad conforme a la normativa vigente.","robots":{"index":"index","follow":"follow","max-snippet":"max-snippet:-1","max-image-preview":"max-image-preview:large","max-video-preview":"max-video-preview:-1"},"canonical":"https:\/\/gmevents.es\/en\/aviso-legal\/","og_locale":"en_GB","og_type":"article","og_title":"Aviso legal | GM Events & Sports Experiences","og_description":"Aviso legal de GM Events & Sports Experiences. Informaci\u00f3n sobre titularidad del sitio web, condiciones de uso y responsabilidad conforme a la normativa vigente.","og_url":"https:\/\/gmevents.es\/en\/aviso-legal\/","og_site_name":"GM Events Sports Experiences","article_modified_time":"2026-03-17T11:22:28+00:00","twitter_card":"summary_large_image","twitter_misc":{"Estimated reading time":"2 minutes"},"schema":{"@context":"https:\/\/schema.org","@graph":[{"@type":"WebPage","@id":"https:\/\/gmevents.es\/aviso-legal\/","url":"https:\/\/gmevents.es\/aviso-legal\/","name":"Aviso legal | GM Events & Sports Experiences","isPartOf":{"@id":"https:\/\/gmevents.es\/#website"},"datePublished":"2026-02-10T10:48:38+00:00","dateModified":"2026-03-17T11:22:28+00:00","description":"Aviso legal de GM Events & Sports Experiences. Informaci\u00f3n sobre titularidad del sitio web, condiciones de uso y responsabilidad conforme a la normativa vigente.","breadcrumb":{"@id":"https:\/\/gmevents.es\/aviso-legal\/#breadcrumb"},"inLanguage":"en-GB","potentialAction":[{"@type":"ReadAction","target":["https:\/\/gmevents.es\/aviso-legal\/"]}]},{"@type":"BreadcrumbList","@id":"https:\/\/gmevents.es\/aviso-legal\/#breadcrumb","itemListElement":[{"@type":"ListItem","position":1,"name":"Portada","item":"https:\/\/gmevents.es\/"},{"@type":"ListItem","position":2,"name":"Aviso legal"}]},{"@type":"WebSite","@id":"https:\/\/gmevents.es\/#website","url":"https:\/\/gmevents.es\/","name":"GM Events Sports Experiences","description":"","potentialAction":[{"@type":"SearchAction","target":{"@type":"EntryPoint","urlTemplate":"https:\/\/gmevents.es\/?s={search_term_string}"},"query-input":{"@type":"PropertyValueSpecification","valueRequired":true,"valueName":"search_term_string"}}],"inLanguage":"en-GB"}]}},"_links":{"self":[{"href":"https:\/\/gmevents.es\/en\/wp-json\/wp\/v2\/pages\/21","targetHints":{"allow":["GET"]}}],"collection":[{"href":"https:\/\/gmevents.es\/en\/wp-json\/wp\/v2\/pages"}],"about":[{"href":"https:\/\/gmevents.es\/en\/wp-json\/wp\/v2\/types\/page"}],"author":[{"embeddable":true,"href":"https:\/\/gmevents.es\/en\/wp-json\/wp\/v2\/users\/1"}],"replies":[{"embeddable":true,"href":"https:\/\/gmevents.es\/en\/wp-json\/wp\/v2\/comments?post=21"}],"version-history":[{"count":5,"href":"https:\/\/gmevents.es\/en\/wp-json\/wp\/v2\/pages\/21\/revisions"}],"predecessor-version":[{"id":857,"href":"https:\/\/gmevents.es\/en\/wp-json\/wp\/v2\/pages\/21\/revisions\/857"}],"wp:attachment":[{"href":"https:\/\/gmevents.es\/en\/wp-json\/wp\/v2\/media?parent=21"}],"curies":[{"name":"wp","href":"https:\/\/api.w.org\/{rel}","templated":true}]}}