{"id":35,"date":"2026-02-10T10:57:02","date_gmt":"2026-02-10T10:57:02","guid":{"rendered":"https:\/\/gmevents.es\/?page_id=35"},"modified":"2026-02-20T09:38:11","modified_gmt":"2026-02-20T09:38:11","slug":"eventos-corporativos","status":"publish","type":"page","link":"https:\/\/gmevents.es\/en\/eventos-corporativos\/","title":{"rendered":"Corporate events"},"content":{"rendered":"<p>[et_pb_section fb_built=\u00bb1&#8243; _builder_version=\u00bb4.27.5&#8243; _module_preset=\u00bbdefault\u00bb custom_margin=\u00bb35px||||false|false\u00bb custom_padding=\u00bb3px||44px||false|false\u00bb locked=\u00bboff\u00bb global_colors_info=\u00bb{}\u00bb][et_pb_row _builder_version=\u00bb4.27.5&#8243; _module_preset=\u00bbdefault\u00bb global_colors_info=\u00bb{}\u00bb][et_pb_column type=\u00bb4_4&#8243; _builder_version=\u00bb4.27.5&#8243; _module_preset=\u00bbdefault\u00bb global_colors_info=\u00bb{}\u00bb][et_pb_text _builder_version=\u00bb4.27.5&#8243; _module_preset=\u00bbdefault\u00bb text_text_color=\u00bb#5e5e5e\u00bb text_font_size=\u00bb16px\u00bb text_line_height=\u00bb1.8em\u00bb custom_margin=\u00bb||10px|||\u00bb global_colors_info=\u00bb{}\u00bb]<\/p>\n<p>GM Events &amp; Sports Experiences<\/p>\n<p>[\/et_pb_text][et_pb_divider color=\u00bb#5e5e5e\u00bb divider_weight=\u00bb4px\u00bb _builder_version=\u00bb4.27.5&#8243; _module_preset=\u00bbdefault\u00bb width=\u00bb60px\u00bb custom_margin=\u00bb||0px||false|false\u00bb global_colors_info=\u00bb{}\u00bb][\/et_pb_divider][et_pb_text module_class=\u00bbgradientblue\u00bb _builder_version=\u00bb4.27.5&#8243; _module_preset=\u00bb1da4c4f2-8e53-4788-a9f5-4d073216150a\u00bb header_font=\u00bb|700|||||||\u00bb header_text_color=\u00bb#298bb6&#8243; header_font_size=\u00bb55px\u00bb header_2_font=\u00bbRozha One||||||||\u00bb header_2_text_color=\u00bb#FFFFFF\u00bb header_2_font_size=\u00bb62px\u00bb header_2_line_height=\u00bb1.1em\u00bb custom_margin=\u00bb0px||40px||false|false\u00bb custom_padding=\u00bb0px||||false|false\u00bb header_2_font_size_tablet=\u00bb34px\u00bb header_2_font_size_phone=\u00bb24px\u00bb header_2_font_size_last_edited=\u00bbon|phone\u00bb locked=\u00bboff\u00bb global_colors_info=\u00bb{}\u00bb]<\/p>\n<h1>Eventos corporativos<\/h1>\n<p>[\/et_pb_text][\/et_pb_column][\/et_pb_row][\/et_pb_section][et_pb_section fb_built=\u00bb1&#8243; _builder_version=\u00bb4.27.5&#8243; _module_preset=\u00bbdefault\u00bb background_image=\u00bbhttps:\/\/gmevents.es\/wp-content\/uploads\/2026\/02\/circulos-grises2.png\u00bb background_size=\u00bbcustom\u00bb background_position=\u00bbtop_right\u00bb background_horizontal_offset=\u00bb-40%\u00bb background_vertical_offset=\u00bb10%\u00bb custom_margin=\u00bb0px||||false|false\u00bb custom_padding=\u00bb0px||||false|false\u00bb locked=\u00bboff\u00bb global_colors_info=\u00bb{}\u00bb][et_pb_row column_structure=\u00bb3_5,2_5&#8243; custom_padding_last_edited=\u00bbon|phone\u00bb _builder_version=\u00bb4.27.5&#8243; _module_preset=\u00bbdefault\u00bb background_color=\u00bb#00638e\u00bb overflow-x=\u00bbvisible\u00bb overflow-y=\u00bbvisible\u00bb custom_margin=\u00bb-80px|auto||auto|false|false\u00bb custom_padding=\u00bb0px|60px|0px|60px|false|true\u00bb custom_padding_tablet=\u00bb30px|30px|30px|30px|false|true\u00bb custom_padding_phone=\u00bb20px|20px|20px|20px|true|true\u00bb border_radii=\u00bboff|10px|50px|50px|50px\u00bb locked=\u00bboff\u00bb global_colors_info=\u00bb{}\u00bb][et_pb_column type=\u00bb3_5&#8243; _builder_version=\u00bb4.27.5&#8243; _module_preset=\u00bbdefault\u00bb custom_padding=\u00bb70px||||false|false\u00bb custom_padding_tablet=\u00bb0px||||false|false\u00bb custom_padding_phone=\u00bb0px||||false|false\u00bb custom_padding_last_edited=\u00bbon|tablet\u00bb global_colors_info=\u00bb{}\u00bb][et_pb_text _builder_version=\u00bb4.27.5&#8243; _module_preset=\u00bbdefault\u00bb text_text_color=\u00bb#FFFFFF\u00bb text_font_size=\u00bb16px\u00bb text_line_height=\u00bb1.8em\u00bb global_colors_info=\u00bb{}\u00bb]<\/p>\n<p>En <strong>GM Events &amp; Sports Experiences<\/strong> producimos eventos corporativos pensados para cumplir objetivos concretos. Trabajamos con empresas que entienden el valor estrat\u00e9gico de un evento bien planteado y ejecutado, donde cada decisi\u00f3n tiene un porqu\u00e9 y cada detalle suma.<\/p>\n<p>Nuestro enfoque combina planificaci\u00f3n, creatividad y producci\u00f3n t\u00e9cnica para crear experiencias coherentes, alineadas con la identidad de la empresa y con el mensaje que se quiere transmitir.<\/p>\n<p>[\/et_pb_text][\/et_pb_column][et_pb_column type=\u00bb2_5&#8243; _builder_version=\u00bb4.16&#8243; _module_preset=\u00bbdefault\u00bb global_colors_info=\u00bb{}\u00bb][et_pb_image src=\u00bbhttps:\/\/gmevents.es\/wp-content\/uploads\/2026\/02\/cabecera-eventos-corporativos.jpg\u00bb alt=\u00bbEvento\u00bb title_text=\u00bbcabecera-eventos-corporativos\u00bb align=\u00bbcenter\u00bb _builder_version=\u00bb4.27.5&#8243; _module_preset=\u00bbdefault\u00bb background_enable_color=\u00bboff\u00bb max_height=\u00bb440px\u00bb custom_margin=\u00bb-60px||10px||false|false\u00bb custom_margin_tablet=\u00bb0px||||false|false\u00bb custom_margin_phone=\u00bb\u00bb custom_margin_last_edited=\u00bbon|tablet\u00bb border_radii=\u00bbon|300px|300px|300px|300px\u00bb border_width_all=\u00bb33px\u00bb border_color_all=\u00bb#e2e2e2&#8243; border_width_all_tablet=\u00bb33px\u00bb border_width_all_phone=\u00bb20px\u00bb border_width_all_last_edited=\u00bbon|phone\u00bb global_colors_info=\u00bb{}\u00bb][\/et_pb_image][\/et_pb_column][\/et_pb_row][et_pb_row admin_label=\u00bbrow\u00bb _builder_version=\u00bb4.16&#8243; background_size=\u00bbinitial\u00bb background_position=\u00bbtop_left\u00bb background_repeat=\u00bbrepeat\u00bb locked=\u00bboff\u00bb global_colors_info=\u00bb{}\u00bb][et_pb_column type=\u00bb4_4&#8243; _builder_version=\u00bb4.16&#8243; custom_padding=\u00bb|||\u00bb global_colors_info=\u00bb{}\u00bb custom_padding__hover=\u00bb|||\u00bb][et_pb_image src=\u00bbhttps:\/\/gmevents.es\/wp-content\/uploads\/2026\/02\/circulos-azules.png\u00bb alt=\u00bb5 c\u00edrculos azules\u00bb title_text=\u00bbcirculos-azules\u00bb align=\u00bbcenter\u00bb _builder_version=\u00bb4.27.5&#8243; _module_preset=\u00bbdefault\u00bb global_colors_info=\u00bb{}\u00bb][\/et_pb_image][et_pb_text admin_label=\u00bbText\u00bb _builder_version=\u00bb4.27.5&#8243; header_text_align=\u00bbcenter\u00bb header_text_color=\u00bb#000000&#8243; header_font_size=\u00bb37px\u00bb header_line_height=\u00bb1.2em\u00bb header_2_font=\u00bb|800|||||||\u00bb header_2_text_align=\u00bbcenter\u00bb header_2_font_size=\u00bb40px\u00bb width=\u00bb550px\u00bb width_tablet=\u00bb100%\u00bb width_phone=\u00bb\u00bb width_last_edited=\u00bbon|phone\u00bb module_alignment=\u00bbcenter\u00bb global_colors_info=\u00bb{}\u00bb header_2_font_size_phone=\u00bb28px\u00bb header_2_font_size_last_edited=\u00bbon|phone\u00bb background_size=\u00bbinitial\u00bb background_position=\u00bbtop_left\u00bb background_repeat=\u00bbrepeat\u00bb header_2_font_size_tablet=\u00bb40px\u00bb]<\/p>\n<h2>Organizaci\u00f3n y producci\u00f3n de eventos corporativos<\/h2>\n<p>[\/et_pb_text][et_pb_text _builder_version=\u00bb4.27.5&#8243; _module_preset=\u00bbdefault\u00bb text_orientation=\u00bbcenter\u00bb width=\u00bb60%\u00bb width_tablet=\u00bb100%\u00bb width_phone=\u00bb100%\u00bb width_last_edited=\u00bbon|tablet\u00bb module_alignment=\u00bbcenter\u00bb global_colors_info=\u00bb{}\u00bb]Acompa\u00f1amos a las empresas en todo el proceso de organizaci\u00f3n de sus eventos corporativos, desde la idea inicial hasta la ejecuci\u00f3n final. Nos adaptamos a distintos formatos y necesidades, ofreciendo soluciones a medida y un control exhaustivo de cada fase del proyecto.<\/p>\n<p>Trabajamos tanto en eventos de gran formato como en encuentros m\u00e1s reducidos, siempre con el mismo nivel de exigencia y profesionalidad.[\/et_pb_text][\/et_pb_column][\/et_pb_row][et_pb_row _builder_version=\u00bb4.27.5&#8243; _module_preset=\u00bbdefault\u00bb global_colors_info=\u00bb{}\u00bb][et_pb_column type=\u00bb4_4&#8243; _builder_version=\u00bb4.27.5&#8243; _module_preset=\u00bbdefault\u00bb global_colors_info=\u00bb{}\u00bb][et_pb_blurb title=\u00bbCongresos, convenciones y reuniones estrat\u00e9gicas\u00bb image=\u00bbhttps:\/\/gmevents.es\/wp-content\/uploads\/2026\/02\/eventos-corporativos-moduloH2-1.jpg\u00bb alt=\u00bbMujer hablando en un evento\u00bb content_max_width=\u00bb100%\u00bb module_class=\u00bbmoduloH2&#8243; _builder_version=\u00bb4.27.5&#8243; _module_preset=\u00bbdefault\u00bb header_level=\u00bbh2&#8243; header_font=\u00bb|800|||||||\u00bb header_font_size=\u00bb35px\u00bb body_text_align=\u00bbleft\u00bb background_enable_color=\u00bboff\u00bb module_alignment=\u00bbcenter\u00bb custom_margin=\u00bb||30px||false|false\u00bb custom_margin_tablet=\u00bb||30px||false|false\u00bb custom_margin_phone=\u00bb|0%|30px||false|false\u00bb custom_margin_last_edited=\u00bbon|desktop\u00bb custom_padding=\u00bb10px||10px|12px|false|false\u00bb custom_padding_tablet=\u00bb10px||10px|12px|false|false\u00bb custom_padding_phone=\u00bb|10px||10px|true|true\u00bb custom_padding_last_edited=\u00bbon|phone\u00bb header_font_size_tablet=\u00bb22px\u00bb header_font_size_phone=\u00bb18px\u00bb header_font_size_last_edited=\u00bbon|phone\u00bb border_radii=\u00bboff|270px|||270px\u00bb border_width_left=\u00bb14px\u00bb border_color_left=\u00bb#7a7a7a\u00bb border_radii_tablet=\u00bboff|270px|||270px\u00bb border_radii_phone=\u00bboff|150px|150px||0px\u00bb border_radii_last_edited=\u00bbon|phone\u00bb border_width_left_tablet=\u00bb0px\u00bb border_width_left_phone=\u00bb0px\u00bb border_width_left_last_edited=\u00bbon|phone\u00bb border_color_left_tablet=\u00bb#7a7a7a\u00bb border_color_left_phone=\u00bb#e8e8e8&#8243; border_color_left_last_edited=\u00bbon|phone\u00bb locked=\u00bboff\u00bb global_colors_info=\u00bb{}\u00bb]<\/p>\n<p>Dise\u00f1amos congresos y convenciones corporativas donde el contenido, la log\u00edstica y la experiencia del asistente est\u00e1n perfectamente integrados. Cuidamos la planificaci\u00f3n de espacios, tiempos y flujos para garantizar que todo funcione de forma fluida y ordenada.<\/p>\n<p>Tambi\u00e9n producimos reuniones estrat\u00e9gicas y encuentros profesionales donde la discreci\u00f3n, la organizaci\u00f3n y el detalle son fundamentales.<\/p>\n<p>[\/et_pb_blurb][\/et_pb_column][\/et_pb_row][et_pb_row _builder_version=\u00bb4.27.5&#8243; _module_preset=\u00bbdefault\u00bb global_colors_info=\u00bb{}\u00bb][et_pb_column type=\u00bb4_4&#8243; _builder_version=\u00bb4.27.5&#8243; _module_preset=\u00bbdefault\u00bb global_colors_info=\u00bb{}\u00bb][et_pb_blurb title=\u00bbLanzamientos de producto e inauguraciones\u00bb image=\u00bbhttps:\/\/gmevents.es\/wp-content\/uploads\/2026\/02\/eventos-corporativos-moduloH2-2.jpg\u00bb alt=\u00bbPortada de una revista\u00bb content_max_width=\u00bb100%\u00bb module_class=\u00bbmoduloH2 contrario\u00bb _builder_version=\u00bb4.27.5&#8243; _module_preset=\u00bbdefault\u00bb header_level=\u00bbh2&#8243; header_font=\u00bb|700|||||||\u00bb header_font_size=\u00bb22px\u00bb body_text_align=\u00bbleft\u00bb custom_margin=\u00bb||30px||false|false\u00bb header_font_size_tablet=\u00bb22px\u00bb header_font_size_phone=\u00bb18px\u00bb header_font_size_last_edited=\u00bbon|phone\u00bb border_radii=\u00bboff||270px|270px|\u00bb border_width_right=\u00bb14px\u00bb border_color_right=\u00bb#7a7a7a\u00bb border_radii_tablet=\u00bboff||270px|270px|\u00bb border_radii_phone=\u00bboff|150px|150px|0px|\u00bb border_radii_last_edited=\u00bbon|phone\u00bb border_width_right_tablet=\u00bb0px\u00bb border_width_right_phone=\u00bb0px\u00bb border_width_right_last_edited=\u00bbon|phone\u00bb border_color_right_tablet=\u00bb#7a7a7a\u00bb border_color_right_phone=\u00bb#e8e8e8&#8243; border_color_right_last_edited=\u00bbon|phone\u00bb locked=\u00bboff\u00bb global_colors_info=\u00bb{}\u00bb]<\/p>\n<p>Un lanzamiento de producto o una inauguraci\u00f3n es una oportunidad clave para generar impacto y posicionamiento. Dise\u00f1amos eventos que refuerzan la marca, captan la atenci\u00f3n del p\u00fablico y transmiten el mensaje de forma clara y memorable.<\/p>\n<p>Nos encargamos de la producci\u00f3n t\u00e9cnica, la coordinaci\u00f3n de equipos y la adaptaci\u00f3n del evento al espacio y al p\u00fablico objetivo.<\/p>\n<p>[\/et_pb_blurb][\/et_pb_column][\/et_pb_row][et_pb_row _builder_version=\u00bb4.27.5&#8243; _module_preset=\u00bbdefault\u00bb global_colors_info=\u00bb{}\u00bb][et_pb_column type=\u00bb4_4&#8243; _builder_version=\u00bb4.27.5&#8243; _module_preset=\u00bbdefault\u00bb global_colors_info=\u00bb{}\u00bb][et_pb_blurb title=\u00bbEntregas de premios y celebraciones corporativas\u00bb image=\u00bbhttps:\/\/gmevents.es\/wp-content\/uploads\/2026\/02\/eventos-corporativos-moduloH2-3.jpg\u00bb alt=\u00bbEntrega de premios\u00bb content_max_width=\u00bb100%\u00bb module_class=\u00bbmoduloH2&#8243; _builder_version=\u00bb4.27.5&#8243; _module_preset=\u00bbdefault\u00bb header_level=\u00bbh2&#8243; header_font=\u00bb|800|||||||\u00bb header_font_size=\u00bb35px\u00bb body_text_align=\u00bbleft\u00bb background_enable_color=\u00bboff\u00bb module_alignment=\u00bbcenter\u00bb custom_margin=\u00bb||30px||false|false\u00bb custom_margin_tablet=\u00bb||30px||false|false\u00bb custom_margin_phone=\u00bb|0%|30px||false|false\u00bb custom_margin_last_edited=\u00bbon|desktop\u00bb custom_padding=\u00bb10px||10px|12px|false|false\u00bb custom_padding_tablet=\u00bb10px||10px|12px|false|false\u00bb custom_padding_phone=\u00bb|10px||10px|true|true\u00bb custom_padding_last_edited=\u00bbon|phone\u00bb header_font_size_tablet=\u00bb22px\u00bb header_font_size_phone=\u00bb18px\u00bb header_font_size_last_edited=\u00bbon|phone\u00bb border_radii=\u00bboff|270px|||270px\u00bb border_width_left=\u00bb14px\u00bb border_color_left=\u00bb#7a7a7a\u00bb border_radii_tablet=\u00bboff|270px|||270px\u00bb border_radii_phone=\u00bboff|150px|150px||0px\u00bb border_radii_last_edited=\u00bbon|phone\u00bb border_width_left_tablet=\u00bb0px\u00bb border_width_left_phone=\u00bb0px\u00bb border_width_left_last_edited=\u00bbon|phone\u00bb border_color_left_tablet=\u00bb#7a7a7a\u00bb border_color_left_phone=\u00bb#e8e8e8&#8243; border_color_left_last_edited=\u00bbon|phone\u00bb locked=\u00bboff\u00bb global_colors_info=\u00bb{}\u00bb]<\/p>\n<p>Producimos entregas de premios, galas y celebraciones corporativas que ponen en valor a las personas y los logros de la empresa. Cuidamos la puesta en escena, el ritmo del evento y la experiencia de los asistentes para crear un ambiente profesional y cercano al mismo tiempo.<\/p>\n<p>[\/et_pb_blurb][\/et_pb_column][\/et_pb_row][et_pb_row _builder_version=\u00bb4.27.5&#8243; _module_preset=\u00bbdefault\u00bb global_colors_info=\u00bb{}\u00bb][et_pb_column type=\u00bb4_4&#8243; _builder_version=\u00bb4.27.5&#8243; _module_preset=\u00bbdefault\u00bb global_colors_info=\u00bb{}\u00bb][et_pb_blurb title=\u00bbEventos corporativos alineados con tus objetivos\u00bb image=\u00bbhttps:\/\/gmevents.es\/wp-content\/uploads\/2026\/02\/eventos-corporativos-moduloH2-4.jpg\u00bb alt=\u00bbEvento\u00bb content_max_width=\u00bb100%\u00bb module_class=\u00bbmoduloH2 contrario\u00bb _builder_version=\u00bb4.27.5&#8243; _module_preset=\u00bbdefault\u00bb header_level=\u00bbh2&#8243; header_font=\u00bb|700|||||||\u00bb header_font_size=\u00bb22px\u00bb body_text_align=\u00bbleft\u00bb custom_margin=\u00bb||30px||false|false\u00bb header_font_size_tablet=\u00bb22px\u00bb header_font_size_phone=\u00bb18px\u00bb header_font_size_last_edited=\u00bbon|phone\u00bb border_radii=\u00bboff||270px|270px|\u00bb border_width_right=\u00bb14px\u00bb border_color_right=\u00bb#7a7a7a\u00bb border_radii_tablet=\u00bboff||270px|270px|\u00bb border_radii_phone=\u00bboff|150px|150px|0px|\u00bb border_radii_last_edited=\u00bbon|phone\u00bb border_width_right_tablet=\u00bb0px\u00bb border_width_right_phone=\u00bb0px\u00bb border_width_right_last_edited=\u00bbon|phone\u00bb border_color_right_tablet=\u00bb#7a7a7a\u00bb border_color_right_phone=\u00bb#e8e8e8&#8243; border_color_right_last_edited=\u00bbon|phone\u00bb locked=\u00bboff\u00bb global_colors_info=\u00bb{}\u00bb]<\/p>\n<p>Cada evento corporativo responde a una estrategia. Por eso trabajamos desde el an\u00e1lisis previo, entendiendo qu\u00e9 se quiere comunicar, a qui\u00e9n y con qu\u00e9 prop\u00f3sito.<\/p>\n<p>Nuestro objetivo es que el evento no sea solo un momento puntual, sino una herramienta eficaz dentro de la estrategia global de la empresa.<\/p>\n<p>[\/et_pb_blurb][\/et_pb_column][\/et_pb_row][et_pb_row _builder_version=\u00bb4.27.5&#8243; _module_preset=\u00bbdefault\u00bb global_colors_info=\u00bb{}\u00bb][et_pb_column type=\u00bb4_4&#8243; _builder_version=\u00bb4.27.5&#8243; _module_preset=\u00bbdefault\u00bb global_colors_info=\u00bb{}\u00bb][et_pb_blurb title=\u00bbUn partner de confianza para eventos empresariales\u00bb image=\u00bbhttps:\/\/gmevents.es\/wp-content\/uploads\/2026\/02\/eventos-corporativos-moduloH2-5.jpg\u00bb alt=\u00bbPersonas sobre un escenario\u00bb content_max_width=\u00bb100%\u00bb module_class=\u00bbmoduloH2&#8243; _builder_version=\u00bb4.27.5&#8243; _module_preset=\u00bbdefault\u00bb header_level=\u00bbh2&#8243; header_font=\u00bb|800|||||||\u00bb header_font_size=\u00bb35px\u00bb body_text_align=\u00bbleft\u00bb background_enable_color=\u00bboff\u00bb module_alignment=\u00bbcenter\u00bb custom_margin=\u00bb||30px||false|false\u00bb custom_margin_tablet=\u00bb||30px||false|false\u00bb custom_margin_phone=\u00bb|0%|30px||false|false\u00bb custom_margin_last_edited=\u00bbon|desktop\u00bb custom_padding=\u00bb10px||10px|12px|false|false\u00bb custom_padding_tablet=\u00bb10px||10px|12px|false|false\u00bb custom_padding_phone=\u00bb|10px||10px|true|true\u00bb custom_padding_last_edited=\u00bbon|phone\u00bb header_font_size_tablet=\u00bb22px\u00bb header_font_size_phone=\u00bb18px\u00bb header_font_size_last_edited=\u00bbon|phone\u00bb border_radii=\u00bboff|270px|||270px\u00bb border_width_left=\u00bb14px\u00bb border_color_left=\u00bb#7a7a7a\u00bb border_radii_tablet=\u00bboff|270px|||270px\u00bb border_radii_phone=\u00bboff|150px|150px||0px\u00bb border_radii_last_edited=\u00bbon|phone\u00bb border_width_left_tablet=\u00bb0px\u00bb border_width_left_phone=\u00bb0px\u00bb border_width_left_last_edited=\u00bbon|phone\u00bb border_color_left_tablet=\u00bb#7a7a7a\u00bb border_color_left_phone=\u00bb#e8e8e8&#8243; border_color_left_last_edited=\u00bbon|phone\u00bb locked=\u00bboff\u00bb global_colors_info=\u00bb{}\u00bb]<\/p>\n<p>Actuamos como partner de producci\u00f3n para empresas que buscan un equipo implicado, resolutivo y con experiencia. Nos integramos en los equipos de trabajo y aportamos soluciones que facilitan la toma de decisiones y garantizan resultados.<\/p>\n<p>[\/et_pb_blurb][\/et_pb_column][\/et_pb_row][\/et_pb_section]<\/p>\n","protected":false},"excerpt":{"rendered":"<p>GM Events &amp; Sports ExperiencesEventos corporativosEn GM Events &amp; Sports Experiences producimos eventos corporativos pensados para cumplir objetivos concretos. Trabajamos con empresas que entienden el valor estrat\u00e9gico de un evento bien planteado y ejecutado, donde cada decisi\u00f3n tiene un porqu\u00e9 y cada detalle suma. Nuestro enfoque combina planificaci\u00f3n, creatividad y producci\u00f3n t\u00e9cnica para crear experiencias [&hellip;]<\/p>\n","protected":false},"author":1,"featured_media":0,"parent":0,"menu_order":0,"comment_status":"closed","ping_status":"closed","template":"","meta":{"_et_pb_use_builder":"on","_et_pb_old_content":"<!-- wp:divi\/placeholder \/-->","_et_gb_content_width":"","footnotes":""},"class_list":["post-35","page","type-page","status-publish","hentry"],"yoast_head":"<!-- This site is optimized with the Yoast SEO plugin v27.2 - https:\/\/yoast.com\/product\/yoast-seo-wordpress\/ -->\n<title>Eventos corporativos para empresas | Producci\u00f3n y organizaci\u00f3n profesional<\/title>\n<meta name=\"description\" content=\"Dise\u00f1amos y producimos eventos corporativos para empresas que buscan impactar, comunicar y conectar. Congresos, convenciones, lanzamientos y eventos empresariales a medida.\" \/>\n<meta name=\"robots\" content=\"index, follow, max-snippet:-1, max-image-preview:large, max-video-preview:-1\" \/>\n<link rel=\"canonical\" href=\"https:\/\/gmevents.es\/en\/eventos-corporativos\/\" \/>\n<meta property=\"og:locale\" content=\"en_GB\" \/>\n<meta property=\"og:type\" content=\"article\" \/>\n<meta property=\"og:title\" content=\"Eventos corporativos para empresas | Producci\u00f3n y organizaci\u00f3n profesional\" \/>\n<meta property=\"og:description\" content=\"Dise\u00f1amos y producimos eventos corporativos para empresas que buscan impactar, comunicar y conectar. Congresos, convenciones, lanzamientos y eventos empresariales a medida.\" \/>\n<meta property=\"og:url\" content=\"https:\/\/gmevents.es\/en\/eventos-corporativos\/\" \/>\n<meta property=\"og:site_name\" content=\"GM Events Sports Experiences\" \/>\n<meta property=\"article:modified_time\" content=\"2026-02-20T09:38:11+00:00\" \/>\n<meta name=\"twitter:card\" content=\"summary_large_image\" \/>\n<script type=\"application\/ld+json\" class=\"yoast-schema-graph\">{\"@context\":\"https:\/\/schema.org\",\"@graph\":[{\"@type\":\"WebPage\",\"@id\":\"https:\/\/gmevents.es\/eventos-corporativos\/\",\"url\":\"https:\/\/gmevents.es\/eventos-corporativos\/\",\"name\":\"Eventos corporativos para empresas | Producci\u00f3n y organizaci\u00f3n profesional\",\"isPartOf\":{\"@id\":\"https:\/\/gmevents.es\/#website\"},\"datePublished\":\"2026-02-10T10:57:02+00:00\",\"dateModified\":\"2026-02-20T09:38:11+00:00\",\"description\":\"Dise\u00f1amos y producimos eventos corporativos para empresas que buscan impactar, comunicar y conectar. Congresos, convenciones, lanzamientos y eventos empresariales a medida.\",\"breadcrumb\":{\"@id\":\"https:\/\/gmevents.es\/eventos-corporativos\/#breadcrumb\"},\"inLanguage\":\"en-GB\",\"potentialAction\":[{\"@type\":\"ReadAction\",\"target\":[\"https:\/\/gmevents.es\/eventos-corporativos\/\"]}]},{\"@type\":\"BreadcrumbList\",\"@id\":\"https:\/\/gmevents.es\/eventos-corporativos\/#breadcrumb\",\"itemListElement\":[{\"@type\":\"ListItem\",\"position\":1,\"name\":\"Portada\",\"item\":\"https:\/\/gmevents.es\/\"},{\"@type\":\"ListItem\",\"position\":2,\"name\":\"Eventos corporativos\"}]},{\"@type\":\"WebSite\",\"@id\":\"https:\/\/gmevents.es\/#website\",\"url\":\"https:\/\/gmevents.es\/\",\"name\":\"GM Events Sports Experiences\",\"description\":\"\",\"potentialAction\":[{\"@type\":\"SearchAction\",\"target\":{\"@type\":\"EntryPoint\",\"urlTemplate\":\"https:\/\/gmevents.es\/?s={search_term_string}\"},\"query-input\":{\"@type\":\"PropertyValueSpecification\",\"valueRequired\":true,\"valueName\":\"search_term_string\"}}],\"inLanguage\":\"en-GB\"}]}<\/script>\n<!-- \/ Yoast SEO plugin. -->","yoast_head_json":{"title":"Eventos corporativos para empresas | Producci\u00f3n y organizaci\u00f3n profesional","description":"Dise\u00f1amos y producimos eventos corporativos para empresas que buscan impactar, comunicar y conectar. Congresos, convenciones, lanzamientos y eventos empresariales a medida.","robots":{"index":"index","follow":"follow","max-snippet":"max-snippet:-1","max-image-preview":"max-image-preview:large","max-video-preview":"max-video-preview:-1"},"canonical":"https:\/\/gmevents.es\/en\/eventos-corporativos\/","og_locale":"en_GB","og_type":"article","og_title":"Eventos corporativos para empresas | Producci\u00f3n y organizaci\u00f3n profesional","og_description":"Dise\u00f1amos y producimos eventos corporativos para empresas que buscan impactar, comunicar y conectar. Congresos, convenciones, lanzamientos y eventos empresariales a medida.","og_url":"https:\/\/gmevents.es\/en\/eventos-corporativos\/","og_site_name":"GM Events Sports Experiences","article_modified_time":"2026-02-20T09:38:11+00:00","twitter_card":"summary_large_image","schema":{"@context":"https:\/\/schema.org","@graph":[{"@type":"WebPage","@id":"https:\/\/gmevents.es\/eventos-corporativos\/","url":"https:\/\/gmevents.es\/eventos-corporativos\/","name":"Eventos corporativos para empresas | Producci\u00f3n y organizaci\u00f3n profesional","isPartOf":{"@id":"https:\/\/gmevents.es\/#website"},"datePublished":"2026-02-10T10:57:02+00:00","dateModified":"2026-02-20T09:38:11+00:00","description":"Dise\u00f1amos y producimos eventos corporativos para empresas que buscan impactar, comunicar y conectar. Congresos, convenciones, lanzamientos y eventos empresariales a medida.","breadcrumb":{"@id":"https:\/\/gmevents.es\/eventos-corporativos\/#breadcrumb"},"inLanguage":"en-GB","potentialAction":[{"@type":"ReadAction","target":["https:\/\/gmevents.es\/eventos-corporativos\/"]}]},{"@type":"BreadcrumbList","@id":"https:\/\/gmevents.es\/eventos-corporativos\/#breadcrumb","itemListElement":[{"@type":"ListItem","position":1,"name":"Portada","item":"https:\/\/gmevents.es\/"},{"@type":"ListItem","position":2,"name":"Eventos corporativos"}]},{"@type":"WebSite","@id":"https:\/\/gmevents.es\/#website","url":"https:\/\/gmevents.es\/","name":"GM Events Sports Experiences","description":"","potentialAction":[{"@type":"SearchAction","target":{"@type":"EntryPoint","urlTemplate":"https:\/\/gmevents.es\/?s={search_term_string}"},"query-input":{"@type":"PropertyValueSpecification","valueRequired":true,"valueName":"search_term_string"}}],"inLanguage":"en-GB"}]}},"_links":{"self":[{"href":"https:\/\/gmevents.es\/en\/wp-json\/wp\/v2\/pages\/35","targetHints":{"allow":["GET"]}}],"collection":[{"href":"https:\/\/gmevents.es\/en\/wp-json\/wp\/v2\/pages"}],"about":[{"href":"https:\/\/gmevents.es\/en\/wp-json\/wp\/v2\/types\/page"}],"author":[{"embeddable":true,"href":"https:\/\/gmevents.es\/en\/wp-json\/wp\/v2\/users\/1"}],"replies":[{"embeddable":true,"href":"https:\/\/gmevents.es\/en\/wp-json\/wp\/v2\/comments?post=35"}],"version-history":[{"count":22,"href":"https:\/\/gmevents.es\/en\/wp-json\/wp\/v2\/pages\/35\/revisions"}],"predecessor-version":[{"id":612,"href":"https:\/\/gmevents.es\/en\/wp-json\/wp\/v2\/pages\/35\/revisions\/612"}],"wp:attachment":[{"href":"https:\/\/gmevents.es\/en\/wp-json\/wp\/v2\/media?parent=35"}],"curies":[{"name":"wp","href":"https:\/\/api.w.org\/{rel}","templated":true}]}}