{"id":40,"date":"2026-02-10T10:58:00","date_gmt":"2026-02-10T10:58:00","guid":{"rendered":"https:\/\/gmevents.es\/?page_id=40"},"modified":"2026-02-20T09:39:15","modified_gmt":"2026-02-20T09:39:15","slug":"eventos-deportivos","status":"publish","type":"page","link":"https:\/\/gmevents.es\/en\/eventos-deportivos\/","title":{"rendered":"Sporting events"},"content":{"rendered":"<p>[et_pb_section fb_built=\u00bb1&#8243; _builder_version=\u00bb4.27.5&#8243; _module_preset=\u00bbdefault\u00bb custom_margin=\u00bb35px||||false|false\u00bb custom_padding=\u00bb3px||44px||false|false\u00bb locked=\u00bboff\u00bb global_colors_info=\u00bb{}\u00bb][et_pb_row _builder_version=\u00bb4.27.5&#8243; _module_preset=\u00bbdefault\u00bb global_colors_info=\u00bb{}\u00bb][et_pb_column type=\u00bb4_4&#8243; _builder_version=\u00bb4.27.5&#8243; _module_preset=\u00bbdefault\u00bb global_colors_info=\u00bb{}\u00bb][et_pb_text _builder_version=\u00bb4.27.5&#8243; _module_preset=\u00bbdefault\u00bb text_text_color=\u00bb#5e5e5e\u00bb text_font_size=\u00bb16px\u00bb text_line_height=\u00bb1.8em\u00bb custom_margin=\u00bb||10px|||\u00bb global_colors_info=\u00bb{}\u00bb]<\/p>\n<p>GM Events &amp; Sports Experiences<\/p>\n<p>[\/et_pb_text][et_pb_divider color=\u00bb#5e5e5e\u00bb divider_weight=\u00bb4px\u00bb _builder_version=\u00bb4.27.5&#8243; _module_preset=\u00bbdefault\u00bb width=\u00bb60px\u00bb custom_margin=\u00bb||0px||false|false\u00bb global_colors_info=\u00bb{}\u00bb][\/et_pb_divider][et_pb_text module_class=\u00bbgradientblue\u00bb _builder_version=\u00bb4.27.5&#8243; _module_preset=\u00bb1da4c4f2-8e53-4788-a9f5-4d073216150a\u00bb header_font=\u00bb|700|||||||\u00bb header_text_color=\u00bb#298bb6&#8243; header_font_size=\u00bb55px\u00bb header_2_font=\u00bbRozha One||||||||\u00bb header_2_text_color=\u00bb#FFFFFF\u00bb header_2_font_size=\u00bb62px\u00bb header_2_line_height=\u00bb1.1em\u00bb custom_margin=\u00bb0px||40px||false|false\u00bb custom_padding=\u00bb0px||||false|false\u00bb header_2_font_size_tablet=\u00bb34px\u00bb header_2_font_size_phone=\u00bb24px\u00bb header_2_font_size_last_edited=\u00bbon|phone\u00bb locked=\u00bboff\u00bb global_colors_info=\u00bb{}\u00bb]<\/p>\n<h1>Eventos deportivos<\/h1>\n<p>[\/et_pb_text][\/et_pb_column][\/et_pb_row][\/et_pb_section][et_pb_section fb_built=\u00bb1&#8243; _builder_version=\u00bb4.27.5&#8243; _module_preset=\u00bbdefault\u00bb background_image=\u00bbhttps:\/\/gmevents.es\/wp-content\/uploads\/2026\/02\/circulos-grises2.png\u00bb background_size=\u00bbcustom\u00bb background_position=\u00bbtop_right\u00bb background_horizontal_offset=\u00bb-40%\u00bb background_vertical_offset=\u00bb10%\u00bb custom_margin=\u00bb0px||||false|false\u00bb custom_padding=\u00bb0px||||false|false\u00bb locked=\u00bboff\u00bb global_colors_info=\u00bb{}\u00bb][et_pb_row column_structure=\u00bb3_5,2_5&#8243; custom_padding_last_edited=\u00bbon|phone\u00bb _builder_version=\u00bb4.27.5&#8243; _module_preset=\u00bbdefault\u00bb background_color=\u00bb#00638e\u00bb overflow-x=\u00bbvisible\u00bb overflow-y=\u00bbvisible\u00bb custom_margin=\u00bb-80px|auto||auto|false|false\u00bb custom_padding=\u00bb0px|60px|0px|60px|false|true\u00bb custom_padding_tablet=\u00bb30px|30px|30px|30px|false|true\u00bb custom_padding_phone=\u00bb20px|20px|20px|20px|true|true\u00bb border_radii=\u00bboff|10px|50px|50px|50px\u00bb locked=\u00bboff\u00bb global_colors_info=\u00bb{}\u00bb][et_pb_column type=\u00bb3_5&#8243; _builder_version=\u00bb4.27.5&#8243; _module_preset=\u00bbdefault\u00bb custom_padding=\u00bb70px||||false|false\u00bb custom_padding_tablet=\u00bb0px||||false|false\u00bb custom_padding_phone=\u00bb0px||||false|false\u00bb custom_padding_last_edited=\u00bbon|tablet\u00bb global_colors_info=\u00bb{}\u00bb][et_pb_text _builder_version=\u00bb4.27.5&#8243; _module_preset=\u00bbdefault\u00bb text_text_color=\u00bb#FFFFFF\u00bb text_font_size=\u00bb16px\u00bb text_line_height=\u00bb1.8em\u00bb global_colors_info=\u00bb{}\u00bb]<\/p>\n<p>En <strong>GM Events &amp; Sports Experiences<\/strong> somos especialistas en la producci\u00f3n y gesti\u00f3n de eventos deportivos. Trabajamos con federaciones, instituciones, entidades p\u00fablicas y empresas que buscan un partner fiable para desarrollar eventos deportivos bien estructurados, seguros y con impacto.<\/p>\n<p>Nuestro enfoque combina planificaci\u00f3n estrat\u00e9gica, gesti\u00f3n t\u00e9cnica y una log\u00edstica cuidada para garantizar que cada evento se desarrolle con fluidez y cumpla sus objetivos.<\/p>\n<p>[\/et_pb_text][\/et_pb_column][et_pb_column type=\u00bb2_5&#8243; _builder_version=\u00bb4.16&#8243; _module_preset=\u00bbdefault\u00bb global_colors_info=\u00bb{}\u00bb][et_pb_image src=\u00bbhttps:\/\/gmevents.es\/wp-content\/uploads\/2026\/02\/cabecera-eventos-deportivos.jpg\u00bb alt=\u00bbCorredores levantando los brazos\u00bb title_text=\u00bbcabecera-eventos-deportivos\u00bb align=\u00bbcenter\u00bb _builder_version=\u00bb4.27.5&#8243; _module_preset=\u00bbdefault\u00bb background_enable_color=\u00bboff\u00bb max_height=\u00bb440px\u00bb custom_margin=\u00bb-60px||10px||false|false\u00bb custom_margin_tablet=\u00bb0px||||false|false\u00bb custom_margin_phone=\u00bb\u00bb custom_margin_last_edited=\u00bbon|tablet\u00bb border_radii=\u00bbon|300px|300px|300px|300px\u00bb border_width_all=\u00bb33px\u00bb border_color_all=\u00bb#e2e2e2&#8243; border_width_all_tablet=\u00bb33px\u00bb border_width_all_phone=\u00bb20px\u00bb border_width_all_last_edited=\u00bbon|phone\u00bb global_colors_info=\u00bb{}\u00bb][\/et_pb_image][\/et_pb_column][\/et_pb_row][et_pb_row admin_label=\u00bbrow\u00bb _builder_version=\u00bb4.27.5&#8243; background_enable_image=\u00bboff\u00bb background_size=\u00bbinitial\u00bb background_position=\u00bbbottom_left\u00bb background_repeat=\u00bbrepeat\u00bb custom_margin=\u00bb30px||||false|false\u00bb custom_padding=\u00bb30px|||||\u00bb locked=\u00bboff\u00bb global_colors_info=\u00bb{}\u00bb][et_pb_column type=\u00bb4_4&#8243; _builder_version=\u00bb4.16&#8243; custom_padding=\u00bb|||\u00bb global_colors_info=\u00bb{}\u00bb custom_padding__hover=\u00bb|||\u00bb][et_pb_text admin_label=\u00bbText\u00bb _builder_version=\u00bb4.27.5&#8243; header_text_align=\u00bbcenter\u00bb header_text_color=\u00bb#000000&#8243; header_font_size=\u00bb37px\u00bb header_line_height=\u00bb1.2em\u00bb header_2_font=\u00bb|800|||||||\u00bb header_2_text_align=\u00bbcenter\u00bb header_2_font_size=\u00bb40px\u00bb width=\u00bb550px\u00bb width_tablet=\u00bb100%\u00bb width_phone=\u00bb\u00bb width_last_edited=\u00bbon|phone\u00bb module_alignment=\u00bbcenter\u00bb global_colors_info=\u00bb{}\u00bb header_2_font_size_phone=\u00bb28px\u00bb header_2_font_size_last_edited=\u00bbon|phone\u00bb background_size=\u00bbinitial\u00bb background_position=\u00bbtop_left\u00bb background_repeat=\u00bbrepeat\u00bb header_2_font_size_tablet=\u00bb40px\u00bb]<\/p>\n<h2>Experiencia en eventos deportivos de distinto formato<\/h2>\n<p>[\/et_pb_text][et_pb_text _builder_version=\u00bb4.27.5&#8243; _module_preset=\u00bbdefault\u00bb text_font=\u00bb|600|||||||\u00bb text_font_size=\u00bb16px\u00bb text_orientation=\u00bbcenter\u00bb width=\u00bb60%\u00bb width_tablet=\u00bb100%\u00bb width_phone=\u00bb100%\u00bb width_last_edited=\u00bbon|tablet\u00bb module_alignment=\u00bbcenter\u00bb global_colors_info=\u00bb{}\u00bb]Dise\u00f1amos y producimos eventos deportivos adaptados a cada disciplina, espacio y p\u00fablico. Desde competiciones de gran formato hasta eventos deportivos m\u00e1s espec\u00edficos, abordamos cada proyecto con una visi\u00f3n global y una ejecuci\u00f3n precisa.<\/p>\n<p>Nuestro equipo entiende las particularidades del entorno deportivo y trabaja para anticiparse a las necesidades t\u00e9cnicas, organizativas y log\u00edsticas que este tipo de eventos requieren.[\/et_pb_text][et_pb_image src=\u00bbhttps:\/\/gmevents.es\/wp-content\/uploads\/2026\/02\/circulos-azules.png\u00bb alt=\u00bb5 c\u00edrculos azules\u00bb title_text=\u00bbcirculos-azules\u00bb align=\u00bbcenter\u00bb _builder_version=\u00bb4.27.5&#8243; _module_preset=\u00bbdefault\u00bb global_colors_info=\u00bb{}\u00bb][\/et_pb_image][\/et_pb_column][\/et_pb_row][et_pb_row _builder_version=\u00bb4.27.5&#8243; _module_preset=\u00bbdefault\u00bb global_colors_info=\u00bb{}\u00bb][et_pb_column type=\u00bb4_4&#8243; _builder_version=\u00bb4.27.5&#8243; _module_preset=\u00bbdefault\u00bb global_colors_info=\u00bb{}\u00bb][et_pb_blurb title=\u00bbTorneos, carreras y competiciones deportivas\u00bb image=\u00bbhttps:\/\/gmevents.es\/wp-content\/uploads\/2026\/02\/eventos-deportivos-moduloH2-1.jpg\u00bb alt=\u00bbCorredora con una pancarta\u00bb content_max_width=\u00bb100%\u00bb module_class=\u00bbmoduloH2&#8243; _builder_version=\u00bb4.27.5&#8243; _module_preset=\u00bbdefault\u00bb header_level=\u00bbh2&#8243; header_font=\u00bb|800|||||||\u00bb header_font_size=\u00bb35px\u00bb body_text_align=\u00bbleft\u00bb background_enable_color=\u00bboff\u00bb module_alignment=\u00bbcenter\u00bb custom_margin=\u00bb||30px||false|false\u00bb custom_margin_tablet=\u00bb||30px||false|false\u00bb custom_margin_phone=\u00bb|0%|30px||false|false\u00bb custom_margin_last_edited=\u00bbon|desktop\u00bb custom_padding=\u00bb10px||10px|12px|false|false\u00bb custom_padding_tablet=\u00bb10px||10px|12px|false|false\u00bb custom_padding_phone=\u00bb|10px||10px|true|true\u00bb custom_padding_last_edited=\u00bbon|phone\u00bb header_font_size_tablet=\u00bb22px\u00bb header_font_size_phone=\u00bb18px\u00bb header_font_size_last_edited=\u00bbon|phone\u00bb border_radii=\u00bboff|270px|||270px\u00bb border_width_left=\u00bb14px\u00bb border_color_left=\u00bb#7a7a7a\u00bb border_radii_tablet=\u00bboff|270px|||270px\u00bb border_radii_phone=\u00bboff|150px|150px||0px\u00bb border_radii_last_edited=\u00bbon|phone\u00bb border_width_left_tablet=\u00bb0px\u00bb border_width_left_phone=\u00bb0px\u00bb border_width_left_last_edited=\u00bbon|phone\u00bb border_color_left_tablet=\u00bb#7a7a7a\u00bb border_color_left_phone=\u00bb#e8e8e8&#8243; border_color_left_last_edited=\u00bbon|phone\u00bb locked=\u00bboff\u00bb global_colors_info=\u00bb{}\u00bb]<\/p>\n<p>Organizamos torneos, carreras y competiciones deportivas cuidando cada fase del proceso. Nos encargamos de la planificaci\u00f3n, la coordinaci\u00f3n de equipos, la gesti\u00f3n de tiempos y la adaptaci\u00f3n del evento al entorno en el que se desarrolla.<\/p>\n<p>La seguridad, la experiencia de los participantes y el correcto desarrollo del evento son siempre una prioridad en nuestro trabajo.<\/p>\n<p>[\/et_pb_blurb][\/et_pb_column][\/et_pb_row][et_pb_row _builder_version=\u00bb4.27.5&#8243; _module_preset=\u00bbdefault\u00bb global_colors_info=\u00bb{}\u00bb][et_pb_column type=\u00bb4_4&#8243; _builder_version=\u00bb4.27.5&#8243; _module_preset=\u00bbdefault\u00bb global_colors_info=\u00bb{}\u00bb][et_pb_blurb title=\u00bbEventos deportivos para empresas e instituciones\u00bb image=\u00bbhttps:\/\/gmevents.es\/wp-content\/uploads\/2026\/02\/eventos-deportivos-moduloH2-2.jpg\u00bb alt=\u00bbPersonas en la salida de una carrera\u00bb content_max_width=\u00bb100%\u00bb module_class=\u00bbmoduloH2 contrario\u00bb _builder_version=\u00bb4.27.5&#8243; _module_preset=\u00bbdefault\u00bb header_level=\u00bbh2&#8243; header_font=\u00bb|700|||||||\u00bb header_font_size=\u00bb22px\u00bb body_text_align=\u00bbleft\u00bb custom_margin=\u00bb||30px||false|false\u00bb header_font_size_tablet=\u00bb22px\u00bb header_font_size_phone=\u00bb18px\u00bb header_font_size_last_edited=\u00bbon|phone\u00bb border_radii=\u00bboff||270px|270px|\u00bb border_width_right=\u00bb14px\u00bb border_color_right=\u00bb#7a7a7a\u00bb border_radii_tablet=\u00bboff||270px|270px|\u00bb border_radii_phone=\u00bboff|150px|150px|0px|\u00bb border_radii_last_edited=\u00bbon|phone\u00bb border_width_right_tablet=\u00bb0px\u00bb border_width_right_phone=\u00bb0px\u00bb border_width_right_last_edited=\u00bbon|phone\u00bb border_color_right_tablet=\u00bb#7a7a7a\u00bb border_color_right_phone=\u00bb#e8e8e8&#8243; border_color_right_last_edited=\u00bbon|phone\u00bb locked=\u00bboff\u00bb global_colors_info=\u00bb{}\u00bb]<\/p>\n<p>Desarrollamos eventos deportivos promovidos por empresas e instituciones como herramienta de comunicaci\u00f3n, cohesi\u00f3n o proyecci\u00f3n de marca. Estos eventos permiten conectar con el p\u00fablico desde valores como el esfuerzo, el trabajo en equipo y la superaci\u00f3n.<\/p>\n<p>Dise\u00f1amos cada proyecto teniendo en cuenta los objetivos estrat\u00e9gicos y el impacto que se desea generar.<\/p>\n<p>[\/et_pb_blurb][\/et_pb_column][\/et_pb_row][et_pb_row _builder_version=\u00bb4.27.5&#8243; _module_preset=\u00bbdefault\u00bb global_colors_info=\u00bb{}\u00bb][et_pb_column type=\u00bb4_4&#8243; _builder_version=\u00bb4.27.5&#8243; _module_preset=\u00bbdefault\u00bb global_colors_info=\u00bb{}\u00bb][et_pb_blurb title=\u00bbProducci\u00f3n t\u00e9cnica y log\u00edstica aplicada al deporte\u00bb image=\u00bbhttps:\/\/gmevents.es\/wp-content\/uploads\/2026\/02\/eventos-deportivos-moduloH2-3.jpg\u00bb alt=\u00bbTres mujeres en un podio con medallas\u00bb content_max_width=\u00bb100%\u00bb module_class=\u00bbmoduloH2&#8243; _builder_version=\u00bb4.27.5&#8243; _module_preset=\u00bbdefault\u00bb header_level=\u00bbh2&#8243; header_font=\u00bb|800|||||||\u00bb header_font_size=\u00bb35px\u00bb body_text_align=\u00bbleft\u00bb background_enable_color=\u00bboff\u00bb module_alignment=\u00bbcenter\u00bb custom_margin=\u00bb||30px||false|false\u00bb custom_margin_tablet=\u00bb||30px||false|false\u00bb custom_margin_phone=\u00bb|0%|30px||false|false\u00bb custom_margin_last_edited=\u00bbon|desktop\u00bb custom_padding=\u00bb10px||10px|12px|false|false\u00bb custom_padding_tablet=\u00bb10px||10px|12px|false|false\u00bb custom_padding_phone=\u00bb|10px||10px|true|true\u00bb custom_padding_last_edited=\u00bbon|phone\u00bb header_font_size_tablet=\u00bb22px\u00bb header_font_size_phone=\u00bb18px\u00bb header_font_size_last_edited=\u00bbon|phone\u00bb border_radii=\u00bboff|270px|||270px\u00bb border_width_left=\u00bb14px\u00bb border_color_left=\u00bb#7a7a7a\u00bb border_radii_tablet=\u00bboff|270px|||270px\u00bb border_radii_phone=\u00bboff|150px|150px||0px\u00bb border_radii_last_edited=\u00bbon|phone\u00bb border_width_left_tablet=\u00bb0px\u00bb border_width_left_phone=\u00bb0px\u00bb border_width_left_last_edited=\u00bbon|phone\u00bb border_color_left_tablet=\u00bb#7a7a7a\u00bb border_color_left_phone=\u00bb#e8e8e8&#8243; border_color_left_last_edited=\u00bbon|phone\u00bb locked=\u00bboff\u00bb global_colors_info=\u00bb{}\u00bb]<\/p>\n<p>La producci\u00f3n de eventos deportivos requiere una coordinaci\u00f3n precisa. Gestionamos la log\u00edstica, los montajes, los flujos de participantes y asistentes, as\u00ed como la producci\u00f3n t\u00e9cnica necesaria para que el evento se desarrolle sin imprevistos.<\/p>\n<p>Nuestro equipo supervisa el evento en tiempo real, asegurando que cada elemento funcione correctamente y respondiendo de forma \u00e1gil ante cualquier necesidad.<\/p>\n<p>[\/et_pb_blurb][\/et_pb_column][\/et_pb_row][et_pb_row _builder_version=\u00bb4.27.5&#8243; _module_preset=\u00bbdefault\u00bb global_colors_info=\u00bb{}\u00bb][et_pb_column type=\u00bb4_4&#8243; _builder_version=\u00bb4.27.5&#8243; _module_preset=\u00bbdefault\u00bb global_colors_info=\u00bb{}\u00bb][et_pb_blurb title=\u00bbEventos deportivos que trascienden el propio evento\u00bb image=\u00bbhttps:\/\/gmevents.es\/wp-content\/uploads\/2026\/02\/eventos-deportivos-moduloH2-4.jpg\u00bb alt=\u00bbCiclista llegando a la meta\u00bb content_max_width=\u00bb100%\u00bb module_class=\u00bbmoduloH2 contrario\u00bb _builder_version=\u00bb4.27.5&#8243; _module_preset=\u00bbdefault\u00bb header_level=\u00bbh2&#8243; header_font=\u00bb|700|||||||\u00bb header_font_size=\u00bb22px\u00bb body_text_align=\u00bbleft\u00bb custom_margin=\u00bb||30px||false|false\u00bb header_font_size_tablet=\u00bb22px\u00bb header_font_size_phone=\u00bb18px\u00bb header_font_size_last_edited=\u00bbon|phone\u00bb border_radii=\u00bboff||270px|270px|\u00bb border_width_right=\u00bb14px\u00bb border_color_right=\u00bb#7a7a7a\u00bb border_radii_tablet=\u00bboff||270px|270px|\u00bb border_radii_phone=\u00bboff|150px|150px|0px|\u00bb border_radii_last_edited=\u00bbon|phone\u00bb border_width_right_tablet=\u00bb0px\u00bb border_width_right_phone=\u00bb0px\u00bb border_width_right_last_edited=\u00bbon|phone\u00bb border_color_right_tablet=\u00bb#7a7a7a\u00bb border_color_right_phone=\u00bb#e8e8e8&#8243; border_color_right_last_edited=\u00bbon|phone\u00bb locked=\u00bboff\u00bb global_colors_info=\u00bb{}\u00bb]Nuestro objetivo es que cada evento deportivo deje huella. Trabajamos para que la experiencia sea positiva tanto para los participantes como para el p\u00fablico y las entidades organizadoras.<\/p>\n<p>Entendemos el evento como una herramienta de comunicaci\u00f3n y proyecci\u00f3n que va m\u00e1s all\u00e1 del d\u00eda en el que se celebra.[\/et_pb_blurb][\/et_pb_column][\/et_pb_row][et_pb_row _builder_version=\u00bb4.27.5&#8243; _module_preset=\u00bbdefault\u00bb global_colors_info=\u00bb{}\u00bb][et_pb_column type=\u00bb4_4&#8243; _builder_version=\u00bb4.27.5&#8243; _module_preset=\u00bbdefault\u00bb global_colors_info=\u00bb{}\u00bb][et_pb_blurb title=\u00bbUn partner especializado en eventos deportivos\u00bb image=\u00bbhttps:\/\/gmevents.es\/wp-content\/uploads\/2026\/02\/eventos-deportivos-moduloH2-5.jpg\u00bb alt=\u00bbPelot\u00f3n ciclista\u00bb content_max_width=\u00bb100%\u00bb module_class=\u00bbmoduloH2&#8243; _builder_version=\u00bb4.27.5&#8243; _module_preset=\u00bbdefault\u00bb header_level=\u00bbh2&#8243; header_font=\u00bb|800|||||||\u00bb header_font_size=\u00bb35px\u00bb body_text_align=\u00bbleft\u00bb background_enable_color=\u00bboff\u00bb module_alignment=\u00bbcenter\u00bb custom_margin=\u00bb||30px||false|false\u00bb custom_margin_tablet=\u00bb||30px||false|false\u00bb custom_margin_phone=\u00bb|0%|30px||false|false\u00bb custom_margin_last_edited=\u00bbon|desktop\u00bb custom_padding=\u00bb10px||10px|12px|false|false\u00bb custom_padding_tablet=\u00bb10px||10px|12px|false|false\u00bb custom_padding_phone=\u00bb|10px||10px|true|true\u00bb custom_padding_last_edited=\u00bbon|phone\u00bb header_font_size_tablet=\u00bb22px\u00bb header_font_size_phone=\u00bb18px\u00bb header_font_size_last_edited=\u00bbon|phone\u00bb border_radii=\u00bboff|270px|||270px\u00bb border_width_left=\u00bb14px\u00bb border_color_left=\u00bb#7a7a7a\u00bb border_radii_tablet=\u00bboff|270px|||270px\u00bb border_radii_phone=\u00bboff|150px|150px||0px\u00bb border_radii_last_edited=\u00bbon|phone\u00bb border_width_left_tablet=\u00bb0px\u00bb border_width_left_phone=\u00bb0px\u00bb border_width_left_last_edited=\u00bbon|phone\u00bb border_color_left_tablet=\u00bb#7a7a7a\u00bb border_color_left_phone=\u00bb#e8e8e8&#8243; border_color_left_last_edited=\u00bbon|phone\u00bb locked=\u00bboff\u00bb global_colors_info=\u00bb{}\u00bb]<\/p>\n<p>Acompa\u00f1amos a nuestros clientes como partner estrat\u00e9gico en la organizaci\u00f3n de eventos deportivos, aportando experiencia, criterio y una gesti\u00f3n profesional en cada fase del proyecto.<\/p>\n<p>[\/et_pb_blurb][\/et_pb_column][\/et_pb_row][\/et_pb_section]<\/p>\n","protected":false},"excerpt":{"rendered":"<p>GM Events &amp; Sports ExperiencesEventos deportivosEn GM Events &amp; Sports Experiences somos especialistas en la producci\u00f3n y gesti\u00f3n de eventos deportivos. Trabajamos con federaciones, instituciones, entidades p\u00fablicas y empresas que buscan un partner fiable para desarrollar eventos deportivos bien estructurados, seguros y con impacto. Nuestro enfoque combina planificaci\u00f3n estrat\u00e9gica, gesti\u00f3n t\u00e9cnica y una log\u00edstica cuidada [&hellip;]<\/p>\n","protected":false},"author":1,"featured_media":0,"parent":0,"menu_order":0,"comment_status":"closed","ping_status":"closed","template":"","meta":{"_et_pb_use_builder":"on","_et_pb_old_content":"","_et_gb_content_width":"","footnotes":""},"class_list":["post-40","page","type-page","status-publish","hentry"],"yoast_head":"<!-- This site is optimized with the Yoast SEO plugin v27.2 - https:\/\/yoast.com\/product\/yoast-seo-wordpress\/ -->\n<title>Eventos deportivos | Organizaci\u00f3n y producci\u00f3n profesional de eventos deportivos<\/title>\n<meta name=\"description\" content=\"Empresa especializada en la organizaci\u00f3n y producci\u00f3n de eventos deportivos. Gestionamos torneos, carreras y proyectos deportivos con un enfoque t\u00e9cnico, log\u00edstico y estrat\u00e9gico.\" \/>\n<meta name=\"robots\" content=\"index, follow, max-snippet:-1, max-image-preview:large, max-video-preview:-1\" \/>\n<link rel=\"canonical\" href=\"https:\/\/gmevents.es\/en\/eventos-deportivos\/\" \/>\n<meta property=\"og:locale\" content=\"en_GB\" \/>\n<meta property=\"og:type\" content=\"article\" \/>\n<meta property=\"og:title\" content=\"Eventos deportivos | Organizaci\u00f3n y producci\u00f3n profesional de eventos deportivos\" \/>\n<meta property=\"og:description\" content=\"Empresa especializada en la organizaci\u00f3n y producci\u00f3n de eventos deportivos. Gestionamos torneos, carreras y proyectos deportivos con un enfoque t\u00e9cnico, log\u00edstico y estrat\u00e9gico.\" \/>\n<meta property=\"og:url\" content=\"https:\/\/gmevents.es\/en\/eventos-deportivos\/\" \/>\n<meta property=\"og:site_name\" content=\"GM Events Sports Experiences\" \/>\n<meta property=\"article:modified_time\" content=\"2026-02-20T09:39:15+00:00\" \/>\n<meta name=\"twitter:card\" content=\"summary_large_image\" \/>\n<script type=\"application\/ld+json\" class=\"yoast-schema-graph\">{\"@context\":\"https:\/\/schema.org\",\"@graph\":[{\"@type\":\"WebPage\",\"@id\":\"https:\/\/gmevents.es\/eventos-deportivos\/\",\"url\":\"https:\/\/gmevents.es\/eventos-deportivos\/\",\"name\":\"Eventos deportivos | Organizaci\u00f3n y producci\u00f3n profesional de eventos deportivos\",\"isPartOf\":{\"@id\":\"https:\/\/gmevents.es\/#website\"},\"datePublished\":\"2026-02-10T10:58:00+00:00\",\"dateModified\":\"2026-02-20T09:39:15+00:00\",\"description\":\"Empresa especializada en la organizaci\u00f3n y producci\u00f3n de eventos deportivos. Gestionamos torneos, carreras y proyectos deportivos con un enfoque t\u00e9cnico, log\u00edstico y estrat\u00e9gico.\",\"breadcrumb\":{\"@id\":\"https:\/\/gmevents.es\/eventos-deportivos\/#breadcrumb\"},\"inLanguage\":\"en-GB\",\"potentialAction\":[{\"@type\":\"ReadAction\",\"target\":[\"https:\/\/gmevents.es\/eventos-deportivos\/\"]}]},{\"@type\":\"BreadcrumbList\",\"@id\":\"https:\/\/gmevents.es\/eventos-deportivos\/#breadcrumb\",\"itemListElement\":[{\"@type\":\"ListItem\",\"position\":1,\"name\":\"Portada\",\"item\":\"https:\/\/gmevents.es\/\"},{\"@type\":\"ListItem\",\"position\":2,\"name\":\"Eventos deportivos\"}]},{\"@type\":\"WebSite\",\"@id\":\"https:\/\/gmevents.es\/#website\",\"url\":\"https:\/\/gmevents.es\/\",\"name\":\"GM Events Sports Experiences\",\"description\":\"\",\"potentialAction\":[{\"@type\":\"SearchAction\",\"target\":{\"@type\":\"EntryPoint\",\"urlTemplate\":\"https:\/\/gmevents.es\/?s={search_term_string}\"},\"query-input\":{\"@type\":\"PropertyValueSpecification\",\"valueRequired\":true,\"valueName\":\"search_term_string\"}}],\"inLanguage\":\"en-GB\"}]}<\/script>\n<!-- \/ Yoast SEO plugin. -->","yoast_head_json":{"title":"Eventos deportivos | Organizaci\u00f3n y producci\u00f3n profesional de eventos deportivos","description":"Empresa especializada en la organizaci\u00f3n y producci\u00f3n de eventos deportivos. Gestionamos torneos, carreras y proyectos deportivos con un enfoque t\u00e9cnico, log\u00edstico y estrat\u00e9gico.","robots":{"index":"index","follow":"follow","max-snippet":"max-snippet:-1","max-image-preview":"max-image-preview:large","max-video-preview":"max-video-preview:-1"},"canonical":"https:\/\/gmevents.es\/en\/eventos-deportivos\/","og_locale":"en_GB","og_type":"article","og_title":"Eventos deportivos | Organizaci\u00f3n y producci\u00f3n profesional de eventos deportivos","og_description":"Empresa especializada en la organizaci\u00f3n y producci\u00f3n de eventos deportivos. Gestionamos torneos, carreras y proyectos deportivos con un enfoque t\u00e9cnico, log\u00edstico y estrat\u00e9gico.","og_url":"https:\/\/gmevents.es\/en\/eventos-deportivos\/","og_site_name":"GM Events Sports Experiences","article_modified_time":"2026-02-20T09:39:15+00:00","twitter_card":"summary_large_image","schema":{"@context":"https:\/\/schema.org","@graph":[{"@type":"WebPage","@id":"https:\/\/gmevents.es\/eventos-deportivos\/","url":"https:\/\/gmevents.es\/eventos-deportivos\/","name":"Eventos deportivos | Organizaci\u00f3n y producci\u00f3n profesional de eventos deportivos","isPartOf":{"@id":"https:\/\/gmevents.es\/#website"},"datePublished":"2026-02-10T10:58:00+00:00","dateModified":"2026-02-20T09:39:15+00:00","description":"Empresa especializada en la organizaci\u00f3n y producci\u00f3n de eventos deportivos. Gestionamos torneos, carreras y proyectos deportivos con un enfoque t\u00e9cnico, log\u00edstico y estrat\u00e9gico.","breadcrumb":{"@id":"https:\/\/gmevents.es\/eventos-deportivos\/#breadcrumb"},"inLanguage":"en-GB","potentialAction":[{"@type":"ReadAction","target":["https:\/\/gmevents.es\/eventos-deportivos\/"]}]},{"@type":"BreadcrumbList","@id":"https:\/\/gmevents.es\/eventos-deportivos\/#breadcrumb","itemListElement":[{"@type":"ListItem","position":1,"name":"Portada","item":"https:\/\/gmevents.es\/"},{"@type":"ListItem","position":2,"name":"Eventos deportivos"}]},{"@type":"WebSite","@id":"https:\/\/gmevents.es\/#website","url":"https:\/\/gmevents.es\/","name":"GM Events Sports Experiences","description":"","potentialAction":[{"@type":"SearchAction","target":{"@type":"EntryPoint","urlTemplate":"https:\/\/gmevents.es\/?s={search_term_string}"},"query-input":{"@type":"PropertyValueSpecification","valueRequired":true,"valueName":"search_term_string"}}],"inLanguage":"en-GB"}]}},"_links":{"self":[{"href":"https:\/\/gmevents.es\/en\/wp-json\/wp\/v2\/pages\/40","targetHints":{"allow":["GET"]}}],"collection":[{"href":"https:\/\/gmevents.es\/en\/wp-json\/wp\/v2\/pages"}],"about":[{"href":"https:\/\/gmevents.es\/en\/wp-json\/wp\/v2\/types\/page"}],"author":[{"embeddable":true,"href":"https:\/\/gmevents.es\/en\/wp-json\/wp\/v2\/users\/1"}],"replies":[{"embeddable":true,"href":"https:\/\/gmevents.es\/en\/wp-json\/wp\/v2\/comments?post=40"}],"version-history":[{"count":14,"href":"https:\/\/gmevents.es\/en\/wp-json\/wp\/v2\/pages\/40\/revisions"}],"predecessor-version":[{"id":613,"href":"https:\/\/gmevents.es\/en\/wp-json\/wp\/v2\/pages\/40\/revisions\/613"}],"wp:attachment":[{"href":"https:\/\/gmevents.es\/en\/wp-json\/wp\/v2\/media?parent=40"}],"curies":[{"name":"wp","href":"https:\/\/api.w.org\/{rel}","templated":true}]}}