{"id":48,"date":"2026-02-10T10:59:00","date_gmt":"2026-02-10T10:59:00","guid":{"rendered":"https:\/\/gmevents.es\/?page_id=48"},"modified":"2026-03-02T18:44:50","modified_gmt":"2026-03-02T18:44:50","slug":"servicios-partner","status":"publish","type":"page","link":"https:\/\/gmevents.es\/en\/servicios-partner\/","title":{"rendered":"Partner services"},"content":{"rendered":"<p>[et_pb_section fb_built=\u00bb1&#8243; _builder_version=\u00bb4.27.5&#8243; _module_preset=\u00bbdefault\u00bb custom_margin=\u00bb35px||||false|false\u00bb custom_padding=\u00bb3px||44px||false|false\u00bb locked=\u00bboff\u00bb global_colors_info=\u00bb{}\u00bb][et_pb_row _builder_version=\u00bb4.27.5&#8243; _module_preset=\u00bbdefault\u00bb global_colors_info=\u00bb{}\u00bb][et_pb_column type=\u00bb4_4&#8243; _builder_version=\u00bb4.27.5&#8243; _module_preset=\u00bbdefault\u00bb global_colors_info=\u00bb{}\u00bb][et_pb_text _builder_version=\u00bb4.27.5&#8243; _module_preset=\u00bbdefault\u00bb text_text_color=\u00bb#5e5e5e\u00bb text_font_size=\u00bb16px\u00bb text_line_height=\u00bb1.8em\u00bb custom_margin=\u00bb||10px|||\u00bb global_colors_info=\u00bb{}\u00bb]<\/p>\n<p>GM Events &amp; Sports Experiences<\/p>\n<p>[\/et_pb_text][et_pb_divider color=\u00bb#5e5e5e\u00bb divider_weight=\u00bb4px\u00bb _builder_version=\u00bb4.27.5&#8243; _module_preset=\u00bbdefault\u00bb width=\u00bb60px\u00bb custom_margin=\u00bb||0px||false|false\u00bb global_colors_info=\u00bb{}\u00bb][\/et_pb_divider][et_pb_text module_class=\u00bbgradientblue\u00bb _builder_version=\u00bb4.27.5&#8243; _module_preset=\u00bb1da4c4f2-8e53-4788-a9f5-4d073216150a\u00bb header_font=\u00bb|700|||||||\u00bb header_text_color=\u00bb#298bb6&#8243; header_font_size=\u00bb55px\u00bb header_2_font=\u00bbRozha One||||||||\u00bb header_2_text_color=\u00bb#FFFFFF\u00bb header_2_font_size=\u00bb62px\u00bb header_2_line_height=\u00bb1.1em\u00bb custom_margin=\u00bb0px||40px||false|false\u00bb custom_padding=\u00bb0px||||false|false\u00bb header_2_font_size_tablet=\u00bb34px\u00bb header_2_font_size_phone=\u00bb24px\u00bb header_2_font_size_last_edited=\u00bbon|phone\u00bb locked=\u00bboff\u00bb global_colors_info=\u00bb{}\u00bb]<\/p>\n<h1>Servicios partner<\/h1>\n<p>[\/et_pb_text][\/et_pb_column][\/et_pb_row][\/et_pb_section][et_pb_section fb_built=\u00bb1&#8243; _builder_version=\u00bb4.27.5&#8243; _module_preset=\u00bbdefault\u00bb background_image=\u00bbhttps:\/\/gmevents.es\/wp-content\/uploads\/2026\/02\/circulos-grises2.png\u00bb background_size=\u00bbcustom\u00bb background_position=\u00bbtop_right\u00bb background_horizontal_offset=\u00bb-40%\u00bb background_vertical_offset=\u00bb10%\u00bb custom_margin=\u00bb0px||||false|false\u00bb custom_padding=\u00bb0px||||false|false\u00bb locked=\u00bboff\u00bb global_colors_info=\u00bb{}\u00bb][et_pb_row column_structure=\u00bb3_5,2_5&#8243; custom_padding_last_edited=\u00bbon|phone\u00bb _builder_version=\u00bb4.27.5&#8243; _module_preset=\u00bbdefault\u00bb background_color=\u00bb#00638e\u00bb overflow-x=\u00bbvisible\u00bb overflow-y=\u00bbvisible\u00bb custom_margin=\u00bb-80px|auto||auto|false|false\u00bb custom_padding=\u00bb0px|60px|0px|60px|false|true\u00bb custom_padding_tablet=\u00bb30px|30px|30px|30px|false|true\u00bb custom_padding_phone=\u00bb20px|20px|20px|20px|true|true\u00bb border_radii=\u00bboff|10px|50px|50px|50px\u00bb locked=\u00bboff\u00bb global_colors_info=\u00bb{}\u00bb][et_pb_column type=\u00bb3_5&#8243; _builder_version=\u00bb4.27.5&#8243; _module_preset=\u00bbdefault\u00bb custom_padding=\u00bb70px||||false|false\u00bb custom_padding_tablet=\u00bb0px||||false|false\u00bb custom_padding_phone=\u00bb0px||||false|false\u00bb custom_padding_last_edited=\u00bbon|tablet\u00bb global_colors_info=\u00bb{}\u00bb][et_pb_text _builder_version=\u00bb4.27.5&#8243; _module_preset=\u00bbdefault\u00bb text_text_color=\u00bb#FFFFFF\u00bb text_font_size=\u00bb16px\u00bb text_line_height=\u00bb1.8em\u00bb global_colors_info=\u00bb{}\u00bb]<\/p>\n<p>En <strong>GM Events &amp; Sports Experiences<\/strong> colaboramos con nuestros clientes como partner de producci\u00f3n, integr\u00e1ndonos en proyectos ya en marcha o aportando servicios espec\u00edficos all\u00ed donde se necesita refuerzo t\u00e9cnico, log\u00edstico o creativo.<\/p>\n<p>Nuestro enfoque es flexible y colaborativo, adapt\u00e1ndonos a la estructura del proyecto y aportando valor real en cada intervenci\u00f3n.<\/p>\n<p>[\/et_pb_text][\/et_pb_column][et_pb_column type=\u00bb2_5&#8243; _builder_version=\u00bb4.16&#8243; _module_preset=\u00bbdefault\u00bb global_colors_info=\u00bb{}\u00bb][et_pb_image src=\u00bbhttps:\/\/gmevents.es\/wp-content\/uploads\/2026\/02\/cabecera-servicios-partner.jpg\u00bb alt=\u00bbPremios para un evento deportivo\u00bb title_text=\u00bbcabecera-servicios-partner\u00bb align=\u00bbcenter\u00bb _builder_version=\u00bb4.27.5&#8243; _module_preset=\u00bbdefault\u00bb background_enable_color=\u00bboff\u00bb max_height=\u00bb440px\u00bb custom_margin=\u00bb-60px||10px||false|false\u00bb custom_margin_tablet=\u00bb0px||||false|false\u00bb custom_margin_phone=\u00bb\u00bb custom_margin_last_edited=\u00bbon|tablet\u00bb border_radii=\u00bbon|300px|300px|300px|300px\u00bb border_width_all=\u00bb33px\u00bb border_color_all=\u00bb#e2e2e2&#8243; border_width_all_tablet=\u00bb33px\u00bb border_width_all_phone=\u00bb20px\u00bb border_width_all_last_edited=\u00bbon|phone\u00bb global_colors_info=\u00bb{}\u00bb][\/et_pb_image][\/et_pb_column][\/et_pb_row][et_pb_row admin_label=\u00bbrow\u00bb _builder_version=\u00bb4.27.5&#8243; background_enable_image=\u00bboff\u00bb background_size=\u00bbinitial\u00bb background_position=\u00bbbottom_left\u00bb background_repeat=\u00bbrepeat\u00bb custom_margin=\u00bb30px||||false|false\u00bb custom_padding=\u00bb30px|||||\u00bb locked=\u00bboff\u00bb global_colors_info=\u00bb{}\u00bb][et_pb_column type=\u00bb4_4&#8243; _builder_version=\u00bb4.16&#8243; custom_padding=\u00bb|||\u00bb global_colors_info=\u00bb{}\u00bb custom_padding__hover=\u00bb|||\u00bb][et_pb_text admin_label=\u00bbText\u00bb _builder_version=\u00bb4.27.5&#8243; header_text_align=\u00bbcenter\u00bb header_text_color=\u00bb#000000&#8243; header_font_size=\u00bb37px\u00bb header_line_height=\u00bb1.2em\u00bb header_2_font=\u00bb|800|||||||\u00bb header_2_text_align=\u00bbcenter\u00bb header_2_font_size=\u00bb40px\u00bb background_size=\u00bbinitial\u00bb background_position=\u00bbtop_left\u00bb background_repeat=\u00bbrepeat\u00bb width=\u00bb550px\u00bb width_tablet=\u00bb100%\u00bb width_phone=\u00bb\u00bb width_last_edited=\u00bbon|phone\u00bb module_alignment=\u00bbcenter\u00bb header_2_font_size_tablet=\u00bb40px\u00bb header_2_font_size_phone=\u00bb28px\u00bb header_2_font_size_last_edited=\u00bbon|phone\u00bb global_colors_info=\u00bb{}\u00bb]<\/p>\n<h2>Producci\u00f3n gr\u00e1fica e impresi\u00f3n para eventos<\/h2>\n<p>[\/et_pb_text][et_pb_text _builder_version=\u00bb4.27.5&#8243; _module_preset=\u00bbdefault\u00bb text_font=\u00bb|600|||||||\u00bb text_font_size=\u00bb16px\u00bb text_orientation=\u00bbcenter\u00bb width=\u00bb60%\u00bb width_tablet=\u00bb100%\u00bb width_phone=\u00bb100%\u00bb width_last_edited=\u00bbon|tablet\u00bb module_alignment=\u00bbcenter\u00bb global_colors_info=\u00bb{}\u00bb]Desarrollamos soluciones gr\u00e1ficas adaptadas a eventos corporativos, deportivos e institucionales, cuidando tanto el dise\u00f1o como la producci\u00f3n final.<\/p>\n<p>Trabajamos con distintos formatos y soportes para garantizar coherencia visual y una correcta integraci\u00f3n de la imagen del evento en el espacio.[\/et_pb_text][et_pb_image src=\u00bbhttps:\/\/gmevents.es\/wp-content\/uploads\/2026\/02\/circulos-azules.png\u00bb alt=\u00bb5 c\u00edrculos azules\u00bb title_text=\u00bbcirculos-azules\u00bb align=\u00bbcenter\u00bb _builder_version=\u00bb4.27.5&#8243; _module_preset=\u00bbdefault\u00bb global_colors_info=\u00bb{}\u00bb][\/et_pb_image][et_pb_text _builder_version=\u00bb4.27.5&#8243; _module_preset=\u00bbdefault\u00bb text_font=\u00bb|600|||||||\u00bb text_font_size=\u00bb16px\u00bb header_3_font=\u00bb|700|||||||\u00bb text_orientation=\u00bbcenter\u00bb width=\u00bb60%\u00bb width_tablet=\u00bb100%\u00bb width_phone=\u00bb100%\u00bb width_last_edited=\u00bbon|tablet\u00bb module_alignment=\u00bbcenter\u00bb global_colors_info=\u00bb{}\u00bb]<\/p>\n<h3>Elementos gr\u00e1ficos y visuales<\/h3>\n<p>Producimos vinilos de corte y de impresi\u00f3n, carteler\u00eda, displays, lonas y roll-ups, as\u00ed como traseras, photocalls y estructuras visuales pensadas para destacar y reforzar la identidad del evento.<br \/>Tambi\u00e9n desarrollamos elementos tridimensionales y soluciones decorativas adaptadas a cada proyecto.<\/p>\n<p>[\/et_pb_text][et_pb_image src=\u00bbhttps:\/\/gmevents.es\/wp-content\/uploads\/2026\/02\/circulos-azules.png\u00bb alt=\u00bb5 c\u00edrculos azules\u00bb title_text=\u00bbcirculos-azules\u00bb align=\u00bbcenter\u00bb _builder_version=\u00bb4.27.5&#8243; _module_preset=\u00bbdefault\u00bb global_colors_info=\u00bb{}\u00bb][\/et_pb_image][\/et_pb_column][\/et_pb_row][et_pb_row _builder_version=\u00bb4.27.5&#8243; _module_preset=\u00bbdefault\u00bb global_colors_info=\u00bb{}\u00bb][et_pb_column type=\u00bb4_4&#8243; _builder_version=\u00bb4.27.5&#8243; _module_preset=\u00bbdefault\u00bb global_colors_info=\u00bb{}\u00bb][et_pb_blurb title=\u00bbLog\u00edstica, transporte e instalaci\u00f3n\u00bb image=\u00bbhttps:\/\/gmevents.es\/wp-content\/uploads\/2026\/03\/stand3.jpg\u00bb alt=\u00bbHombre corriendo en una carrera\u00bb content_max_width=\u00bb100%\u00bb module_class=\u00bbmoduloH2 sinImagen\u00bb _builder_version=\u00bb4.27.5&#8243; _module_preset=\u00bbdefault\u00bb header_level=\u00bbh2&#8243; header_font=\u00bb|800|||||||\u00bb header_font_size=\u00bb35px\u00bb body_text_align=\u00bbleft\u00bb background_enable_color=\u00bboff\u00bb module_alignment=\u00bbcenter\u00bb custom_margin=\u00bb||30px||false|false\u00bb custom_margin_tablet=\u00bb||30px||false|false\u00bb custom_margin_phone=\u00bb|0%|30px||false|false\u00bb custom_margin_last_edited=\u00bbon|desktop\u00bb custom_padding=\u00bb10px||10px|12px|false|false\u00bb custom_padding_tablet=\u00bb10px||10px|12px|false|false\u00bb custom_padding_phone=\u00bb|10px||10px|true|true\u00bb custom_padding_last_edited=\u00bbon|phone\u00bb hover_enabled=\u00bb0&#8243; header_font_size_tablet=\u00bb22px\u00bb header_font_size_phone=\u00bb18px\u00bb header_font_size_last_edited=\u00bbon|phone\u00bb border_radii=\u00bboff|270px|||270px\u00bb border_width_left=\u00bb14px\u00bb border_color_left=\u00bb#7a7a7a\u00bb border_radii_tablet=\u00bboff|270px|||270px\u00bb border_radii_phone=\u00bboff|150px|150px||0px\u00bb border_radii_last_edited=\u00bbon|phone\u00bb border_width_left_tablet=\u00bb0px\u00bb border_width_left_phone=\u00bb0px\u00bb border_width_left_last_edited=\u00bbon|phone\u00bb border_color_left_tablet=\u00bb#7a7a7a\u00bb border_color_left_phone=\u00bb#e8e8e8&#8243; border_color_left_last_edited=\u00bbon|phone\u00bb locked=\u00bboff\u00bb global_colors_info=\u00bb{}\u00bb title_text=\u00bbstand3&#8243; sticky_enabled=\u00bb0&#8243;]Ofrecemos servicios de log\u00edstica y montaje como parte de proyectos globales o de forma independiente. Nos encargamos del transporte de materiales, la instalaci\u00f3n por personal propio y la coordinaci\u00f3n de equipos durante el montaje.<\/p>\n<p>Este servicio permite a nuestros clientes contar con un \u00fanico interlocutor para resolver aspectos clave del evento.[\/et_pb_blurb][\/et_pb_column][\/et_pb_row][et_pb_row _builder_version=\u00bb4.27.5&#8243; _module_preset=\u00bbdefault\u00bb global_colors_info=\u00bb{}\u00bb][et_pb_column type=\u00bb4_4&#8243; _builder_version=\u00bb4.27.5&#8243; _module_preset=\u00bbdefault\u00bb global_colors_info=\u00bb{}\u00bb][et_pb_blurb title=\u00bbProducci\u00f3n t\u00e9cnica como servicio partner\u00bb image=\u00bbhttps:\/\/gmevents.es\/wp-content\/uploads\/2026\/02\/produccion-tecnica-eventos.jpg\u00bb alt=\u00bbVarias personas en un podio\u00bb content_max_width=\u00bb100%\u00bb module_class=\u00bbmoduloH2 contrario sinImagen\u00bb _builder_version=\u00bb4.27.5&#8243; _module_preset=\u00bbdefault\u00bb header_level=\u00bbh2&#8243; header_font=\u00bb|700|||||||\u00bb header_font_size=\u00bb22px\u00bb body_text_align=\u00bbleft\u00bb custom_margin=\u00bb||30px||false|false\u00bb header_font_size_tablet=\u00bb22px\u00bb header_font_size_phone=\u00bb18px\u00bb header_font_size_last_edited=\u00bbon|phone\u00bb border_radii=\u00bboff||270px|270px|\u00bb border_width_right=\u00bb14px\u00bb border_color_right=\u00bb#7a7a7a\u00bb border_radii_tablet=\u00bboff||270px|270px|\u00bb border_radii_phone=\u00bboff|150px|150px|0px|\u00bb border_radii_last_edited=\u00bbon|phone\u00bb border_width_right_tablet=\u00bb0px\u00bb border_width_right_phone=\u00bb0px\u00bb border_width_right_last_edited=\u00bbon|phone\u00bb border_color_right_tablet=\u00bb#7a7a7a\u00bb border_color_right_phone=\u00bb#e8e8e8&#8243; border_color_right_last_edited=\u00bbon|phone\u00bb locked=\u00bboff\u00bb global_colors_info=\u00bb{}\u00bb]Nos integramos como apoyo en la producci\u00f3n t\u00e9cnica del evento, aportando experiencia en la gesti\u00f3n de tiempos, recursos y equipos.<\/p>\n<p>Este servicio est\u00e1 pensado para agencias, productoras o entidades que necesitan un partner fiable en fases concretas del proyecto, manteniendo siempre un alto nivel de exigencia.[\/et_pb_blurb][\/et_pb_column][\/et_pb_row][et_pb_row _builder_version=\u00bb4.27.5&#8243; _module_preset=\u00bbdefault\u00bb global_colors_info=\u00bb{}\u00bb][et_pb_column type=\u00bb4_4&#8243; _builder_version=\u00bb4.27.5&#8243; _module_preset=\u00bbdefault\u00bb global_colors_info=\u00bb{}\u00bb][et_pb_blurb title=\u00bbUn apoyo flexible para proyectos exigentes\u00bb image=\u00bbhttps:\/\/gmevents.es\/wp-content\/uploads\/2026\/03\/stand1.jpg\u00bb alt=\u00bbPersonas en la salida de una carrera\u00bb content_max_width=\u00bb100%\u00bb module_class=\u00bbmoduloH2 sinImagen\u00bb _builder_version=\u00bb4.27.5&#8243; _module_preset=\u00bbdefault\u00bb header_level=\u00bbh2&#8243; header_font=\u00bb|800|||||||\u00bb header_font_size=\u00bb35px\u00bb body_text_align=\u00bbleft\u00bb background_enable_color=\u00bboff\u00bb module_alignment=\u00bbcenter\u00bb custom_margin=\u00bb||30px||false|false\u00bb custom_margin_tablet=\u00bb||30px||false|false\u00bb custom_margin_phone=\u00bb|0%|30px||false|false\u00bb custom_margin_last_edited=\u00bbon|desktop\u00bb custom_padding=\u00bb10px||10px|12px|false|false\u00bb custom_padding_tablet=\u00bb10px||10px|12px|false|false\u00bb custom_padding_phone=\u00bb|10px||10px|true|true\u00bb custom_padding_last_edited=\u00bbon|phone\u00bb hover_enabled=\u00bb0&#8243; header_font_size_tablet=\u00bb22px\u00bb header_font_size_phone=\u00bb18px\u00bb header_font_size_last_edited=\u00bbon|phone\u00bb border_radii=\u00bboff|270px|||270px\u00bb border_width_left=\u00bb14px\u00bb border_color_left=\u00bb#7a7a7a\u00bb border_radii_tablet=\u00bboff|270px|||270px\u00bb border_radii_phone=\u00bboff|150px|150px||0px\u00bb border_radii_last_edited=\u00bbon|phone\u00bb border_width_left_tablet=\u00bb0px\u00bb border_width_left_phone=\u00bb0px\u00bb border_width_left_last_edited=\u00bbon|phone\u00bb border_color_left_tablet=\u00bb#7a7a7a\u00bb border_color_left_phone=\u00bb#e8e8e8&#8243; border_color_left_last_edited=\u00bbon|phone\u00bb locked=\u00bboff\u00bb global_colors_info=\u00bb{}\u00bb title_text=\u00bbstand1&#8243; sticky_enabled=\u00bb0&#8243;]Nuestro servicio partner est\u00e1 orientado a proyectos que requieren soluciones concretas y una ejecuci\u00f3n profesional. Nos adaptamos al alcance del trabajo y a la din\u00e1mica del equipo con el que colaboramos, aportando criterio, experiencia y capacidad de respuesta.[\/et_pb_blurb][\/et_pb_column][\/et_pb_row][et_pb_row _builder_version=\u00bb4.27.5&#8243; _module_preset=\u00bbdefault\u00bb global_colors_info=\u00bb{}\u00bb][et_pb_column type=\u00bb4_4&#8243; _builder_version=\u00bb4.27.5&#8243; _module_preset=\u00bbdefault\u00bb global_colors_info=\u00bb{}\u00bb][et_pb_blurb title=\u00bbColaboraci\u00f3n basada en confianza y resultados\u00bb image=\u00bbhttps:\/\/gmevents.es\/wp-content\/uploads\/2026\/02\/podio.jpg\u00bb alt=\u00bbCiclistas bajando un puerto\u00bb content_max_width=\u00bb100%\u00bb module_class=\u00bbmoduloH2 contrario sinImagen\u00bb _builder_version=\u00bb4.27.5&#8243; _module_preset=\u00bbdefault\u00bb header_level=\u00bbh2&#8243; header_font=\u00bb|700|||||||\u00bb header_font_size=\u00bb22px\u00bb body_text_align=\u00bbleft\u00bb custom_margin=\u00bb||30px||false|false\u00bb header_font_size_tablet=\u00bb22px\u00bb header_font_size_phone=\u00bb18px\u00bb header_font_size_last_edited=\u00bbon|phone\u00bb border_radii=\u00bboff||270px|270px|\u00bb border_width_right=\u00bb14px\u00bb border_color_right=\u00bb#7a7a7a\u00bb border_radii_tablet=\u00bboff||270px|270px|\u00bb border_radii_phone=\u00bboff|150px|150px|0px|\u00bb border_radii_last_edited=\u00bbon|phone\u00bb border_width_right_tablet=\u00bb0px\u00bb border_width_right_phone=\u00bb0px\u00bb border_width_right_last_edited=\u00bbon|phone\u00bb border_color_right_tablet=\u00bb#7a7a7a\u00bb border_color_right_phone=\u00bb#e8e8e8&#8243; border_color_right_last_edited=\u00bbon|phone\u00bb locked=\u00bboff\u00bb global_colors_info=\u00bb{}\u00bb]Trabajamos como un aliado estrat\u00e9gico, entendiendo que la colaboraci\u00f3n eficaz se basa en la comunicaci\u00f3n, la transparencia y el cumplimiento de objetivos.<\/p>\n<p>Nuestro compromiso es sumar valor al proyecto y facilitar que el evento se desarrolle con \u00e9xito.[\/et_pb_blurb][\/et_pb_column][\/et_pb_row][\/et_pb_section]<\/p>\n","protected":false},"excerpt":{"rendered":"<p>GM Events &amp; Sports ExperiencesServicios partnerEn GM Events &amp; Sports Experiences colaboramos con nuestros clientes como partner de producci\u00f3n, integr\u00e1ndonos en proyectos ya en marcha o aportando servicios espec\u00edficos all\u00ed donde se necesita refuerzo t\u00e9cnico, log\u00edstico o creativo. Nuestro enfoque es flexible y colaborativo, adapt\u00e1ndonos a la estructura del proyecto y aportando valor real en [&hellip;]<\/p>\n","protected":false},"author":1,"featured_media":0,"parent":0,"menu_order":0,"comment_status":"closed","ping_status":"closed","template":"","meta":{"_et_pb_use_builder":"on","_et_pb_old_content":"","_et_gb_content_width":"","footnotes":""},"class_list":["post-48","page","type-page","status-publish","hentry"],"yoast_head":"<!-- This site is optimized with the Yoast SEO plugin v27.2 - https:\/\/yoast.com\/product\/yoast-seo-wordpress\/ -->\n<title>Servicios partner para eventos | Producci\u00f3n gr\u00e1fica, log\u00edstica y montaje<\/title>\n<meta name=\"description\" content=\"Servicios partner para eventos corporativos y deportivos. Producci\u00f3n gr\u00e1fica, impresi\u00f3n, log\u00edstica y montaje integrados en proyectos de eventos profesionales.\" \/>\n<meta name=\"robots\" content=\"index, follow, max-snippet:-1, max-image-preview:large, max-video-preview:-1\" \/>\n<link rel=\"canonical\" href=\"https:\/\/gmevents.es\/en\/servicios-partner\/\" \/>\n<meta property=\"og:locale\" content=\"en_GB\" \/>\n<meta property=\"og:type\" content=\"article\" \/>\n<meta property=\"og:title\" content=\"Servicios partner para eventos | Producci\u00f3n gr\u00e1fica, log\u00edstica y montaje\" \/>\n<meta property=\"og:description\" content=\"Servicios partner para eventos corporativos y deportivos. Producci\u00f3n gr\u00e1fica, impresi\u00f3n, log\u00edstica y montaje integrados en proyectos de eventos profesionales.\" \/>\n<meta property=\"og:url\" content=\"https:\/\/gmevents.es\/en\/servicios-partner\/\" \/>\n<meta property=\"og:site_name\" content=\"GM Events Sports Experiences\" \/>\n<meta property=\"article:modified_time\" content=\"2026-03-02T18:44:50+00:00\" \/>\n<meta name=\"twitter:card\" content=\"summary_large_image\" \/>\n<script type=\"application\/ld+json\" class=\"yoast-schema-graph\">{\"@context\":\"https:\/\/schema.org\",\"@graph\":[{\"@type\":\"WebPage\",\"@id\":\"https:\/\/gmevents.es\/servicios-partner\/\",\"url\":\"https:\/\/gmevents.es\/servicios-partner\/\",\"name\":\"Servicios partner para eventos | Producci\u00f3n gr\u00e1fica, log\u00edstica y montaje\",\"isPartOf\":{\"@id\":\"https:\/\/gmevents.es\/#website\"},\"datePublished\":\"2026-02-10T10:59:00+00:00\",\"dateModified\":\"2026-03-02T18:44:50+00:00\",\"description\":\"Servicios partner para eventos corporativos y deportivos. Producci\u00f3n gr\u00e1fica, impresi\u00f3n, log\u00edstica y montaje integrados en proyectos de eventos profesionales.\",\"breadcrumb\":{\"@id\":\"https:\/\/gmevents.es\/servicios-partner\/#breadcrumb\"},\"inLanguage\":\"en-GB\",\"potentialAction\":[{\"@type\":\"ReadAction\",\"target\":[\"https:\/\/gmevents.es\/servicios-partner\/\"]}]},{\"@type\":\"BreadcrumbList\",\"@id\":\"https:\/\/gmevents.es\/servicios-partner\/#breadcrumb\",\"itemListElement\":[{\"@type\":\"ListItem\",\"position\":1,\"name\":\"Portada\",\"item\":\"https:\/\/gmevents.es\/\"},{\"@type\":\"ListItem\",\"position\":2,\"name\":\"Servicios partner\"}]},{\"@type\":\"WebSite\",\"@id\":\"https:\/\/gmevents.es\/#website\",\"url\":\"https:\/\/gmevents.es\/\",\"name\":\"GM Events Sports Experiences\",\"description\":\"\",\"potentialAction\":[{\"@type\":\"SearchAction\",\"target\":{\"@type\":\"EntryPoint\",\"urlTemplate\":\"https:\/\/gmevents.es\/?s={search_term_string}\"},\"query-input\":{\"@type\":\"PropertyValueSpecification\",\"valueRequired\":true,\"valueName\":\"search_term_string\"}}],\"inLanguage\":\"en-GB\"}]}<\/script>\n<!-- \/ Yoast SEO plugin. -->","yoast_head_json":{"title":"Servicios partner para eventos | Producci\u00f3n gr\u00e1fica, log\u00edstica y montaje","description":"Servicios partner para eventos corporativos y deportivos. Producci\u00f3n gr\u00e1fica, impresi\u00f3n, log\u00edstica y montaje integrados en proyectos de eventos profesionales.","robots":{"index":"index","follow":"follow","max-snippet":"max-snippet:-1","max-image-preview":"max-image-preview:large","max-video-preview":"max-video-preview:-1"},"canonical":"https:\/\/gmevents.es\/en\/servicios-partner\/","og_locale":"en_GB","og_type":"article","og_title":"Servicios partner para eventos | Producci\u00f3n gr\u00e1fica, log\u00edstica y montaje","og_description":"Servicios partner para eventos corporativos y deportivos. Producci\u00f3n gr\u00e1fica, impresi\u00f3n, log\u00edstica y montaje integrados en proyectos de eventos profesionales.","og_url":"https:\/\/gmevents.es\/en\/servicios-partner\/","og_site_name":"GM Events Sports Experiences","article_modified_time":"2026-03-02T18:44:50+00:00","twitter_card":"summary_large_image","schema":{"@context":"https:\/\/schema.org","@graph":[{"@type":"WebPage","@id":"https:\/\/gmevents.es\/servicios-partner\/","url":"https:\/\/gmevents.es\/servicios-partner\/","name":"Servicios partner para eventos | Producci\u00f3n gr\u00e1fica, log\u00edstica y montaje","isPartOf":{"@id":"https:\/\/gmevents.es\/#website"},"datePublished":"2026-02-10T10:59:00+00:00","dateModified":"2026-03-02T18:44:50+00:00","description":"Servicios partner para eventos corporativos y deportivos. Producci\u00f3n gr\u00e1fica, impresi\u00f3n, log\u00edstica y montaje integrados en proyectos de eventos profesionales.","breadcrumb":{"@id":"https:\/\/gmevents.es\/servicios-partner\/#breadcrumb"},"inLanguage":"en-GB","potentialAction":[{"@type":"ReadAction","target":["https:\/\/gmevents.es\/servicios-partner\/"]}]},{"@type":"BreadcrumbList","@id":"https:\/\/gmevents.es\/servicios-partner\/#breadcrumb","itemListElement":[{"@type":"ListItem","position":1,"name":"Portada","item":"https:\/\/gmevents.es\/"},{"@type":"ListItem","position":2,"name":"Servicios partner"}]},{"@type":"WebSite","@id":"https:\/\/gmevents.es\/#website","url":"https:\/\/gmevents.es\/","name":"GM Events Sports Experiences","description":"","potentialAction":[{"@type":"SearchAction","target":{"@type":"EntryPoint","urlTemplate":"https:\/\/gmevents.es\/?s={search_term_string}"},"query-input":{"@type":"PropertyValueSpecification","valueRequired":true,"valueName":"search_term_string"}}],"inLanguage":"en-GB"}]}},"_links":{"self":[{"href":"https:\/\/gmevents.es\/en\/wp-json\/wp\/v2\/pages\/48","targetHints":{"allow":["GET"]}}],"collection":[{"href":"https:\/\/gmevents.es\/en\/wp-json\/wp\/v2\/pages"}],"about":[{"href":"https:\/\/gmevents.es\/en\/wp-json\/wp\/v2\/types\/page"}],"author":[{"embeddable":true,"href":"https:\/\/gmevents.es\/en\/wp-json\/wp\/v2\/users\/1"}],"replies":[{"embeddable":true,"href":"https:\/\/gmevents.es\/en\/wp-json\/wp\/v2\/comments?post=48"}],"version-history":[{"count":8,"href":"https:\/\/gmevents.es\/en\/wp-json\/wp\/v2\/pages\/48\/revisions"}],"predecessor-version":[{"id":804,"href":"https:\/\/gmevents.es\/en\/wp-json\/wp\/v2\/pages\/48\/revisions\/804"}],"wp:attachment":[{"href":"https:\/\/gmevents.es\/en\/wp-json\/wp\/v2\/media?parent=48"}],"curies":[{"name":"wp","href":"https:\/\/api.w.org\/{rel}","templated":true}]}}